{"id":49084,"date":"2024-04-06T04:03:14","date_gmt":"2024-04-06T04:03:14","guid":{"rendered":"https:\/\/e.kosmolat.eu\/product\/organic-mimi-kerm-skrubis-lifting-mango-coffee-250-g\/"},"modified":"2026-04-15T07:35:41","modified_gmt":"2026-04-15T07:35:41","slug":"organic-mimi-kerm-skrubis-lifting-mango-coffee-250-g","status":"publish","type":"product","link":"https:\/\/e.kosmolat.eu\/lv\/product\/organic-mimi-kerm-skrubis-lifting-mango-coffee-250-g\/","title":{"rendered":"Organic Mimi \u0136erm. skrubis Lifting Mango &#038; Coffee, 250 g"},"content":{"rendered":"<p>\u0136erme\u0146a skrubis uz cukura, j\u016bras s\u0101ls un maltas kafijas b\u0101zes uzlabo \u0101das elast\u012bbu un tvirtumu, nostiprinot to un padarot samtain\u0101ku un glud\u0101ku.<\/p>\n<ul>\n<li><strong>Cukurs un j\u016bras s\u0101ls<\/strong> dzi\u013ci att\u012bra un noloba \u0101du, neboj\u0101jot un nekairinot to.<\/li>\n<li><strong>Dab\u012bg\u0101 kafija<\/strong> izl\u012bdzina \u0101das toni, nostiprina un padara to elast\u012bg\u0101ku.<\/li>\n<li><strong>Organiskais mango sviests&nbsp;un kokosriekstu e\u013c\u013ca<\/strong>&nbsp;mitrina un baro \u0101du, m\u012bkstinot to un padarot to samtainu.<\/li>\n<\/ul>\n<p><strong>Lieto&scaron;ana: <\/strong>uzkl\u0101t uz mitras \u0101das, maigi iemas\u0113t un noskalot ar siltu \u016bdeni. Tikai \u0101r\u012bgai lieto&scaron;anai.<br \/>\n&nbsp;<\/p>\n","protected":false},"excerpt":{"rendered":"<p>\u0136erme\u0146a skrubis uz cukura, j\u016bras s\u0101ls un maltas kafijas b\u0101zes uzlabo \u0101das elast\u012bbu un tvirtumu, nostiprinot to un padarot samtain\u0101ku un glud\u0101ku. Cukurs un j\u016bras s\u0101ls dzi\u013ci att\u012bra un noloba \u0101du, neboj\u0101jot un nekairinot to. Dab\u012bg\u0101 kafija izl\u012bdzina \u0101das toni, nostiprina un padara to elast\u012bg\u0101ku. Organiskais mango sviests&nbsp;un kokosriekstu e\u013c\u013ca&nbsp;mitrina un baro \u0101du, m\u012bkstinot to [&#8230;]\n","protected":false},"featured_media":90774,"template":"","meta":[],"product_cat":[1357],"product_tag":[],"class_list":{"0":"post-49084","1":"product","2":"type-product","3":"status-publish","4":"has-post-thumbnail","6":"product_brand-ecolab_cs","7":"product_cat-skrubji-un-pilingi-kermenim","9":"first","10":"instock","11":"taxable","12":"shipping-taxable","13":"product-type-simple"},"_links":{"self":[{"href":"https:\/\/e.kosmolat.eu\/lv\/wp-json\/wp\/v2\/product\/49084","targetHints":{"allow":["GET"]}}],"collection":[{"href":"https:\/\/e.kosmolat.eu\/lv\/wp-json\/wp\/v2\/product"}],"about":[{"href":"https:\/\/e.kosmolat.eu\/lv\/wp-json\/wp\/v2\/types\/product"}],"wp:featuredmedia":[{"embeddable":true,"href":"https:\/\/e.kosmolat.eu\/lv\/wp-json\/wp\/v2\/media\/90774"}],"wp:attachment":[{"href":"https:\/\/e.kosmolat.eu\/lv\/wp-json\/wp\/v2\/media?parent=49084"}],"wp:term":[{"taxonomy":"product_cat","embeddable":true,"href":"https:\/\/e.kosmolat.eu\/lv\/wp-json\/wp\/v2\/product_cat?post=49084"},{"taxonomy":"product_tag","embeddable":true,"href":"https:\/\/e.kosmolat.eu\/lv\/wp-json\/wp\/v2\/product_tag?post=49084"}],"curies":[{"name":"wp","href":"https:\/\/api.w.org\/{rel}","templated":true}]}}