{"id":49076,"date":"2024-04-06T04:03:02","date_gmt":"2024-04-06T04:03:02","guid":{"rendered":"https:\/\/e.kosmolat.eu\/product\/organic-mimi-kerm-skrubis-dzems-coconut-raspberry-250-g\/"},"modified":"2026-04-15T07:35:28","modified_gmt":"2026-04-15T07:35:28","slug":"organic-mimi-kerm-skrubis-dzems-coconut-raspberry-250-g","status":"publish","type":"product","link":"https:\/\/e.kosmolat.eu\/lv\/product\/organic-mimi-kerm-skrubis-dzems-coconut-raspberry-250-g\/","title":{"rendered":"Organic Mimi \u0136erm. skrubis-d\u017eems Coconut &#038; Raspberry, 250 g"},"content":{"rendered":"<p>\u0136erme\u0146a skrubis uz ave\u0146u un kokosriekstu organisk\u0101s e\u013c\u013cas b\u0101zes ir lieliska izv\u0113le maigai jut\u012bgas \u0101das att\u012br\u012b&scaron;anai.<\/p>\n<ul>\n<li><strong>Cukurs <\/strong>dzi\u013ci att\u012bra un noloba \u0101du, neboj\u0101jot un nekairinot to.&nbsp;<\/li>\n<li><strong>Avenes <\/strong>pies\u0101tina \u0101du ar vitam\u012bniem un miner\u0101lviel\u0101m.<\/li>\n<li><strong>Organisk\u0101 kokosriekstu e\u013c\u013ca<\/strong> baro un mitrina \u0101du, palielina \u0101das turgoru un elast\u012bbu, mazinot sausumu un lob\u012b&scaron;anos.<\/li>\n<\/ul>\n<p><strong>Lieto&scaron;ana: <\/strong>uzkl\u0101t uz mitras \u0101das, maigi iemas\u0113t un noskalot ar siltu \u016bdeni. Tikai \u0101r\u012bgai lieto&scaron;anai.<br \/>\n&nbsp;<\/p>\n","protected":false},"excerpt":{"rendered":"<p>\u0136erme\u0146a skrubis uz ave\u0146u un kokosriekstu organisk\u0101s e\u013c\u013cas b\u0101zes ir lieliska izv\u0113le maigai jut\u012bgas \u0101das att\u012br\u012b&scaron;anai. Cukurs dzi\u013ci att\u012bra un noloba \u0101du, neboj\u0101jot un nekairinot to.&nbsp; Avenes pies\u0101tina \u0101du ar vitam\u012bniem un miner\u0101lviel\u0101m. Organisk\u0101 kokosriekstu e\u013c\u013ca baro un mitrina \u0101du, palielina \u0101das turgoru un elast\u012bbu, mazinot sausumu un lob\u012b&scaron;anos. Lieto&scaron;ana: uzkl\u0101t uz mitras \u0101das, maigi [&#8230;]\n","protected":false},"featured_media":90770,"template":"","meta":[],"product_cat":[1357],"product_tag":[],"class_list":{"0":"post-49076","1":"product","2":"type-product","3":"status-publish","4":"has-post-thumbnail","6":"product_brand-ecolab_cs","7":"product_cat-skrubji-un-pilingi-kermenim","9":"first","10":"instock","11":"taxable","12":"shipping-taxable","13":"product-type-simple"},"_links":{"self":[{"href":"https:\/\/e.kosmolat.eu\/lv\/wp-json\/wp\/v2\/product\/49076","targetHints":{"allow":["GET"]}}],"collection":[{"href":"https:\/\/e.kosmolat.eu\/lv\/wp-json\/wp\/v2\/product"}],"about":[{"href":"https:\/\/e.kosmolat.eu\/lv\/wp-json\/wp\/v2\/types\/product"}],"wp:featuredmedia":[{"embeddable":true,"href":"https:\/\/e.kosmolat.eu\/lv\/wp-json\/wp\/v2\/media\/90770"}],"wp:attachment":[{"href":"https:\/\/e.kosmolat.eu\/lv\/wp-json\/wp\/v2\/media?parent=49076"}],"wp:term":[{"taxonomy":"product_cat","embeddable":true,"href":"https:\/\/e.kosmolat.eu\/lv\/wp-json\/wp\/v2\/product_cat?post=49076"},{"taxonomy":"product_tag","embeddable":true,"href":"https:\/\/e.kosmolat.eu\/lv\/wp-json\/wp\/v2\/product_tag?post=49076"}],"curies":[{"name":"wp","href":"https:\/\/api.w.org\/{rel}","templated":true}]}}