{"id":49068,"date":"2024-04-06T04:02:34","date_gmt":"2024-04-06T04:02:34","guid":{"rendered":"https:\/\/e.kosmolat.eu\/product\/organic-mimi-kerm-skrubis-anticellulite-red-pepper-rosemary-250-g\/"},"modified":"2026-04-15T07:35:13","modified_gmt":"2026-04-15T07:35:13","slug":"organic-mimi-kerm-skrubis-anticellulite-red-pepper-rosemary-250-g","status":"publish","type":"product","link":"https:\/\/e.kosmolat.eu\/lv\/product\/organic-mimi-kerm-skrubis-anticellulite-red-pepper-rosemary-250-g\/","title":{"rendered":"Organic Mimi \u0136erm. skrubis Anticellulite Red Pepper &#038; Rosemary, 250 g"},"content":{"rendered":"<p>\u0136erme\u0146a skrubis ar sildo&scaron;u efektu uz cukura un j\u016bras s\u0101ls b\u0101zes lieliski c\u012bn\u0101s ar celul\u012btu.<\/p>\n<ul>\n<li><strong>Cukurs un j\u016bras s\u0101ls<\/strong> dzi\u013ci att\u012bra un noloba \u0101du, neboj\u0101jot un nekairinot to.&nbsp;<\/li>\n<li><strong>Sarkano piparu ekstraktam<\/strong> ir sildo&scaron;a iedarb\u012bba un tas nov\u0113r&scaron; &ldquo;apels\u012bna mizas&rdquo; par\u0101d\u012b&scaron;anos uz \u0137erme\u0146a problem\u0101tiskaj\u0101m zon\u0101m.<\/li>\n<li><strong>Rozmar\u012bna \u0113terisk\u0101 e\u013c\u013ca<\/strong> uzlabo \u0101das elast\u012bbu un tvirtumu.<\/li>\n<li><strong>Organiskais &scaron;\u012b sviests<\/strong> baro un mitrina \u0101du atjaunojot t\u0101s aizsargfunkcijas.<\/li>\n<\/ul>\n<p><strong>Lieto&scaron;ana:<\/strong> uzkl\u0101t uz mitras \u0101das, maigi iemas\u0113t un noskalot ar siltu \u016bdeni. Tikai \u0101r\u012bgai lieto&scaron;anai.<br \/>\n&nbsp;<\/p>\n","protected":false},"excerpt":{"rendered":"<p>\u0136erme\u0146a skrubis ar sildo&scaron;u efektu uz cukura un j\u016bras s\u0101ls b\u0101zes lieliski c\u012bn\u0101s ar celul\u012btu. Cukurs un j\u016bras s\u0101ls dzi\u013ci att\u012bra un noloba \u0101du, neboj\u0101jot un nekairinot to.&nbsp; Sarkano piparu ekstraktam ir sildo&scaron;a iedarb\u012bba un tas nov\u0113r&scaron; &ldquo;apels\u012bna mizas&rdquo; par\u0101d\u012b&scaron;anos uz \u0137erme\u0146a problem\u0101tiskaj\u0101m zon\u0101m. Rozmar\u012bna \u0113terisk\u0101 e\u013c\u013ca uzlabo \u0101das elast\u012bbu un tvirtumu. Organiskais &scaron;\u012b sviests [&#8230;]\n","protected":false},"featured_media":104488,"template":"","meta":[],"product_cat":[1360],"product_tag":[],"class_list":{"0":"post-49068","1":"product","2":"type-product","3":"status-publish","4":"has-post-thumbnail","6":"product_brand-ecolab_cs","7":"product_cat-1360","9":"first","10":"instock","11":"taxable","12":"shipping-taxable","13":"product-type-simple"},"_links":{"self":[{"href":"https:\/\/e.kosmolat.eu\/lv\/wp-json\/wp\/v2\/product\/49068","targetHints":{"allow":["GET"]}}],"collection":[{"href":"https:\/\/e.kosmolat.eu\/lv\/wp-json\/wp\/v2\/product"}],"about":[{"href":"https:\/\/e.kosmolat.eu\/lv\/wp-json\/wp\/v2\/types\/product"}],"wp:featuredmedia":[{"embeddable":true,"href":"https:\/\/e.kosmolat.eu\/lv\/wp-json\/wp\/v2\/media\/104488"}],"wp:attachment":[{"href":"https:\/\/e.kosmolat.eu\/lv\/wp-json\/wp\/v2\/media?parent=49068"}],"wp:term":[{"taxonomy":"product_cat","embeddable":true,"href":"https:\/\/e.kosmolat.eu\/lv\/wp-json\/wp\/v2\/product_cat?post=49068"},{"taxonomy":"product_tag","embeddable":true,"href":"https:\/\/e.kosmolat.eu\/lv\/wp-json\/wp\/v2\/product_tag?post=49068"}],"curies":[{"name":"wp","href":"https:\/\/api.w.org\/{rel}","templated":true}]}}