{"id":48959,"date":"2024-04-04T04:27:32","date_gmt":"2024-04-04T04:27:32","guid":{"rendered":"https:\/\/e.kosmolat.eu\/product\/eclu-dusas-zeleja-un-samp-2in1-sport-100-ml\/"},"modified":"2025-09-20T03:30:50","modified_gmt":"2025-09-20T03:30:50","slug":"i_eclu-dusas-zeleja-un-samp-2in1-sport-100-ml","status":"publish","type":"product","link":"https:\/\/e.kosmolat.eu\/lv\/product\/i_eclu-dusas-zeleja-un-samp-2in1-sport-100-ml\/","title":{"rendered":"I_ECLU Du\u0161as \u017eeleja un \u0161amp. 2in1 Sport, 100 ml"},"content":{"rendered":"<p>L\u012bdzeklis maigai \u0137erme\u0146a un matu att\u012br\u012b&scaron;anai. R\u016bp\u012bgi atlas\u012bti dab\u012bgie ekstrakti un e\u013c\u013cas r\u016bp\u0113jas par matiem un mitrina \u0101du.&nbsp;<\/p>\n<p><strong>Akt\u012bv\u0101s sast\u0101vda\u013cas:&nbsp;<\/strong><\/p>\n<ul>\n<li><strong>Greipfr\u016btu e\u013c\u013ca<\/strong> &#8211; dab\u012bgs antioksidants. Atsvaidzina, toniz\u0113 \u0101du un uzlabo noska\u0146ojumu.&nbsp;<\/li>\n<li><strong>Verbenas ekstrakts <\/strong>atjauno un toniz\u0113 \u0101du, padarot to elast\u012bg\u0101ku un pie&scaron;\u0137irot tai svaigu arom\u0101tu. \u0100da k\u013c\u016bst att\u012br\u012bta, barota, elast\u012bg\u0101ka un ieg\u016bst vesel\u012bgu izskatu.<\/li>\n<li><strong>Croton Lechleri sve\u0137u ekstraktam (p\u016b\u0137a asinis), moringas ekstraktam, B5, B6, C un E vitam\u012bniem<\/strong> piem\u012bt augsta antioksidanta aktivit\u0101te un tie uzlabo \u0101das barjeras funkcijas.<\/li>\n<\/ul>\n<p><strong>Lieto&scaron;ana:<\/strong> uzkl\u0101jiet uz mitriem matiem un \u0101das, saputojiet, noskalojiet ar siltu \u016bdeni. Tikai \u0101r\u012bgai lieto&scaron;anai.<br \/>\n&nbsp;<\/p>\n","protected":false},"excerpt":{"rendered":"<p>L\u012bdzeklis maigai \u0137erme\u0146a un matu att\u012br\u012b&scaron;anai. R\u016bp\u012bgi atlas\u012bti dab\u012bgie ekstrakti un e\u013c\u013cas r\u016bp\u0113jas par matiem un mitrina \u0101du.&nbsp; Akt\u012bv\u0101s sast\u0101vda\u013cas:&nbsp; Greipfr\u016btu e\u013c\u013ca &#8211; dab\u012bgs antioksidants. Atsvaidzina, toniz\u0113 \u0101du un uzlabo noska\u0146ojumu.&nbsp; Verbenas ekstrakts atjauno un toniz\u0113 \u0101du, padarot to elast\u012bg\u0101ku un pie&scaron;\u0137irot tai svaigu arom\u0101tu. \u0100da k\u013c\u016bst att\u012br\u012bta, barota, elast\u012bg\u0101ka un ieg\u016bst vesel\u012bgu izskatu. Croton [&#8230;]\n","protected":false},"featured_media":90986,"template":"","meta":[],"product_cat":[1999],"product_tag":[],"class_list":{"0":"post-48959","1":"product","2":"type-product","3":"status-publish","4":"has-post-thumbnail","6":"product_brand-ecolab_cs","7":"product_cat-bez-kategorijas","9":"first","10":"outofstock","11":"taxable","12":"shipping-taxable","13":"product-type-simple"},"_links":{"self":[{"href":"https:\/\/e.kosmolat.eu\/lv\/wp-json\/wp\/v2\/product\/48959","targetHints":{"allow":["GET"]}}],"collection":[{"href":"https:\/\/e.kosmolat.eu\/lv\/wp-json\/wp\/v2\/product"}],"about":[{"href":"https:\/\/e.kosmolat.eu\/lv\/wp-json\/wp\/v2\/types\/product"}],"wp:featuredmedia":[{"embeddable":true,"href":"https:\/\/e.kosmolat.eu\/lv\/wp-json\/wp\/v2\/media\/90986"}],"wp:attachment":[{"href":"https:\/\/e.kosmolat.eu\/lv\/wp-json\/wp\/v2\/media?parent=48959"}],"wp:term":[{"taxonomy":"product_cat","embeddable":true,"href":"https:\/\/e.kosmolat.eu\/lv\/wp-json\/wp\/v2\/product_cat?post=48959"},{"taxonomy":"product_tag","embeddable":true,"href":"https:\/\/e.kosmolat.eu\/lv\/wp-json\/wp\/v2\/product_tag?post=48959"}],"curies":[{"name":"wp","href":"https:\/\/api.w.org\/{rel}","templated":true}]}}