{"id":48951,"date":"2024-04-04T04:27:19","date_gmt":"2024-04-04T04:27:19","guid":{"rendered":"https:\/\/e.kosmolat.eu\/product\/eclu-dusas-zeleja-sea-minerals-matcha-600-ml\/"},"modified":"2026-04-10T07:59:38","modified_gmt":"2026-04-10T07:59:38","slug":"eclu-dusas-zeleja-sea-minerals-matcha-600-ml","status":"publish","type":"product","link":"https:\/\/e.kosmolat.eu\/lv\/product\/eclu-dusas-zeleja-sea-minerals-matcha-600-ml\/","title":{"rendered":"ECLU Du\u0161as \u017eeleja Sea Minerals &#038; Matcha, 600 ml"},"content":{"rendered":"<p>R\u016bp\u012bgi atlas\u012bti dab\u012bgie ekstrakti un e\u013c\u013cas maigi att\u012bra un mitrina \u0101du. Du&scaron;as \u017eeleja atst\u0101j maigu arom\u0101tu uz \u0101das un uzlabo garast\u0101vokli.<\/p>\n<p><strong>Akt\u012bv\u0101s sast\u0101vda\u013cas:<\/strong><\/p>\n<ul>\n<li><strong>J\u016bras miner\u0101li<\/strong> pies\u0101tina \u0101du ar bar\u012bbas viel\u0101m un palielina \u0101das elast\u012bbu.<\/li>\n<li><strong>Matcha za\u013c\u0101s t\u0113jas ekstrakts<\/strong> dzi\u013ci un maigi att\u012bra \u0101du, stimul\u0113 asinsriti, toniz\u0113 un baro \u0101du.&nbsp;<\/li>\n<li><strong>Croton Lechleri sve\u0137u ekstraktam (p\u016b\u0137a asinis)<\/strong>, <strong>moringas ekstraktam,&nbsp;B5, B6, C un&nbsp;E vitamniem&nbsp;<\/strong>piem\u012bt augsta antioksidanta aktivit\u0101te un tie uzlabo \u0101das barjeras funkcijas.<\/li>\n<\/ul>\n<p><strong>Lieto&scaron;ana:<\/strong> uzkl\u0101jiet uz mitras \u0101das, saputojiet, noskalojiet ar siltu \u016bdeni. Tikai \u0101r\u012bgai lieto&scaron;anai.<\/p>\n","protected":false},"excerpt":{"rendered":"<p>R\u016bp\u012bgi atlas\u012bti dab\u012bgie ekstrakti un e\u013c\u013cas maigi att\u012bra un mitrina \u0101du. Du&scaron;as \u017eeleja atst\u0101j maigu arom\u0101tu uz \u0101das un uzlabo garast\u0101vokli. Akt\u012bv\u0101s sast\u0101vda\u013cas: J\u016bras miner\u0101li pies\u0101tina \u0101du ar bar\u012bbas viel\u0101m un palielina \u0101das elast\u012bbu. Matcha za\u013c\u0101s t\u0113jas ekstrakts dzi\u013ci un maigi att\u012bra \u0101du, stimul\u0113 asinsriti, toniz\u0113 un baro \u0101du.&nbsp; Croton Lechleri sve\u0137u ekstraktam (p\u016b\u0137a asinis), [&#8230;]\n","protected":false},"featured_media":90982,"template":"","meta":[],"product_cat":[1689],"product_tag":[],"class_list":{"0":"post-48951","1":"product","2":"type-product","3":"status-publish","4":"has-post-thumbnail","6":"product_brand-ecolab_cs","7":"product_cat-dusas-zelejas","9":"first","10":"instock","11":"taxable","12":"shipping-taxable","13":"product-type-simple"},"_links":{"self":[{"href":"https:\/\/e.kosmolat.eu\/lv\/wp-json\/wp\/v2\/product\/48951","targetHints":{"allow":["GET"]}}],"collection":[{"href":"https:\/\/e.kosmolat.eu\/lv\/wp-json\/wp\/v2\/product"}],"about":[{"href":"https:\/\/e.kosmolat.eu\/lv\/wp-json\/wp\/v2\/types\/product"}],"wp:featuredmedia":[{"embeddable":true,"href":"https:\/\/e.kosmolat.eu\/lv\/wp-json\/wp\/v2\/media\/90982"}],"wp:attachment":[{"href":"https:\/\/e.kosmolat.eu\/lv\/wp-json\/wp\/v2\/media?parent=48951"}],"wp:term":[{"taxonomy":"product_cat","embeddable":true,"href":"https:\/\/e.kosmolat.eu\/lv\/wp-json\/wp\/v2\/product_cat?post=48951"},{"taxonomy":"product_tag","embeddable":true,"href":"https:\/\/e.kosmolat.eu\/lv\/wp-json\/wp\/v2\/product_tag?post=48951"}],"curies":[{"name":"wp","href":"https:\/\/api.w.org\/{rel}","templated":true}]}}