{"id":48943,"date":"2024-04-04T04:27:05","date_gmt":"2024-04-04T04:27:05","guid":{"rendered":"https:\/\/e.kosmolat.eu\/product\/eclu-dusas-zeleja-gel-jojoba-papaya-600-ml\/"},"modified":"2026-04-13T14:05:57","modified_gmt":"2026-04-13T14:05:57","slug":"eclu-dusas-zeleja-gel-jojoba-papaya-600-ml","status":"publish","type":"product","link":"https:\/\/e.kosmolat.eu\/lv\/product\/eclu-dusas-zeleja-gel-jojoba-papaya-600-ml\/","title":{"rendered":"ECLU Du\u0161as \u017eeleja Gel Jojoba &#038; Papaya, 600 ml"},"content":{"rendered":"<p>R\u016bp\u012bgi atlas\u012bti dab\u012bgie ekstrakti un e\u013c\u013cas maigi att\u012bra un mitrina \u0101du. Du&scaron;as \u017eeleja atst\u0101j maigu arom\u0101tu uz \u0101das un uzlabo garast\u0101vokli.<\/p>\n<p><strong>Akt\u012bv\u0101s sast\u0101vda\u013cas:<\/strong><\/p>\n<ul>\n<li><strong>Hohobas e\u013c\u013ca<\/strong> satur E vitam\u012bnu un nepies\u0101tin\u0101tas tauksk\u0101bes, kas veicina \u0101das atjauno&scaron;anos. T\u0101 dzi\u013ci baro un mitrina \u0101du.<\/li>\n<li><strong>Papaijas ekstrakts<\/strong> aizsarg\u0101 \u0101du no apk\u0101rt\u0113j\u0101s vides negat\u012bvas ietekmes un tam ir izteikta nomierino&scaron;a iedarb\u012bba.<\/li>\n<li><strong>Croton Lechleri<\/strong> <strong>sve\u0137u ekstraktam (p\u016b\u0137a asinis), moringas ekstraktam, B5, B6, C un E vitam\u012bniem<\/strong> piem\u012bt augsta antioksidanta aktivit\u0101te un tie uzlabo \u0101das barjeras funkcijas.<\/li>\n<\/ul>\n<p><strong>Lieto&scaron;ana:<\/strong> uzkl\u0101jiet uz mitras \u0101das, saputojiet, noskalojiet ar siltu \u016bdeni. Tikai \u0101r\u012bgai lieto&scaron;anai.<br \/>\n&nbsp;<\/p>\n","protected":false},"excerpt":{"rendered":"<p>R\u016bp\u012bgi atlas\u012bti dab\u012bgie ekstrakti un e\u013c\u013cas maigi att\u012bra un mitrina \u0101du. Du&scaron;as \u017eeleja atst\u0101j maigu arom\u0101tu uz \u0101das un uzlabo garast\u0101vokli. Akt\u012bv\u0101s sast\u0101vda\u013cas: Hohobas e\u013c\u013ca satur E vitam\u012bnu un nepies\u0101tin\u0101tas tauksk\u0101bes, kas veicina \u0101das atjauno&scaron;anos. T\u0101 dzi\u013ci baro un mitrina \u0101du. Papaijas ekstrakts aizsarg\u0101 \u0101du no apk\u0101rt\u0113j\u0101s vides negat\u012bvas ietekmes un tam ir izteikta nomierino&scaron;a [&#8230;]\n","protected":false},"featured_media":90978,"template":"","meta":[],"product_cat":[1689],"product_tag":[],"class_list":{"0":"post-48943","1":"product","2":"type-product","3":"status-publish","4":"has-post-thumbnail","6":"product_brand-ecolab_cs","7":"product_cat-dusas-zelejas","9":"first","10":"instock","11":"taxable","12":"shipping-taxable","13":"product-type-simple"},"_links":{"self":[{"href":"https:\/\/e.kosmolat.eu\/lv\/wp-json\/wp\/v2\/product\/48943","targetHints":{"allow":["GET"]}}],"collection":[{"href":"https:\/\/e.kosmolat.eu\/lv\/wp-json\/wp\/v2\/product"}],"about":[{"href":"https:\/\/e.kosmolat.eu\/lv\/wp-json\/wp\/v2\/types\/product"}],"wp:featuredmedia":[{"embeddable":true,"href":"https:\/\/e.kosmolat.eu\/lv\/wp-json\/wp\/v2\/media\/90978"}],"wp:attachment":[{"href":"https:\/\/e.kosmolat.eu\/lv\/wp-json\/wp\/v2\/media?parent=48943"}],"wp:term":[{"taxonomy":"product_cat","embeddable":true,"href":"https:\/\/e.kosmolat.eu\/lv\/wp-json\/wp\/v2\/product_cat?post=48943"},{"taxonomy":"product_tag","embeddable":true,"href":"https:\/\/e.kosmolat.eu\/lv\/wp-json\/wp\/v2\/product_tag?post=48943"}],"curies":[{"name":"wp","href":"https:\/\/api.w.org\/{rel}","templated":true}]}}