{"id":48927,"date":"2024-04-04T04:25:09","date_gmt":"2024-04-04T04:25:09","guid":{"rendered":"https:\/\/e.kosmolat.eu\/product\/ecl-dusas-ella-lf-organic-cannabis-250-ml\/"},"modified":"2026-04-15T10:02:56","modified_gmt":"2026-04-15T10:02:56","slug":"ecl-dusas-ella-lf-organic-cannabis-250-ml","status":"publish","type":"product","link":"https:\/\/e.kosmolat.eu\/lv\/product\/ecl-dusas-ella-lf-organic-cannabis-250-ml\/","title":{"rendered":"ECL Du\u0161as e\u013cla  L&#038;F Organic Cannabis, 250 ml"},"content":{"rendered":"<p>Maigi att\u012bra un toniz\u0113 \u0101du. E\u013c\u013ca, saskaroties ar \u016bdeni, p\u0101rv\u0113r&scaron;as maig\u0101s put\u0101s. \u0100da k\u013c\u016bst m\u012bksta un vesel\u012bga, k\u0101 ar\u012b, du&scaron;as e\u013c\u013ca pie&scaron;\u0137ir \u0101dai vieglu arom\u0101tu. Piem\u0113rots visiem \u0101das tipiem. Piem\u0113rots veg\u0101niem.<\/p>\n<p><strong>Organisk\u0101s sast\u0101vda\u013cas:<\/strong> <strong>organisk\u0101 auksti spiesta ka\u0146epju e\u013c\u013ca<\/strong> ir bag\u0101ta ar Omega tauksk\u0101b\u0113m un vitam\u012bniem. Viegla tekst\u016bra \u0101tri uzs\u016bcas \u0101d\u0101, neaizsprosto poras, pies\u0101tina &scaron;\u016bnas ar noder\u012bgiem elementiem un uztur vesel\u012bgu \u0101das barjeru. Ka\u0146epju e\u013c\u013cu izmanto \u0137erme\u0146a kop&scaron;anai, jo t\u0101 aizsarg\u0101 &scaron;\u016bnas no nelabv\u0113l\u012bga klimata, dehidrat\u0101cijas un pies\u0101r\u0146ojuma.<\/p>\n<p><strong>Akt\u012bv\u0101s sast\u0101vda\u013cas:<\/strong> <strong>vetiv\u0113rijas e\u013c\u013ca <\/strong>atsvaidzina un atjauno \u0101du, pie&scaron;\u0137ir tai tvirtumu un elast\u012bbu, dod ener\u0123iju un toniz\u0113.&nbsp;<strong>Augu prote\u012bni <\/strong>uzlabo \u0101das elast\u012bbu un tvirtumu, uztur \u0101das optim\u0101lo pH l\u012bmeni, intens\u012bvi baro un mitrina to.<\/p>\n<p><strong>Lieto&scaron;ana:<\/strong> uzkl\u0101jiet uz mitras \u0101das, p\u0113c tam noskalojiet ar siltu \u016bdeni. Tikai \u0101r\u012bgai lieto&scaron;anai.<br \/>\n&nbsp;<\/p>\n","protected":false},"excerpt":{"rendered":"<p>Maigi att\u012bra un toniz\u0113 \u0101du. E\u013c\u013ca, saskaroties ar \u016bdeni, p\u0101rv\u0113r&scaron;as maig\u0101s put\u0101s. \u0100da k\u013c\u016bst m\u012bksta un vesel\u012bga, k\u0101 ar\u012b, du&scaron;as e\u013c\u013ca pie&scaron;\u0137ir \u0101dai vieglu arom\u0101tu. Piem\u0113rots visiem \u0101das tipiem. Piem\u0113rots veg\u0101niem. Organisk\u0101s sast\u0101vda\u013cas: organisk\u0101 auksti spiesta ka\u0146epju e\u013c\u013ca ir bag\u0101ta ar Omega tauksk\u0101b\u0113m un vitam\u012bniem. Viegla tekst\u016bra \u0101tri uzs\u016bcas \u0101d\u0101, neaizsprosto poras, pies\u0101tina &scaron;\u016bnas ar [&#8230;]\n","protected":false},"featured_media":90970,"template":"","meta":[],"product_cat":[1999],"product_tag":[],"class_list":{"0":"post-48927","1":"product","2":"type-product","3":"status-publish","4":"has-post-thumbnail","6":"product_brand-ecolab_cs","7":"product_cat-bez-kategorijas","9":"first","10":"instock","11":"taxable","12":"shipping-taxable","13":"product-type-simple"},"_links":{"self":[{"href":"https:\/\/e.kosmolat.eu\/lv\/wp-json\/wp\/v2\/product\/48927","targetHints":{"allow":["GET"]}}],"collection":[{"href":"https:\/\/e.kosmolat.eu\/lv\/wp-json\/wp\/v2\/product"}],"about":[{"href":"https:\/\/e.kosmolat.eu\/lv\/wp-json\/wp\/v2\/types\/product"}],"wp:featuredmedia":[{"embeddable":true,"href":"https:\/\/e.kosmolat.eu\/lv\/wp-json\/wp\/v2\/media\/90970"}],"wp:attachment":[{"href":"https:\/\/e.kosmolat.eu\/lv\/wp-json\/wp\/v2\/media?parent=48927"}],"wp:term":[{"taxonomy":"product_cat","embeddable":true,"href":"https:\/\/e.kosmolat.eu\/lv\/wp-json\/wp\/v2\/product_cat?post=48927"},{"taxonomy":"product_tag","embeddable":true,"href":"https:\/\/e.kosmolat.eu\/lv\/wp-json\/wp\/v2\/product_tag?post=48927"}],"curies":[{"name":"wp","href":"https:\/\/api.w.org\/{rel}","templated":true}]}}