{"id":48919,"date":"2024-04-04T04:24:49","date_gmt":"2024-04-04T04:24:49","guid":{"rendered":"https:\/\/e.kosmolat.eu\/product\/ecl-dus-ella-dr-organic-argana-250-ml\/"},"modified":"2026-04-14T05:52:46","modified_gmt":"2026-04-14T05:52:46","slug":"ecl-dus-ella-dr-organic-argana-250-ml","status":"publish","type":"product","link":"https:\/\/e.kosmolat.eu\/lv\/product\/ecl-dus-ella-dr-organic-argana-250-ml\/","title":{"rendered":"ECL Du\u0161. e\u013cla DR Organic Argana, 250 ml"},"content":{"rendered":"<p>Maigi att\u012bra un toniz\u0113 \u0101du. E\u013c\u013ca, saskaroties ar \u016bdeni, p\u0101rv\u0113r&scaron;as maig\u0101s put\u0101s. \u0100da k\u013c\u016bst m\u012bksta un vesel\u012bga, k\u0101 ar\u012b, du&scaron;as e\u013c\u013ca pie&scaron;\u0137ir \u0101dai vieglu arom\u0101tu. Piem\u0113rots visiem \u0101das tipiem. Piem\u0113rots veg\u0101niem.<\/p>\n<p><strong>Organisk\u0101s sast\u0101vda\u013cas: organisk\u0101 auksti spiesta argana e\u013c\u013ca<\/strong> ir bag\u0101ta ar nepies\u0101tin\u0101t\u0101m tauksk\u0101b\u0113m un E vitam\u012bnu, kas labv\u0113l\u012bgi ietekm\u0113 \u0101das vesel\u012bbu. E\u013c\u013ca \u0101tri uzs\u016bcas \u0101d\u0101, uzlabojot t\u0101s elast\u012bbu un mitrinot to.<\/p>\n<p><strong>Akt\u012bv\u0101s sast\u0101vda\u013cas:<\/strong> <strong>pr\u012bmulas e\u013c\u013ca<\/strong> efekt\u012bvi mitrina un m\u012bkstina \u0101du. <strong>Biolip\u012bdu komplekss<\/strong> pal\u012bdz atjaunot \u0101das mikrobiomu, uzturot vesel\u012bgu mikrofloru un nodro&scaron;inot dzi\u013cu \u0101das mitrin\u0101&scaron;anu.<\/p>\n<p><strong>Lieto&scaron;ana:<\/strong> uzkl\u0101jiet uz mitras \u0101das, p\u0113c tam noskalojiet ar siltu \u016bdeni. Tikai \u0101r\u012bgai lieto&scaron;anai.<br \/>\n&nbsp;<\/p>\n","protected":false},"excerpt":{"rendered":"<p>Maigi att\u012bra un toniz\u0113 \u0101du. E\u013c\u013ca, saskaroties ar \u016bdeni, p\u0101rv\u0113r&scaron;as maig\u0101s put\u0101s. \u0100da k\u013c\u016bst m\u012bksta un vesel\u012bga, k\u0101 ar\u012b, du&scaron;as e\u013c\u013ca pie&scaron;\u0137ir \u0101dai vieglu arom\u0101tu. Piem\u0113rots visiem \u0101das tipiem. Piem\u0113rots veg\u0101niem. Organisk\u0101s sast\u0101vda\u013cas: organisk\u0101 auksti spiesta argana e\u013c\u013ca ir bag\u0101ta ar nepies\u0101tin\u0101t\u0101m tauksk\u0101b\u0113m un E vitam\u012bnu, kas labv\u0113l\u012bgi ietekm\u0113 \u0101das vesel\u012bbu. E\u013c\u013ca \u0101tri uzs\u016bcas \u0101d\u0101, [&#8230;]\n","protected":false},"featured_media":90966,"template":"","meta":[],"product_cat":[1689],"product_tag":[],"class_list":{"0":"post-48919","1":"product","2":"type-product","3":"status-publish","4":"has-post-thumbnail","6":"product_brand-ecolab_cs","7":"product_cat-dusas-zelejas","9":"first","10":"instock","11":"taxable","12":"shipping-taxable","13":"product-type-simple"},"_links":{"self":[{"href":"https:\/\/e.kosmolat.eu\/lv\/wp-json\/wp\/v2\/product\/48919","targetHints":{"allow":["GET"]}}],"collection":[{"href":"https:\/\/e.kosmolat.eu\/lv\/wp-json\/wp\/v2\/product"}],"about":[{"href":"https:\/\/e.kosmolat.eu\/lv\/wp-json\/wp\/v2\/types\/product"}],"wp:featuredmedia":[{"embeddable":true,"href":"https:\/\/e.kosmolat.eu\/lv\/wp-json\/wp\/v2\/media\/90966"}],"wp:attachment":[{"href":"https:\/\/e.kosmolat.eu\/lv\/wp-json\/wp\/v2\/media?parent=48919"}],"wp:term":[{"taxonomy":"product_cat","embeddable":true,"href":"https:\/\/e.kosmolat.eu\/lv\/wp-json\/wp\/v2\/product_cat?post=48919"},{"taxonomy":"product_tag","embeddable":true,"href":"https:\/\/e.kosmolat.eu\/lv\/wp-json\/wp\/v2\/product_tag?post=48919"}],"curies":[{"name":"wp","href":"https:\/\/api.w.org\/{rel}","templated":true}]}}