{"id":48911,"date":"2024-04-04T04:24:32","date_gmt":"2024-04-04T04:24:32","guid":{"rendered":"https:\/\/e.kosmolat.eu\/product\/eclp-dusas-zeleja-relax-400-ml\/"},"modified":"2026-04-15T11:56:46","modified_gmt":"2026-04-15T11:56:46","slug":"eclp-dusas-zeleja-relax-400-ml","status":"publish","type":"product","link":"https:\/\/e.kosmolat.eu\/lv\/product\/eclp-dusas-zeleja-relax-400-ml\/","title":{"rendered":"ECLP Du\u0161as \u017eeleja Relax, 400 ml"},"content":{"rendered":"<p>Du&scaron;as \u017eeleja efekt\u012bvi att\u012bra, mitrina, m\u012bkstina un toniz\u0113 \u0101du. Dabisk\u0101 lavandas e\u013c\u013ca un salvijas ekstrakts nodro&scaron;in\u0101s maksim\u0101lu relaks\u0101ciju p\u0113c smagas dienas, pal\u012bdzot iegrimt miera un relaks\u0101cijas pasaul\u0113.<\/p>\n<p><strong>Akt\u012bv\u0101s sast\u0101vda\u013cas:&nbsp;<\/strong><\/p>\n<ul>\n<li><strong>Lavandas e\u013c\u013ca<\/strong> baro un mitrina \u0101du, nodro&scaron;inot nomierino&scaron;u un relaks\u0113jo&scaron;u efektu.<\/li>\n<li><strong>Salvijas ekstraktam<\/strong> piem\u012bt atjaunojo&scaron;a iedarb\u012bba. Tas pagarin\u0101s t\u012br\u012bbas un svaiguma saj\u016btu.<\/li>\n<\/ul>\n<p><strong>Lieto&scaron;ana:<\/strong> uzkl\u0101jiet uz mitras \u0101das, saputojiet, noskalojiet ar siltu \u016bdeni. Tikai \u0101r\u012bgai lieto&scaron;anai.<br \/>\n&nbsp;<\/p>\n","protected":false},"excerpt":{"rendered":"<p>Du&scaron;as \u017eeleja efekt\u012bvi att\u012bra, mitrina, m\u012bkstina un toniz\u0113 \u0101du. Dabisk\u0101 lavandas e\u013c\u013ca un salvijas ekstrakts nodro&scaron;in\u0101s maksim\u0101lu relaks\u0101ciju p\u0113c smagas dienas, pal\u012bdzot iegrimt miera un relaks\u0101cijas pasaul\u0113. Akt\u012bv\u0101s sast\u0101vda\u013cas:&nbsp; Lavandas e\u013c\u013ca baro un mitrina \u0101du, nodro&scaron;inot nomierino&scaron;u un relaks\u0113jo&scaron;u efektu. Salvijas ekstraktam piem\u012bt atjaunojo&scaron;a iedarb\u012bba. Tas pagarin\u0101s t\u012br\u012bbas un svaiguma saj\u016btu. Lieto&scaron;ana: uzkl\u0101jiet uz mitras [&#8230;]\n","protected":false},"featured_media":90962,"template":"","meta":[],"product_cat":[1689],"product_tag":[],"class_list":{"0":"post-48911","1":"product","2":"type-product","3":"status-publish","4":"has-post-thumbnail","6":"product_brand-ecolab_cs","7":"product_cat-dusas-zelejas","9":"first","10":"instock","11":"taxable","12":"shipping-taxable","13":"product-type-simple"},"_links":{"self":[{"href":"https:\/\/e.kosmolat.eu\/lv\/wp-json\/wp\/v2\/product\/48911","targetHints":{"allow":["GET"]}}],"collection":[{"href":"https:\/\/e.kosmolat.eu\/lv\/wp-json\/wp\/v2\/product"}],"about":[{"href":"https:\/\/e.kosmolat.eu\/lv\/wp-json\/wp\/v2\/types\/product"}],"wp:featuredmedia":[{"embeddable":true,"href":"https:\/\/e.kosmolat.eu\/lv\/wp-json\/wp\/v2\/media\/90962"}],"wp:attachment":[{"href":"https:\/\/e.kosmolat.eu\/lv\/wp-json\/wp\/v2\/media?parent=48911"}],"wp:term":[{"taxonomy":"product_cat","embeddable":true,"href":"https:\/\/e.kosmolat.eu\/lv\/wp-json\/wp\/v2\/product_cat?post=48911"},{"taxonomy":"product_tag","embeddable":true,"href":"https:\/\/e.kosmolat.eu\/lv\/wp-json\/wp\/v2\/product_tag?post=48911"}],"curies":[{"name":"wp","href":"https:\/\/api.w.org\/{rel}","templated":true}]}}