{"id":48887,"date":"2024-04-04T04:23:46","date_gmt":"2024-04-04T04:23:46","guid":{"rendered":"https:\/\/e.kosmolat.eu\/product\/eclp-dusas-zeleja-energy-400-ml\/"},"modified":"2026-04-10T07:59:20","modified_gmt":"2026-04-10T07:59:20","slug":"eclp-dusas-zeleja-energy-400-ml","status":"publish","type":"product","link":"https:\/\/e.kosmolat.eu\/lv\/product\/eclp-dusas-zeleja-energy-400-ml\/","title":{"rendered":"ECLP Du\u0161as \u017eeleja Energy, 400 ml"},"content":{"rendered":"<p>Du&scaron;as \u017eeleja efekt\u012bvi att\u012bra, mitrina, m\u012bkstina un toniz\u0113 \u0101du. T\u0101 pie&scaron;\u0137irs \u0101dai svaigu arom\u0101tu un sniegs ener\u0123iju visai dienai.<\/p>\n<p><strong>Akt\u012bv\u0101s sast\u0101vda\u013cas:&nbsp;<\/strong><\/p>\n<ul>\n<li><strong>Apels\u012bnu e\u013c\u013ca<\/strong> mitrina un atsvaidzina \u0101du, uzlabojot t\u0101s tonusu un elast\u012bbu.&nbsp;<\/li>\n<li><strong>Bergamota ekstrakts<\/strong> toniz\u0113, mitrina un atsvaidzina \u0101du.<\/li>\n<\/ul>\n<p><strong>Lieto&scaron;ana: <\/strong>uzkl\u0101jiet uz mitras \u0101das, saputojiet, noskalojiet ar siltu \u016bdeni. Tikai \u0101r\u012bgai lieto&scaron;anai.<br \/>\n&nbsp;<\/p>\n","protected":false},"excerpt":{"rendered":"<p>Du&scaron;as \u017eeleja efekt\u012bvi att\u012bra, mitrina, m\u012bkstina un toniz\u0113 \u0101du. T\u0101 pie&scaron;\u0137irs \u0101dai svaigu arom\u0101tu un sniegs ener\u0123iju visai dienai. Akt\u012bv\u0101s sast\u0101vda\u013cas:&nbsp; Apels\u012bnu e\u013c\u013ca mitrina un atsvaidzina \u0101du, uzlabojot t\u0101s tonusu un elast\u012bbu.&nbsp; Bergamota ekstrakts toniz\u0113, mitrina un atsvaidzina \u0101du. Lieto&scaron;ana: uzkl\u0101jiet uz mitras \u0101das, saputojiet, noskalojiet ar siltu \u016bdeni. Tikai \u0101r\u012bgai lieto&scaron;anai. &nbsp;<\/p>\n","protected":false},"featured_media":90950,"template":"","meta":[],"product_cat":[1689],"product_tag":[],"class_list":{"0":"post-48887","1":"product","2":"type-product","3":"status-publish","4":"has-post-thumbnail","6":"product_brand-ecolab_cs","7":"product_cat-dusas-zelejas","9":"first","10":"instock","11":"taxable","12":"shipping-taxable","13":"product-type-simple"},"_links":{"self":[{"href":"https:\/\/e.kosmolat.eu\/lv\/wp-json\/wp\/v2\/product\/48887","targetHints":{"allow":["GET"]}}],"collection":[{"href":"https:\/\/e.kosmolat.eu\/lv\/wp-json\/wp\/v2\/product"}],"about":[{"href":"https:\/\/e.kosmolat.eu\/lv\/wp-json\/wp\/v2\/types\/product"}],"wp:featuredmedia":[{"embeddable":true,"href":"https:\/\/e.kosmolat.eu\/lv\/wp-json\/wp\/v2\/media\/90950"}],"wp:attachment":[{"href":"https:\/\/e.kosmolat.eu\/lv\/wp-json\/wp\/v2\/media?parent=48887"}],"wp:term":[{"taxonomy":"product_cat","embeddable":true,"href":"https:\/\/e.kosmolat.eu\/lv\/wp-json\/wp\/v2\/product_cat?post=48887"},{"taxonomy":"product_tag","embeddable":true,"href":"https:\/\/e.kosmolat.eu\/lv\/wp-json\/wp\/v2\/product_tag?post=48887"}],"curies":[{"name":"wp","href":"https:\/\/api.w.org\/{rel}","templated":true}]}}