{"id":48879,"date":"2024-04-04T04:23:32","date_gmt":"2024-04-04T04:23:32","guid":{"rendered":"https:\/\/e.kosmolat.eu\/product\/ecl-dusas-zeleja-dn-organic-avocado-350-ml\/"},"modified":"2025-09-20T03:28:21","modified_gmt":"2025-09-20T03:28:21","slug":"i_ecl-dusas-zeleja-dn-organic-avocado-350-ml","status":"publish","type":"product","link":"https:\/\/e.kosmolat.eu\/lv\/product\/i_ecl-dusas-zeleja-dn-organic-avocado-350-ml\/","title":{"rendered":"I_ECL Du\u0161as \u017eeleja DN Organic Avocado, 350 ml"},"content":{"rendered":"<p>Maigi att\u012bra un toniz\u0113 \u0101du. Piem\u0113rots visiem \u0101das tipiem. Piem\u0113rots veg\u0101niem.<\/p>\n<p><strong>Organisk\u0101s sast\u0101vda\u013cas: <\/strong>organisk\u0101 auksti spiesta avokado e\u013c\u013ca satur vitam\u012bnus un antioksidantus, stimul\u0113 kolag\u0113na izstr\u0101di un atjauno \u0101das barjerfunkcijas. Bag\u0101tin\u0101ta ar B, D, E, F vitam\u012bniem un polinepies\u0101tin\u0101taj\u0101m tauksk\u0101b\u0113m. Efekt\u012bvi baro un m\u012bkstina \u0101du, nov\u0113r&scaron;ot sausumu.<\/p>\n<p><strong>Akt\u012bv\u0101s sast\u0101vda\u013cas:<\/strong> apels\u012bnu e\u013c\u013ca atjauno \u0101das pH l\u012bdzsvaru, m\u012bkstinot to, izl\u012bdzina \u0101das toni, pie&scaron;\u0137ir ener\u0123iju un atsvaidzina. V\u012b\u0123es ekstrakts stiprina un nomierina \u0101du, k\u0101 ar\u012b tam piem\u012bt pretcelul\u012bta iedarb\u012bba. Aminosk\u0101bes mitrina un atjauno \u0101du.<\/p>\n<p><strong>Lieto&scaron;ana:<\/strong> uzkl\u0101jiet uz mitras \u0101das, saputojiet, noskalojiet ar siltu \u016bdeni. Tikai \u0101r\u012bgai lieto&scaron;anai.<\/p>\n","protected":false},"excerpt":{"rendered":"<p>Maigi att\u012bra un toniz\u0113 \u0101du. Piem\u0113rots visiem \u0101das tipiem. Piem\u0113rots veg\u0101niem. Organisk\u0101s sast\u0101vda\u013cas: organisk\u0101 auksti spiesta avokado e\u013c\u013ca satur vitam\u012bnus un antioksidantus, stimul\u0113 kolag\u0113na izstr\u0101di un atjauno \u0101das barjerfunkcijas. Bag\u0101tin\u0101ta ar B, D, E, F vitam\u012bniem un polinepies\u0101tin\u0101taj\u0101m tauksk\u0101b\u0113m. Efekt\u012bvi baro un m\u012bkstina \u0101du, nov\u0113r&scaron;ot sausumu. Akt\u012bv\u0101s sast\u0101vda\u013cas: apels\u012bnu e\u013c\u013ca atjauno \u0101das pH l\u012bdzsvaru, m\u012bkstinot [&#8230;]\n","protected":false},"featured_media":90946,"template":"","meta":[],"product_cat":[1999],"product_tag":[],"class_list":{"0":"post-48879","1":"product","2":"type-product","3":"status-publish","4":"has-post-thumbnail","6":"product_brand-ecolab_cs","7":"product_cat-bez-kategorijas","9":"first","10":"outofstock","11":"taxable","12":"shipping-taxable","13":"product-type-simple"},"_links":{"self":[{"href":"https:\/\/e.kosmolat.eu\/lv\/wp-json\/wp\/v2\/product\/48879","targetHints":{"allow":["GET"]}}],"collection":[{"href":"https:\/\/e.kosmolat.eu\/lv\/wp-json\/wp\/v2\/product"}],"about":[{"href":"https:\/\/e.kosmolat.eu\/lv\/wp-json\/wp\/v2\/types\/product"}],"wp:featuredmedia":[{"embeddable":true,"href":"https:\/\/e.kosmolat.eu\/lv\/wp-json\/wp\/v2\/media\/90946"}],"wp:attachment":[{"href":"https:\/\/e.kosmolat.eu\/lv\/wp-json\/wp\/v2\/media?parent=48879"}],"wp:term":[{"taxonomy":"product_cat","embeddable":true,"href":"https:\/\/e.kosmolat.eu\/lv\/wp-json\/wp\/v2\/product_cat?post=48879"},{"taxonomy":"product_tag","embeddable":true,"href":"https:\/\/e.kosmolat.eu\/lv\/wp-json\/wp\/v2\/product_tag?post=48879"}],"curies":[{"name":"wp","href":"https:\/\/api.w.org\/{rel}","templated":true}]}}