{"id":48871,"date":"2024-04-04T04:23:17","date_gmt":"2024-04-04T04:23:17","guid":{"rendered":"https:\/\/e.kosmolat.eu\/product\/ecl-micelara-dusas-zel-dh-organic-aloe-vera-350-ml\/"},"modified":"2026-04-16T10:40:09","modified_gmt":"2026-04-16T10:40:09","slug":"ecl-micelara-dusas-zel-dh-organic-aloe-vera-350-ml","status":"publish","type":"product","link":"https:\/\/e.kosmolat.eu\/lv\/product\/ecl-micelara-dusas-zel-dh-organic-aloe-vera-350-ml\/","title":{"rendered":"ECL Micel\u0101r\u0101 du\u0161as \u017eel. DH Organic Aloe Vera, 350 ml"},"content":{"rendered":"<p>Micel\u0101r\u0101 du&scaron;as \u017eeleja maigi att\u012bra un toniz\u0113 \u0101du. Piem\u0113rots visiem \u0101das tipiem. Piem\u0113rots veg\u0101niem.<\/p>\n<p><strong>Organisk\u0101s sast\u0101vda\u013cas: <\/strong>alvejas ekstrakts ir bag\u0101ts ar vitam\u012bniem, aminosk\u0101b\u0113m, miner\u0101lviel\u0101m, polisahar\u012bdiem, fitonc\u012bdiem, piedal\u0101s &scaron;\u016bnu atjauno&scaron;anas proces\u0101 epit\u0113lija l\u012bmen\u012b, dzi\u013ci baro, mitrina un m\u012bkstina \u0101du.<\/p>\n<p><strong>Akt\u012bv\u0101s sast\u0101vda\u013cas: <\/strong>laima e\u013c\u013ca izl\u012bdzina \u0101das toni, uzlabojot \u0101das elast\u012bbu un tvirtumu.&nbsp;Smar\u017e\u012bg\u0101s kalmes ekstraktam piem\u012bt atsvaidzino&scaron;a iedarb\u012bba, tas mazina \u0101das sausumu un dzi\u013ci mitrina to.<\/p>\n<p><strong>Lieto&scaron;ana: <\/strong>uzkl\u0101jiet uz mitras \u0101das, saputojiet, noskalojiet ar siltu \u016bdeni. Tikai \u0101r\u012bgai lieto&scaron;anai.<\/p>\n","protected":false},"excerpt":{"rendered":"<p>Micel\u0101r\u0101 du&scaron;as \u017eeleja maigi att\u012bra un toniz\u0113 \u0101du. Piem\u0113rots visiem \u0101das tipiem. Piem\u0113rots veg\u0101niem. Organisk\u0101s sast\u0101vda\u013cas: alvejas ekstrakts ir bag\u0101ts ar vitam\u012bniem, aminosk\u0101b\u0113m, miner\u0101lviel\u0101m, polisahar\u012bdiem, fitonc\u012bdiem, piedal\u0101s &scaron;\u016bnu atjauno&scaron;anas proces\u0101 epit\u0113lija l\u012bmen\u012b, dzi\u013ci baro, mitrina un m\u012bkstina \u0101du. Akt\u012bv\u0101s sast\u0101vda\u013cas: laima e\u013c\u013ca izl\u012bdzina \u0101das toni, uzlabojot \u0101das elast\u012bbu un tvirtumu.&nbsp;Smar\u017e\u012bg\u0101s kalmes ekstraktam piem\u012bt atsvaidzino&scaron;a iedarb\u012bba, [&#8230;]\n","protected":false},"featured_media":90942,"template":"","meta":[],"product_cat":[1689],"product_tag":[],"class_list":{"0":"post-48871","1":"product","2":"type-product","3":"status-publish","4":"has-post-thumbnail","6":"product_brand-ecolab_cs","7":"product_cat-dusas-zelejas","9":"first","10":"instock","11":"taxable","12":"shipping-taxable","13":"product-type-simple"},"_links":{"self":[{"href":"https:\/\/e.kosmolat.eu\/lv\/wp-json\/wp\/v2\/product\/48871","targetHints":{"allow":["GET"]}}],"collection":[{"href":"https:\/\/e.kosmolat.eu\/lv\/wp-json\/wp\/v2\/product"}],"about":[{"href":"https:\/\/e.kosmolat.eu\/lv\/wp-json\/wp\/v2\/types\/product"}],"wp:featuredmedia":[{"embeddable":true,"href":"https:\/\/e.kosmolat.eu\/lv\/wp-json\/wp\/v2\/media\/90942"}],"wp:attachment":[{"href":"https:\/\/e.kosmolat.eu\/lv\/wp-json\/wp\/v2\/media?parent=48871"}],"wp:term":[{"taxonomy":"product_cat","embeddable":true,"href":"https:\/\/e.kosmolat.eu\/lv\/wp-json\/wp\/v2\/product_cat?post=48871"},{"taxonomy":"product_tag","embeddable":true,"href":"https:\/\/e.kosmolat.eu\/lv\/wp-json\/wp\/v2\/product_tag?post=48871"}],"curies":[{"name":"wp","href":"https:\/\/api.w.org\/{rel}","templated":true}]}}