{"id":48863,"date":"2024-04-04T04:23:03","date_gmt":"2024-04-04T04:23:03","guid":{"rendered":"https:\/\/e.kosmolat.eu\/product\/ecl-intimas-higienas-zeleja-sensitive-250-ml\/"},"modified":"2026-04-01T05:16:48","modified_gmt":"2026-04-01T05:16:48","slug":"ecl-intimas-higienas-zeleja-sensitive-250-ml","status":"publish","type":"product","link":"https:\/\/e.kosmolat.eu\/lv\/product\/ecl-intimas-higienas-zeleja-sensitive-250-ml\/","title":{"rendered":"ECL Int\u012bm\u0101s higi\u0113nas \u017eeleja Sensitive, 250 ml"},"content":{"rendered":"<p>\u017deleja intim\u0101s higi\u0113nas kop&scaron;anai ar prebiotiku un mande\u013cu e\u013c\u013cu ir \u012bpa&scaron;i piem\u0113rota \u013coti jut\u012bgai \u0101dai. Maig\u0101 formula saudz\u012bgi att\u012bra \u0101du, nov\u0113r&scaron; nepat\u012bkamo smaku, m\u012bkstina un sniedz p\u0101rsteidzo&scaron;u svaiguma saj\u016btu.<\/p>\n<ul>\n<li><strong>Mande\u013cu e\u013c\u013ca<\/strong> \u012bpa&scaron;i labv\u0113l\u012bgi ietekm\u0113 sausu un jut\u012bgu \u0101du.<\/li>\n<li><strong>Organiskais ol\u012bvu ekstrakts<\/strong> mitrina, baro un m\u012bkstina \u0101du.<\/li>\n<li><strong>Dab\u012bgais prebioti\u0137is<\/strong> stiprina \u0101das dabisk\u0101s aizsargfunkcijas un atbalsta int\u012bm\u0101s zonas dabisko mikrofloru.<\/li>\n<\/ul>\n<p><strong>Lieto&scaron;ana:<\/strong> uzkl\u0101t nelielu daudzumu uz int\u012bmaj\u0101m \u0137erme\u0146a zon\u0101m, saputot, p\u0113c tam noskalot ar \u016bdeni. Tikai \u0101r\u012bgai lieto&scaron;anai. Uzglab\u0101t b\u0113rniem nepieejam\u0101 viet\u0101.<br \/>\n&nbsp;<\/p>\n","protected":false},"excerpt":{"rendered":"<p>\u017deleja intim\u0101s higi\u0113nas kop&scaron;anai ar prebiotiku un mande\u013cu e\u013c\u013cu ir \u012bpa&scaron;i piem\u0113rota \u013coti jut\u012bgai \u0101dai. Maig\u0101 formula saudz\u012bgi att\u012bra \u0101du, nov\u0113r&scaron; nepat\u012bkamo smaku, m\u012bkstina un sniedz p\u0101rsteidzo&scaron;u svaiguma saj\u016btu. Mande\u013cu e\u013c\u013ca \u012bpa&scaron;i labv\u0113l\u012bgi ietekm\u0113 sausu un jut\u012bgu \u0101du. Organiskais ol\u012bvu ekstrakts mitrina, baro un m\u012bkstina \u0101du. Dab\u012bgais prebioti\u0137is stiprina \u0101das dabisk\u0101s aizsargfunkcijas un atbalsta int\u012bm\u0101s [&#8230;]\n","protected":false},"featured_media":90938,"template":"","meta":[],"product_cat":[1374],"product_tag":[],"class_list":{"0":"post-48863","1":"product","2":"type-product","3":"status-publish","4":"has-post-thumbnail","6":"product_brand-ecolab_cs","7":"product_cat-intymi-higiena","9":"first","10":"instock","11":"taxable","12":"shipping-taxable","13":"product-type-simple"},"_links":{"self":[{"href":"https:\/\/e.kosmolat.eu\/lv\/wp-json\/wp\/v2\/product\/48863","targetHints":{"allow":["GET"]}}],"collection":[{"href":"https:\/\/e.kosmolat.eu\/lv\/wp-json\/wp\/v2\/product"}],"about":[{"href":"https:\/\/e.kosmolat.eu\/lv\/wp-json\/wp\/v2\/types\/product"}],"wp:featuredmedia":[{"embeddable":true,"href":"https:\/\/e.kosmolat.eu\/lv\/wp-json\/wp\/v2\/media\/90938"}],"wp:attachment":[{"href":"https:\/\/e.kosmolat.eu\/lv\/wp-json\/wp\/v2\/media?parent=48863"}],"wp:term":[{"taxonomy":"product_cat","embeddable":true,"href":"https:\/\/e.kosmolat.eu\/lv\/wp-json\/wp\/v2\/product_cat?post=48863"},{"taxonomy":"product_tag","embeddable":true,"href":"https:\/\/e.kosmolat.eu\/lv\/wp-json\/wp\/v2\/product_tag?post=48863"}],"curies":[{"name":"wp","href":"https:\/\/api.w.org\/{rel}","templated":true}]}}