{"id":48847,"date":"2024-04-04T04:21:57","date_gmt":"2024-04-04T04:21:57","guid":{"rendered":"https:\/\/e.kosmolat.eu\/product\/ecl-intimas-higienas-zeleja-comfort-250-ml\/"},"modified":"2025-09-20T03:27:22","modified_gmt":"2025-09-20T03:27:22","slug":"i_ecl-intimas-higienas-zeleja-comfort-250-ml","status":"publish","type":"product","link":"https:\/\/e.kosmolat.eu\/lv\/product\/i_ecl-intimas-higienas-zeleja-comfort-250-ml\/","title":{"rendered":"I_ECL Int\u012bm\u0101s higi\u0113nas \u017eeleja Comfort, 250 ml"},"content":{"rendered":"<p>\u017deleja int\u012bm\u0101s higi\u0113nas kop&scaron;anai ar piensk\u0101bi, prebiotiku un kokvilnas ekstraktu ir ieteicama ikdienas lieto&scaron;anai no r\u012bta un vakar\u0101. T\u0101 nodro&scaron;ina maigu kop&scaron;anu int\u012bmaj\u0101 zon\u0101, samazina diskomforta saj\u016btu un c\u012bn\u0101s ar t\u0101d\u0101m nepat\u012bkamaj\u0101m saj\u016bt\u0101m k\u0101 dedzin\u0101&scaron;ana, nieze un aps\u0101rtums.<\/p>\n<ul>\n<li><strong>Piensk\u0101be<\/strong> uztur dabisko pH l\u012bmeni 5.2&nbsp;int\u012bmaj\u0101 zon\u0101.<\/li>\n<li><strong>Kokvilnas ekstrakts<\/strong> maigi nomierina un m\u012bkstina \u0101du intimaj\u0101 zon\u0101.<\/li>\n<\/ul>\n<p><strong>Lieto&scaron;ana: <\/strong>uzkl\u0101t nelielu daudzumu uz int\u012bmaj\u0101m \u0137erme\u0146a zon\u0101m, saputot, p\u0113c tam noskalot ar \u016bdeni. Tikai \u0101r\u012bgai lieto&scaron;anai. Uzglab\u0101t b\u0113rniem nepieejam\u0101 viet\u0101.<\/p>\n<p>\n&nbsp;<\/p>\n","protected":false},"excerpt":{"rendered":"<p>\u017deleja int\u012bm\u0101s higi\u0113nas kop&scaron;anai ar piensk\u0101bi, prebiotiku un kokvilnas ekstraktu ir ieteicama ikdienas lieto&scaron;anai no r\u012bta un vakar\u0101. T\u0101 nodro&scaron;ina maigu kop&scaron;anu int\u012bmaj\u0101 zon\u0101, samazina diskomforta saj\u016btu un c\u012bn\u0101s ar t\u0101d\u0101m nepat\u012bkamaj\u0101m saj\u016bt\u0101m k\u0101 dedzin\u0101&scaron;ana, nieze un aps\u0101rtums. Piensk\u0101be uztur dabisko pH l\u012bmeni 5.2&nbsp;int\u012bmaj\u0101 zon\u0101. Kokvilnas ekstrakts maigi nomierina un m\u012bkstina \u0101du intimaj\u0101 zon\u0101. Lieto&scaron;ana: [&#8230;]\n","protected":false},"featured_media":90930,"template":"","meta":[],"product_cat":[1999],"product_tag":[],"class_list":{"0":"post-48847","1":"product","2":"type-product","3":"status-publish","4":"has-post-thumbnail","6":"product_brand-ecolab_cs","7":"product_cat-bez-kategorijas","9":"first","10":"outofstock","11":"taxable","12":"shipping-taxable","13":"product-type-simple"},"_links":{"self":[{"href":"https:\/\/e.kosmolat.eu\/lv\/wp-json\/wp\/v2\/product\/48847","targetHints":{"allow":["GET"]}}],"collection":[{"href":"https:\/\/e.kosmolat.eu\/lv\/wp-json\/wp\/v2\/product"}],"about":[{"href":"https:\/\/e.kosmolat.eu\/lv\/wp-json\/wp\/v2\/types\/product"}],"wp:featuredmedia":[{"embeddable":true,"href":"https:\/\/e.kosmolat.eu\/lv\/wp-json\/wp\/v2\/media\/90930"}],"wp:attachment":[{"href":"https:\/\/e.kosmolat.eu\/lv\/wp-json\/wp\/v2\/media?parent=48847"}],"wp:term":[{"taxonomy":"product_cat","embeddable":true,"href":"https:\/\/e.kosmolat.eu\/lv\/wp-json\/wp\/v2\/product_cat?post=48847"},{"taxonomy":"product_tag","embeddable":true,"href":"https:\/\/e.kosmolat.eu\/lv\/wp-json\/wp\/v2\/product_tag?post=48847"}],"curies":[{"name":"wp","href":"https:\/\/api.w.org\/{rel}","templated":true}]}}