{"id":48839,"date":"2024-04-04T04:21:39","date_gmt":"2024-04-04T04:21:39","guid":{"rendered":"https:\/\/e.kosmolat.eu\/product\/ecl-baby-skidr-bernu-kremziep-soft-care-0-250-ml\/"},"modified":"2026-04-16T10:39:52","modified_gmt":"2026-04-16T10:39:52","slug":"ecl-baby-skidr-bernu-kremziep-soft-care-0-250-ml","status":"publish","type":"product","link":"https:\/\/e.kosmolat.eu\/lv\/product\/ecl-baby-skidr-bernu-kremziep-soft-care-0-250-ml\/","title":{"rendered":"ECL Baby \u0160\u0137idr. b\u0113rnu kr\u0113mziep. Soft Care 0+, 250 ml"},"content":{"rendered":"<p>Maigi kopj mazu\u013ca \u0101du jau no pirmaj\u0101m dz\u012bves dien\u0101m. Dabiskie ekstrakti maigi att\u012bra un baro mazu\u013ca \u0101du. Ol\u012bve\u013c\u013ca satur E vitam\u012bnu un tauksk\u0101bes, intens\u012bvi mitrina un baro \u0101du. Kokvilnas ekstrakts m\u012bkstina un mitrina \u0101du, ir piem\u0113rots pat visjut\u012bg\u0101k\u0101s \u0101das kop&scaron;anai.&nbsp;<\/p>\n<p><strong>Lieto&scaron;ana: <\/strong>uzkl\u0101t uz mitras \u0101das un matiem, saputot, noskalot ar siltu \u016bdeni. Tikai \u0101r\u012bgai lieto&scaron;anai. Uzglab\u0101t b\u0113rniem nepieejam\u0101 viet\u0101.<br \/>\n&nbsp;<\/p>\n","protected":false},"excerpt":{"rendered":"<p>Maigi kopj mazu\u013ca \u0101du jau no pirmaj\u0101m dz\u012bves dien\u0101m. Dabiskie ekstrakti maigi att\u012bra un baro mazu\u013ca \u0101du. Ol\u012bve\u013c\u013ca satur E vitam\u012bnu un tauksk\u0101bes, intens\u012bvi mitrina un baro \u0101du. Kokvilnas ekstrakts m\u012bkstina un mitrina \u0101du, ir piem\u0113rots pat visjut\u012bg\u0101k\u0101s \u0101das kop&scaron;anai.&nbsp; Lieto&scaron;ana: uzkl\u0101t uz mitras \u0101das un matiem, saputot, noskalot ar siltu \u016bdeni. Tikai \u0101r\u012bgai lieto&scaron;anai. [&#8230;]\n","protected":false},"featured_media":90926,"template":"","meta":[],"product_cat":[1361],"product_tag":[],"class_list":{"0":"post-48839","1":"product","2":"type-product","3":"status-publish","4":"has-post-thumbnail","6":"product_brand-ecolab_cs","7":"product_cat-adas-kopsanas-kosmetika","9":"first","10":"instock","11":"taxable","12":"shipping-taxable","13":"product-type-simple"},"_links":{"self":[{"href":"https:\/\/e.kosmolat.eu\/lv\/wp-json\/wp\/v2\/product\/48839","targetHints":{"allow":["GET"]}}],"collection":[{"href":"https:\/\/e.kosmolat.eu\/lv\/wp-json\/wp\/v2\/product"}],"about":[{"href":"https:\/\/e.kosmolat.eu\/lv\/wp-json\/wp\/v2\/types\/product"}],"wp:featuredmedia":[{"embeddable":true,"href":"https:\/\/e.kosmolat.eu\/lv\/wp-json\/wp\/v2\/media\/90926"}],"wp:attachment":[{"href":"https:\/\/e.kosmolat.eu\/lv\/wp-json\/wp\/v2\/media?parent=48839"}],"wp:term":[{"taxonomy":"product_cat","embeddable":true,"href":"https:\/\/e.kosmolat.eu\/lv\/wp-json\/wp\/v2\/product_cat?post=48839"},{"taxonomy":"product_tag","embeddable":true,"href":"https:\/\/e.kosmolat.eu\/lv\/wp-json\/wp\/v2\/product_tag?post=48839"}],"curies":[{"name":"wp","href":"https:\/\/api.w.org\/{rel}","templated":true}]}}