{"id":48831,"date":"2024-04-04T04:21:27","date_gmt":"2024-04-04T04:21:27","guid":{"rendered":"https:\/\/e.kosmolat.eu\/product\/ecl-baby-lidz-bernu-vannosanai-ar-dabigo-ekstr-kompleksu-8-in-1-0-250-ml\/"},"modified":"2026-04-01T05:16:35","modified_gmt":"2026-04-01T05:16:35","slug":"ecl-baby-lidz-bernu-vannosanai-ar-dabigo-ekstr-kompleksu-8-in-1-0-250-ml","status":"publish","type":"product","link":"https:\/\/e.kosmolat.eu\/lv\/product\/ecl-baby-lidz-bernu-vannosanai-ar-dabigo-ekstr-kompleksu-8-in-1-0-250-ml\/","title":{"rendered":"ECL Baby L\u012bdz. b\u0113rnu vanno\u0161anai ar dab\u012bgo ekstr. kompleksu 8 in 1, 0+, 250 ml"},"content":{"rendered":"<p>Maigi kopj mazu\u013ca \u0101du jau no pirmaj\u0101m dz\u012bves dien\u0101m. Dab\u012bgais ekstraktu komplekss baro \u0101du un nomierina pirms gul\u0113tie&scaron;anas. Ieteicams pievieno&scaron;anai vannas \u016bdenim.&nbsp;Kli\u0146ger\u012btes, kumel\u012btes, m\u0101teres, melisas un piparm\u0113tras ekstrakti lieliski aizsarg\u0101 un nomierina jut\u012bgo mazu\u013ca \u0101du. Lavandas ekstraktam ar\u012b piem\u012bt nomierino&scaron;a iedarb\u012bba. Turkl\u0101t liepziedu ekstrakts m\u012bkstina \u0101du.<\/p>\n<p><strong>Lieto&scaron;ana: <\/strong>pievienojiet vannai 2 l\u012bdzek\u013ca v\u0101ci\u0146us. P\u0113c vanno&scaron;an\u0101s noskalojiet \u0101du ar t\u012bru \u016bdeni. Lietot pieaugu&scaron;o uzraudz\u012bb\u0101. Tikai \u0101r\u012bgai lieto&scaron;anai. Uzglab\u0101t b\u0113rniem nepieejam\u0101 viet\u0101.<br \/>\n&nbsp;<\/p>\n","protected":false},"excerpt":{"rendered":"<p>Maigi kopj mazu\u013ca \u0101du jau no pirmaj\u0101m dz\u012bves dien\u0101m. Dab\u012bgais ekstraktu komplekss baro \u0101du un nomierina pirms gul\u0113tie&scaron;anas. Ieteicams pievieno&scaron;anai vannas \u016bdenim.&nbsp;Kli\u0146ger\u012btes, kumel\u012btes, m\u0101teres, melisas un piparm\u0113tras ekstrakti lieliski aizsarg\u0101 un nomierina jut\u012bgo mazu\u013ca \u0101du. Lavandas ekstraktam ar\u012b piem\u012bt nomierino&scaron;a iedarb\u012bba. Turkl\u0101t liepziedu ekstrakts m\u012bkstina \u0101du. Lieto&scaron;ana: pievienojiet vannai 2 l\u012bdzek\u013ca v\u0101ci\u0146us. P\u0113c vanno&scaron;an\u0101s noskalojiet [&#8230;]\n","protected":false},"featured_media":90922,"template":"","meta":[],"product_cat":[1797],"product_tag":[],"class_list":{"0":"post-48831","1":"product","2":"type-product","3":"status-publish","4":"has-post-thumbnail","6":"product_brand-ecolab_cs","7":"product_cat-dusas-zelejas-ziepes-putas","9":"first","10":"instock","11":"taxable","12":"shipping-taxable","13":"product-type-simple"},"_links":{"self":[{"href":"https:\/\/e.kosmolat.eu\/lv\/wp-json\/wp\/v2\/product\/48831","targetHints":{"allow":["GET"]}}],"collection":[{"href":"https:\/\/e.kosmolat.eu\/lv\/wp-json\/wp\/v2\/product"}],"about":[{"href":"https:\/\/e.kosmolat.eu\/lv\/wp-json\/wp\/v2\/types\/product"}],"wp:featuredmedia":[{"embeddable":true,"href":"https:\/\/e.kosmolat.eu\/lv\/wp-json\/wp\/v2\/media\/90922"}],"wp:attachment":[{"href":"https:\/\/e.kosmolat.eu\/lv\/wp-json\/wp\/v2\/media?parent=48831"}],"wp:term":[{"taxonomy":"product_cat","embeddable":true,"href":"https:\/\/e.kosmolat.eu\/lv\/wp-json\/wp\/v2\/product_cat?post=48831"},{"taxonomy":"product_tag","embeddable":true,"href":"https:\/\/e.kosmolat.eu\/lv\/wp-json\/wp\/v2\/product_tag?post=48831"}],"curies":[{"name":"wp","href":"https:\/\/api.w.org\/{rel}","templated":true}]}}