{"id":48823,"date":"2024-04-04T04:20:49","date_gmt":"2024-04-04T04:20:49","guid":{"rendered":"https:\/\/e.kosmolat.eu\/product\/eclp-antiperspirants-invisible-protection-50-ml\/"},"modified":"2026-04-17T08:54:27","modified_gmt":"2026-04-17T08:54:27","slug":"eclp-antiperspirants-invisible-protection-50-ml","status":"publish","type":"product","link":"https:\/\/e.kosmolat.eu\/lv\/product\/eclp-antiperspirants-invisible-protection-50-ml\/","title":{"rendered":"ECLP Antiperspirants Invisible Protection, 50 ml"},"content":{"rendered":"<p>Uzticami aizsarg\u0101 pret sviedriem, regul\u0113 p\u0101rm\u0113r\u012bgu sv\u012b&scaron;anu un pal\u012bdz nov\u0113rst nepat\u012bkamo smaku. Maigi kopj \u0101du un atst\u0101j svaiguma saj\u016btu visas dienas garum\u0101. Produkts ir viegli lietojams, \u0101tri iz\u017e\u016bst un neatst\u0101j p\u0113das uz ap\u0123\u0113rba.<\/p>\n<p><strong>Akt\u012bv\u0101s sast\u0101vda\u013cas:<\/strong><\/p>\n<ul>\n<li><strong>Pantenols <\/strong>m\u012bkstina un atjauno \u0101du.<\/li>\n<li><strong>Kokvilnas ekstrakts<\/strong> m\u012bkstina \u0101du un aizsarg\u0101 pret kairin\u0101jumu.<\/li>\n<li><strong>Auzu e\u013c\u013cai<\/strong> ir nomierino&scaron;a, mitrino&scaron;a un barojo&scaron;a iedarb\u012bba uz \u0101du.<\/li>\n<\/ul>\n<p><strong>Lieto&scaron;ana:<\/strong> uzkl\u0101t uz t\u012bras, sausas \u0101das, l\u012bdz piln\u012bb\u0101 uzs\u016bcas. Tikai \u0101r\u012bgai lieto&scaron;anai.<br \/>\n&nbsp;<\/p>\n","protected":false},"excerpt":{"rendered":"<p>Uzticami aizsarg\u0101 pret sviedriem, regul\u0113 p\u0101rm\u0113r\u012bgu sv\u012b&scaron;anu un pal\u012bdz nov\u0113rst nepat\u012bkamo smaku. Maigi kopj \u0101du un atst\u0101j svaiguma saj\u016btu visas dienas garum\u0101. Produkts ir viegli lietojams, \u0101tri iz\u017e\u016bst un neatst\u0101j p\u0113das uz ap\u0123\u0113rba. Akt\u012bv\u0101s sast\u0101vda\u013cas: Pantenols m\u012bkstina un atjauno \u0101du. Kokvilnas ekstrakts m\u012bkstina \u0101du un aizsarg\u0101 pret kairin\u0101jumu. Auzu e\u013c\u013cai ir nomierino&scaron;a, mitrino&scaron;a un barojo&scaron;a [&#8230;]\n","protected":false},"featured_media":90918,"template":"","meta":[],"product_cat":[1692],"product_tag":[],"class_list":{"0":"post-48823","1":"product","2":"type-product","3":"status-publish","4":"has-post-thumbnail","6":"product_brand-ecolab_cs","7":"product_cat-dezodoranti-viriesiem","9":"first","10":"instock","11":"taxable","12":"shipping-taxable","13":"product-type-simple"},"_links":{"self":[{"href":"https:\/\/e.kosmolat.eu\/lv\/wp-json\/wp\/v2\/product\/48823","targetHints":{"allow":["GET"]}}],"collection":[{"href":"https:\/\/e.kosmolat.eu\/lv\/wp-json\/wp\/v2\/product"}],"about":[{"href":"https:\/\/e.kosmolat.eu\/lv\/wp-json\/wp\/v2\/types\/product"}],"wp:featuredmedia":[{"embeddable":true,"href":"https:\/\/e.kosmolat.eu\/lv\/wp-json\/wp\/v2\/media\/90918"}],"wp:attachment":[{"href":"https:\/\/e.kosmolat.eu\/lv\/wp-json\/wp\/v2\/media?parent=48823"}],"wp:term":[{"taxonomy":"product_cat","embeddable":true,"href":"https:\/\/e.kosmolat.eu\/lv\/wp-json\/wp\/v2\/product_cat?post=48823"},{"taxonomy":"product_tag","embeddable":true,"href":"https:\/\/e.kosmolat.eu\/lv\/wp-json\/wp\/v2\/product_tag?post=48823"}],"curies":[{"name":"wp","href":"https:\/\/api.w.org\/{rel}","templated":true}]}}