{"id":48815,"date":"2024-04-04T04:20:32","date_gmt":"2024-04-04T04:20:32","guid":{"rendered":"https:\/\/e.kosmolat.eu\/product\/eclp-antiperspirants-freshness-comfort-50-ml\/"},"modified":"2026-04-01T05:16:18","modified_gmt":"2026-04-01T05:16:18","slug":"eclp-antiperspirants-freshness-comfort-50-ml","status":"publish","type":"product","link":"https:\/\/e.kosmolat.eu\/lv\/product\/eclp-antiperspirants-freshness-comfort-50-ml\/","title":{"rendered":"ECLP Antiperspirants Freshness &#038; Comfort, 50 ml"},"content":{"rendered":"<p>Uzticami aizsarg\u0101 pret sviedriem, regul\u0113 p\u0101rm\u0113r\u012bgu sv\u012b&scaron;anu un pal\u012bdz nov\u0113rst nepat\u012bkamo smaku. Maigi kopj \u0101du un atst\u0101j svaiguma saj\u016btu visas dienas garum\u0101. Produkts ir viegli lietojams, \u0101tri iz\u017e\u016bst un neatst\u0101j p\u0113das uz ap\u0123\u0113rba.<\/p>\n<p><strong>Akt\u012bv\u0101s sast\u0101vda\u013cas:&nbsp;<\/strong><\/p>\n<ul>\n<li><strong>Bergamotes ekstrakts<\/strong> toniz\u0113 un mitrina \u0101du.&nbsp;<\/li>\n<li><strong>Za\u013c\u0101s t\u0113jas ekstraktam<\/strong> ir antioksidanta \u012bpa&scaron;\u012bbas un tas dezodor\u0113 \u0101du.&nbsp;<\/li>\n<li><strong>Liepziedu&nbsp;e\u013c\u013ca <\/strong>m\u012bkstina un atsvaidzina \u0101du.<\/li>\n<\/ul>\n<p><strong>Lieto&scaron;ana:<\/strong> uzkl\u0101t uz t\u012bras, sausas \u0101das, l\u012bdz piln\u012bb\u0101 uzs\u016bcas. Tikai \u0101r\u012bgai lieto&scaron;anai.<br \/>\n&nbsp;<\/p>\n","protected":false},"excerpt":{"rendered":"<p>Uzticami aizsarg\u0101 pret sviedriem, regul\u0113 p\u0101rm\u0113r\u012bgu sv\u012b&scaron;anu un pal\u012bdz nov\u0113rst nepat\u012bkamo smaku. Maigi kopj \u0101du un atst\u0101j svaiguma saj\u016btu visas dienas garum\u0101. Produkts ir viegli lietojams, \u0101tri iz\u017e\u016bst un neatst\u0101j p\u0113das uz ap\u0123\u0113rba. Akt\u012bv\u0101s sast\u0101vda\u013cas:&nbsp; Bergamotes ekstrakts toniz\u0113 un mitrina \u0101du.&nbsp; Za\u013c\u0101s t\u0113jas ekstraktam ir antioksidanta \u012bpa&scaron;\u012bbas un tas dezodor\u0113 \u0101du.&nbsp; Liepziedu&nbsp;e\u013c\u013ca m\u012bkstina un atsvaidzina [&#8230;]\n","protected":false},"featured_media":90914,"template":"","meta":[],"product_cat":[1692],"product_tag":[],"class_list":{"0":"post-48815","1":"product","2":"type-product","3":"status-publish","4":"has-post-thumbnail","6":"product_brand-ecolab_cs","7":"product_cat-dezodoranti-viriesiem","9":"first","10":"instock","11":"taxable","12":"shipping-taxable","13":"product-type-simple"},"_links":{"self":[{"href":"https:\/\/e.kosmolat.eu\/lv\/wp-json\/wp\/v2\/product\/48815","targetHints":{"allow":["GET"]}}],"collection":[{"href":"https:\/\/e.kosmolat.eu\/lv\/wp-json\/wp\/v2\/product"}],"about":[{"href":"https:\/\/e.kosmolat.eu\/lv\/wp-json\/wp\/v2\/types\/product"}],"wp:featuredmedia":[{"embeddable":true,"href":"https:\/\/e.kosmolat.eu\/lv\/wp-json\/wp\/v2\/media\/90914"}],"wp:attachment":[{"href":"https:\/\/e.kosmolat.eu\/lv\/wp-json\/wp\/v2\/media?parent=48815"}],"wp:term":[{"taxonomy":"product_cat","embeddable":true,"href":"https:\/\/e.kosmolat.eu\/lv\/wp-json\/wp\/v2\/product_cat?post=48815"},{"taxonomy":"product_tag","embeddable":true,"href":"https:\/\/e.kosmolat.eu\/lv\/wp-json\/wp\/v2\/product_tag?post=48815"}],"curies":[{"name":"wp","href":"https:\/\/api.w.org\/{rel}","templated":true}]}}