{"id":48807,"date":"2024-04-04T04:20:08","date_gmt":"2024-04-04T04:20:08","guid":{"rendered":"https:\/\/e.kosmolat.eu\/product\/ecl-termoaizsarg-sprejs-matu-veidos-vg-organic-cannabis-200-ml\/"},"modified":"2026-04-15T10:02:25","modified_gmt":"2026-04-15T10:02:25","slug":"ecl-termoaizsarg-sprejs-matu-veidos-vg-organic-cannabis-200-ml","status":"publish","type":"product","link":"https:\/\/e.kosmolat.eu\/lv\/product\/ecl-termoaizsarg-sprejs-matu-veidos-vg-organic-cannabis-200-ml\/","title":{"rendered":"ECL Termoaizsarg. sprejs matu veido\u0161. V&#038;G Organic Cannabis, 200 ml"},"content":{"rendered":"<p>Aizsarg\u0101 matus no karstuma un boj\u0101jumiem matu veido&scaron;anas laik\u0101. Baro un m\u012bkstina matus, padarot tos sp\u012bd\u012bg\u0101kus. Piem\u0113rots visiem matu tipiem. Piem\u0113rots veg\u0101niem.&nbsp;<\/p>\n<p><strong>Organisk\u0101s sast\u0101vda\u013cas:<\/strong> Organisk\u0101 auksti spiesta ka\u0146epju e\u013c\u013ca ir bag\u0101ta ar Omega tauksk\u0101b\u0113m un vitam\u012bniem. T\u0101 mazina matu izkri&scaron;anu un atjauno sausus un boj\u0101tus matus.&nbsp;<\/p>\n<p><strong>Akt\u012bv\u0101s sast\u0101vda\u013cas:&nbsp;<\/strong><\/p>\n<ul>\n<li><strong>R\u012bsu prote\u012bns <\/strong>atjauno un stiprina matus, k\u0101 ar\u012b nodro&scaron;ina intens\u012bvu baro&scaron;anu no sakn\u0113m l\u012bdz galiem.<\/li>\n<li><strong>Cipreses e\u013c\u013cai<\/strong> piem\u012bt antioksidanta iedarb\u012bba, t\u0101 stiprina matu folikulus, nov\u0113r&scaron; matu izkri&scaron;anu un pie&scaron;\u0137ir tiem sp\u012bdumu.<\/li>\n<li><strong>E vitam\u012bns <\/strong>nodro&scaron;ina matu elast\u012bbu un sp\u012bdumu.<\/li>\n<\/ul>\n<p><strong>Lieto&scaron;ana:<\/strong> Izsmidzin\u0101t uz mitriem matiem un ieveidot tos. Izvair\u012bties no saskares ar ac\u012bm. Ja nok\u013c\u016bst ac\u012bs, noskalot tos ar lielu daudzumu \u016bdens. Tikai \u0101r\u012bgai lieto&scaron;anai.<\/p>\n","protected":false},"excerpt":{"rendered":"<p>Aizsarg\u0101 matus no karstuma un boj\u0101jumiem matu veido&scaron;anas laik\u0101. Baro un m\u012bkstina matus, padarot tos sp\u012bd\u012bg\u0101kus. Piem\u0113rots visiem matu tipiem. Piem\u0113rots veg\u0101niem.&nbsp; Organisk\u0101s sast\u0101vda\u013cas: Organisk\u0101 auksti spiesta ka\u0146epju e\u013c\u013ca ir bag\u0101ta ar Omega tauksk\u0101b\u0113m un vitam\u012bniem. T\u0101 mazina matu izkri&scaron;anu un atjauno sausus un boj\u0101tus matus.&nbsp; Akt\u012bv\u0101s sast\u0101vda\u013cas:&nbsp; R\u012bsu prote\u012bns atjauno un stiprina matus, k\u0101 [&#8230;]\n","protected":false},"featured_media":90898,"template":"","meta":[],"product_cat":[1999],"product_tag":[],"class_list":{"0":"post-48807","1":"product","2":"type-product","3":"status-publish","4":"has-post-thumbnail","6":"product_brand-ecolab_cs","7":"product_cat-bez-kategorijas","9":"first","10":"instock","11":"taxable","12":"shipping-taxable","13":"product-type-simple"},"_links":{"self":[{"href":"https:\/\/e.kosmolat.eu\/lv\/wp-json\/wp\/v2\/product\/48807","targetHints":{"allow":["GET"]}}],"collection":[{"href":"https:\/\/e.kosmolat.eu\/lv\/wp-json\/wp\/v2\/product"}],"about":[{"href":"https:\/\/e.kosmolat.eu\/lv\/wp-json\/wp\/v2\/types\/product"}],"wp:featuredmedia":[{"embeddable":true,"href":"https:\/\/e.kosmolat.eu\/lv\/wp-json\/wp\/v2\/media\/90898"}],"wp:attachment":[{"href":"https:\/\/e.kosmolat.eu\/lv\/wp-json\/wp\/v2\/media?parent=48807"}],"wp:term":[{"taxonomy":"product_cat","embeddable":true,"href":"https:\/\/e.kosmolat.eu\/lv\/wp-json\/wp\/v2\/product_cat?post=48807"},{"taxonomy":"product_tag","embeddable":true,"href":"https:\/\/e.kosmolat.eu\/lv\/wp-json\/wp\/v2\/product_tag?post=48807"}],"curies":[{"name":"wp","href":"https:\/\/api.w.org\/{rel}","templated":true}]}}