{"id":48799,"date":"2024-04-04T04:19:33","date_gmt":"2024-04-04T04:19:33","guid":{"rendered":"https:\/\/e.kosmolat.eu\/product\/ecl-termoaizsarg-sprejs-matu-veidos-ns-organic-avocado-200-ml\/"},"modified":"2026-04-22T09:44:23","modified_gmt":"2026-04-22T09:44:23","slug":"ecl-termoaizsarg-sprejs-matu-veidos-ns-organic-avocado-200-ml","status":"publish","type":"product","link":"https:\/\/e.kosmolat.eu\/lv\/product\/ecl-termoaizsarg-sprejs-matu-veidos-ns-organic-avocado-200-ml\/","title":{"rendered":"ECL Termoaizsarg. sprejs matu veido\u0161. N&#038;S Organic Avocado, 200 ml"},"content":{"rendered":"<p>Aizsarg\u0101 matus no karstuma un boj\u0101jumiem matu veido&scaron;anas laik\u0101. Baro un m\u012bkstina matus, padarot tos m\u012bkst\u0101kus un sp\u012bd\u012bg\u0101kus. Piem\u0113rots visiem matu tipiem. Piem\u0113rots veg\u0101niem.<\/p>\n<p><strong>Organisk\u0101s sast\u0101vda\u013cas: <\/strong>\u041erganisk\u0101 auksti spiesta avokado e\u013c\u013ca satur vitam\u012bnus un polinepies\u0101tin\u0101tas tauksk\u0101bes. Efekt\u012bvi atjauno un baro matus, neradot taukainu saj\u016btu, k\u0101 ar\u012b aizsarg\u0101 matus no augstas temperat\u016bras iedarb\u012bbas matu veido&scaron;anas laik\u0101.<\/p>\n<p><strong>Akt\u012bv\u0101s sast\u0101vda\u013cas:<\/strong><\/p>\n<ul>\n<li><strong>Argana e\u013c\u013ca<\/strong> intens\u012bvi mirina, baro un stiprina matus.<\/li>\n<li><strong>Biolip\u012bdu komplekss <\/strong>efekt\u012bvi atjauno boj\u0101tus matus, pasarg\u0101jot tos no mitruma zuduma, sausuma un citiem negat\u012bviem faktoriem.<\/li>\n<li><strong>E vitam\u012bns<\/strong> nodro&scaron;ina matu elast\u012bbu un sp\u012bdumu.<\/li>\n<\/ul>\n<p><strong>Lieto&scaron;ana:<\/strong> Izsmidzin\u0101t uz mitriem matiem un ieveidot tos. Izvair\u012bties no saskares ar ac\u012bm. Ja nok\u013c\u016bst ac\u012bs, noskalot tos ar lielu daudzumu \u016bdens. Tikai \u0101r\u012bgai lieto&scaron;anai.<br \/>\n&nbsp;<\/p>\n","protected":false},"excerpt":{"rendered":"<p>Aizsarg\u0101 matus no karstuma un boj\u0101jumiem matu veido&scaron;anas laik\u0101. Baro un m\u012bkstina matus, padarot tos m\u012bkst\u0101kus un sp\u012bd\u012bg\u0101kus. Piem\u0113rots visiem matu tipiem. Piem\u0113rots veg\u0101niem. Organisk\u0101s sast\u0101vda\u013cas: \u041erganisk\u0101 auksti spiesta avokado e\u013c\u013ca satur vitam\u012bnus un polinepies\u0101tin\u0101tas tauksk\u0101bes. Efekt\u012bvi atjauno un baro matus, neradot taukainu saj\u016btu, k\u0101 ar\u012b aizsarg\u0101 matus no augstas temperat\u016bras iedarb\u012bbas matu veido&scaron;anas laik\u0101. [&#8230;]\n","protected":false},"featured_media":90894,"template":"","meta":[],"product_cat":[1999],"product_tag":[],"class_list":{"0":"post-48799","1":"product","2":"type-product","3":"status-publish","4":"has-post-thumbnail","6":"product_brand-ecolab_cs","7":"product_cat-bez-kategorijas","9":"first","10":"instock","11":"taxable","12":"shipping-taxable","13":"product-type-simple"},"_links":{"self":[{"href":"https:\/\/e.kosmolat.eu\/lv\/wp-json\/wp\/v2\/product\/48799","targetHints":{"allow":["GET"]}}],"collection":[{"href":"https:\/\/e.kosmolat.eu\/lv\/wp-json\/wp\/v2\/product"}],"about":[{"href":"https:\/\/e.kosmolat.eu\/lv\/wp-json\/wp\/v2\/types\/product"}],"wp:featuredmedia":[{"embeddable":true,"href":"https:\/\/e.kosmolat.eu\/lv\/wp-json\/wp\/v2\/media\/90894"}],"wp:attachment":[{"href":"https:\/\/e.kosmolat.eu\/lv\/wp-json\/wp\/v2\/media?parent=48799"}],"wp:term":[{"taxonomy":"product_cat","embeddable":true,"href":"https:\/\/e.kosmolat.eu\/lv\/wp-json\/wp\/v2\/product_cat?post=48799"},{"taxonomy":"product_tag","embeddable":true,"href":"https:\/\/e.kosmolat.eu\/lv\/wp-json\/wp\/v2\/product_tag?post=48799"}],"curies":[{"name":"wp","href":"https:\/\/api.w.org\/{rel}","templated":true}]}}