{"id":48791,"date":"2024-04-04T04:16:41","date_gmt":"2024-04-04T04:16:41","guid":{"rendered":"https:\/\/e.kosmolat.eu\/product\/ecl-matu-maska-vg-organic-cannabis-250-ml\/"},"modified":"2025-09-20T03:25:00","modified_gmt":"2025-09-20T03:25:00","slug":"ecl-matu-maska-vg-organic-cannabis-250-ml","status":"publish","type":"product","link":"https:\/\/e.kosmolat.eu\/lv\/product\/ecl-matu-maska-vg-organic-cannabis-250-ml\/","title":{"rendered":"ECL Matu maska V&#038;G Organic Cannabis, 250 ml"},"content":{"rendered":"<p>Pies\u0101tin\u0101ta ar bar\u012bbas viel\u0101m maska iek\u013c\u016bst matu strukt\u016br\u0101, atjaunojot tos vis\u0101 garum\u0101 un pasarg\u0101jot no l\u016b&scaron;anas. T\u0101 pal\u012bdz atdz\u012bvin\u0101t sausus matus, pie&scaron;\u0137irot tiem vesel\u012bgu sp\u012bdumu. Piem\u0113rots visiem matu tipiem. Piem\u0113rots veg\u0101niem.<\/p>\n<p><strong>Organisk\u0101s sast\u0101vda\u013cas: <\/strong>Organisk\u0101 auksti spiesta ka\u0146epju e\u013c\u013ca ir bag\u0101ta ar Omega tauksk\u0101b\u0113m un vitam\u012bniem. T\u0101 mazina matu izkri&scaron;anu un atjauno sausus un boj\u0101tus matus.&nbsp;<\/p>\n<p><strong>Akt\u012bv\u0101s sast\u0101vda\u013cas:&nbsp;<\/strong><\/p>\n<ul>\n<li><strong>R\u012bsu prote\u012bns<\/strong> atjauno matus, nodro&scaron;ina intens\u012bvu baro&scaron;anu no sakn\u0113m l\u012bdz galiem, stiprina matus, pie&scaron;\u0137ir tiem apjomu un toniz\u0113 galvas \u0101du.<\/li>\n<li><strong>Niacinam\u012bds<\/strong> aktiviz\u0113 matu folikulus, veicinot matu aug&scaron;anu un nostiprinot tos. Tas baro, atjauno un stimul\u0113 kolag\u0113na ra\u017eo&scaron;anu, nodro&scaron;inot matiem vesel\u012bgu sp\u012bdumu.<\/li>\n<li><strong>Cipreses e\u013c\u013ca <\/strong>nomierina galvas \u0101du, stiprina matu folikulus un padara matus elsat\u012bg\u0101kus.<\/li>\n<\/ul>\n<p><strong>Lieto&scaron;ana:<\/strong> Uzkl\u0101t uz t\u012briem mitriem matiem. P\u0113c 2 &#8211; 5 min\u016bt\u0113m noskalot ar siltu \u016bdeni. Tikai \u0101r\u012bgai lieto&scaron;anai.<br \/>\n&nbsp;<\/p>\n","protected":false},"excerpt":{"rendered":"<p>Pies\u0101tin\u0101ta ar bar\u012bbas viel\u0101m maska iek\u013c\u016bst matu strukt\u016br\u0101, atjaunojot tos vis\u0101 garum\u0101 un pasarg\u0101jot no l\u016b&scaron;anas. T\u0101 pal\u012bdz atdz\u012bvin\u0101t sausus matus, pie&scaron;\u0137irot tiem vesel\u012bgu sp\u012bdumu. Piem\u0113rots visiem matu tipiem. Piem\u0113rots veg\u0101niem. Organisk\u0101s sast\u0101vda\u013cas: Organisk\u0101 auksti spiesta ka\u0146epju e\u013c\u013ca ir bag\u0101ta ar Omega tauksk\u0101b\u0113m un vitam\u012bniem. T\u0101 mazina matu izkri&scaron;anu un atjauno sausus un boj\u0101tus matus.&nbsp; [&#8230;]\n","protected":false},"featured_media":90890,"template":"","meta":[],"product_cat":[1999],"product_tag":[],"class_list":{"0":"post-48791","1":"product","2":"type-product","3":"status-publish","4":"has-post-thumbnail","6":"product_brand-ecolab_cs","7":"product_cat-bez-kategorijas","9":"first","10":"outofstock","11":"taxable","12":"shipping-taxable","13":"product-type-simple"},"_links":{"self":[{"href":"https:\/\/e.kosmolat.eu\/lv\/wp-json\/wp\/v2\/product\/48791","targetHints":{"allow":["GET"]}}],"collection":[{"href":"https:\/\/e.kosmolat.eu\/lv\/wp-json\/wp\/v2\/product"}],"about":[{"href":"https:\/\/e.kosmolat.eu\/lv\/wp-json\/wp\/v2\/types\/product"}],"wp:featuredmedia":[{"embeddable":true,"href":"https:\/\/e.kosmolat.eu\/lv\/wp-json\/wp\/v2\/media\/90890"}],"wp:attachment":[{"href":"https:\/\/e.kosmolat.eu\/lv\/wp-json\/wp\/v2\/media?parent=48791"}],"wp:term":[{"taxonomy":"product_cat","embeddable":true,"href":"https:\/\/e.kosmolat.eu\/lv\/wp-json\/wp\/v2\/product_cat?post=48791"},{"taxonomy":"product_tag","embeddable":true,"href":"https:\/\/e.kosmolat.eu\/lv\/wp-json\/wp\/v2\/product_tag?post=48791"}],"curies":[{"name":"wp","href":"https:\/\/api.w.org\/{rel}","templated":true}]}}