{"id":48783,"date":"2024-04-04T04:16:26","date_gmt":"2024-04-04T04:16:26","guid":{"rendered":"https:\/\/e.kosmolat.eu\/product\/ecl-matu-maska-ns-organic-avocado-250-ml\/"},"modified":"2026-04-16T10:39:38","modified_gmt":"2026-04-16T10:39:38","slug":"ecl-matu-maska-ns-organic-avocado-250-ml","status":"publish","type":"product","link":"https:\/\/e.kosmolat.eu\/lv\/product\/ecl-matu-maska-ns-organic-avocado-250-ml\/","title":{"rendered":"ECL Matu maska N&#038;S Organic Avocado, 250 ml"},"content":{"rendered":"<p>Pies\u0101tin\u0101ta ar bar\u012bbas viel\u0101m maska iek\u013c\u016bst matu strukt\u016br\u0101, atjaunojot tos vis\u0101 garum\u0101 un pasarg\u0101jot no l\u016b&scaron;anas. T\u0101 pal\u012bdz atdz\u012bvin\u0101t sausus matus, pie&scaron;\u0137irot tiem vesel\u012bgu sp\u012bdumu. Piem\u0113rots visiem matu tipiem. Piem\u0113rots veg\u0101niem.<\/p>\n<p><strong>Organisk\u0101s sast\u0101vda\u013cas:<\/strong> Organisk\u0101 auksti spiesta avokado e\u013c\u013ca satur vitam\u012bnus un antioksidantus, stimul\u0113 kolag\u0113na izstr\u0101di un atjauno \u0101das aizsargfunkcijas, m\u012bkstina un baro matus. Bag\u0101ta ar B, C, D, E vitam\u012bniem un polinepies\u0101tin\u0101taj\u0101m tauksk\u0101b\u0113m. Efekt\u012bvi atjauno, nostiprina un baro matus.<\/p>\n<p><strong>Akt\u012bv\u0101s sast\u0101vda\u013cas:<\/strong><\/p>\n<ul>\n<li><strong>Kakao sviests<\/strong> mitrina un baro matus ar vitam\u012bniem, atgrie\u017eot tiem dabisko skaistumu un sp\u0113ku.<\/li>\n<li><strong>Salvijas ekstrakts<\/strong> toniz\u0113 galvas \u0101du, stiprina matus un pie&scaron;\u0137ir ilgsto&scaron;u svaigumu.<\/li>\n<li><strong>Inul\u012bns<\/strong> nov\u0113r&scaron; galvas \u0101das un matu dehidrat\u0101ciju, m\u012bkstina un izl\u012bdzina, att\u012bra un pie&scaron;\u0137ir matiem dabisku sp\u012bdumu un mirdzumu.<\/li>\n<\/ul>\n<p><strong>Lieto&scaron;ana:<\/strong>&nbsp;Uzkl\u0101t uz t\u012briem mitriem matiem. P\u0113c 2 &#8211; 5 min\u016bt\u0113m noskalot ar siltu \u016bdeni. Tikai \u0101r\u012bgai lieto&scaron;anai.<br \/>\n&nbsp;<\/p>\n","protected":false},"excerpt":{"rendered":"<p>Pies\u0101tin\u0101ta ar bar\u012bbas viel\u0101m maska iek\u013c\u016bst matu strukt\u016br\u0101, atjaunojot tos vis\u0101 garum\u0101 un pasarg\u0101jot no l\u016b&scaron;anas. T\u0101 pal\u012bdz atdz\u012bvin\u0101t sausus matus, pie&scaron;\u0137irot tiem vesel\u012bgu sp\u012bdumu. Piem\u0113rots visiem matu tipiem. Piem\u0113rots veg\u0101niem. Organisk\u0101s sast\u0101vda\u013cas: Organisk\u0101 auksti spiesta avokado e\u013c\u013ca satur vitam\u012bnus un antioksidantus, stimul\u0113 kolag\u0113na izstr\u0101di un atjauno \u0101das aizsargfunkcijas, m\u012bkstina un baro matus. Bag\u0101ta ar [&#8230;]\n","protected":false},"featured_media":78490,"template":"","meta":[],"product_cat":[1257],"product_tag":[],"class_list":{"0":"post-48783","1":"product","2":"type-product","3":"status-publish","4":"has-post-thumbnail","6":"product_brand-ecolab_cs","7":"product_cat-1257","9":"first","10":"outofstock","11":"taxable","12":"shipping-taxable","13":"product-type-simple"},"_links":{"self":[{"href":"https:\/\/e.kosmolat.eu\/lv\/wp-json\/wp\/v2\/product\/48783","targetHints":{"allow":["GET"]}}],"collection":[{"href":"https:\/\/e.kosmolat.eu\/lv\/wp-json\/wp\/v2\/product"}],"about":[{"href":"https:\/\/e.kosmolat.eu\/lv\/wp-json\/wp\/v2\/types\/product"}],"wp:featuredmedia":[{"embeddable":true,"href":"https:\/\/e.kosmolat.eu\/lv\/wp-json\/wp\/v2\/media\/78490"}],"wp:attachment":[{"href":"https:\/\/e.kosmolat.eu\/lv\/wp-json\/wp\/v2\/media?parent=48783"}],"wp:term":[{"taxonomy":"product_cat","embeddable":true,"href":"https:\/\/e.kosmolat.eu\/lv\/wp-json\/wp\/v2\/product_cat?post=48783"},{"taxonomy":"product_tag","embeddable":true,"href":"https:\/\/e.kosmolat.eu\/lv\/wp-json\/wp\/v2\/product_tag?post=48783"}],"curies":[{"name":"wp","href":"https:\/\/api.w.org\/{rel}","templated":true}]}}