{"id":48767,"date":"2024-04-04T04:15:55","date_gmt":"2024-04-04T04:15:55","guid":{"rendered":"https:\/\/e.kosmolat.eu\/product\/ecl-matu-maska-dr-organic-argana-250-ml\/"},"modified":"2026-04-17T06:26:55","modified_gmt":"2026-04-17T06:26:55","slug":"ecl-matu-maska-dr-organic-argana-250-ml","status":"publish","type":"product","link":"https:\/\/e.kosmolat.eu\/lv\/product\/ecl-matu-maska-dr-organic-argana-250-ml\/","title":{"rendered":"ECL Matu maska DR Organic Argana, 250 ml"},"content":{"rendered":"<p>Pies\u0101tin\u0101ta ar bar\u012bbas viel\u0101m maska iek\u013c\u016bst matu strukt\u016br\u0101, atjaunojot tos vis\u0101 garum\u0101 un pasarg\u0101jot no l\u016b&scaron;anas. T\u0101 pal\u012bdz atdz\u012bvin\u0101t sausus matus, pie&scaron;\u0137irot tiem vesel\u012bgu sp\u012bdumu. Piem\u0113rots visiem matu tipiem. Piem\u0113rots veg\u0101niem.<\/p>\n<p><strong>Organisk\u0101s sast\u0101vda\u013cas:<\/strong> Organisk\u0101 auksti spiesta argana e\u013c\u013ca ir bag\u0101ta ar nepies\u0101tin\u0101t\u0101m tauksk\u0101b\u0113m un E vitam\u012bnu, kas labv\u0113l\u012bgi ietekm\u0113 matu un galvas \u0101das vesel\u012bbu. Argana e\u013c\u013ca atjauno nov\u0101jin\u0101tus un sausus matus, padarot tos vesel\u012bgus un sp\u012bd\u012bgus.<\/p>\n<p><strong>Akt\u012bv\u0101s sast\u0101vda\u013cas:<\/strong><\/p>\n<ul>\n<li><strong>Makad\u0101mijas e\u013c\u013ca<\/strong> baro matus, uztur mitrumu un uzlabo matu elast\u012bbu.<\/li>\n<li><strong>Biolip\u012bdu komplekss<\/strong> stiprina galvas \u0101das mikrobiomu un&nbsp;uztur&nbsp;vesel\u012bgu mikrofloru, atvieglojot matu \u0137emm\u0113&scaron;anu un nodro&scaron;inot matu gludumu un sp\u012bdumu.<\/li>\n<\/ul>\n<p><strong>Lieto&scaron;ana:<\/strong> Uzkl\u0101t uz t\u012briem mitriem matiem. P\u0113c 2 &#8211; 5 min\u016bt\u0113m noskalot ar siltu \u016bdeni. Tikai \u0101r\u012bgai lieto&scaron;anai.<br \/>\n&nbsp;<\/p>\n","protected":false},"excerpt":{"rendered":"<p>Pies\u0101tin\u0101ta ar bar\u012bbas viel\u0101m maska iek\u013c\u016bst matu strukt\u016br\u0101, atjaunojot tos vis\u0101 garum\u0101 un pasarg\u0101jot no l\u016b&scaron;anas. T\u0101 pal\u012bdz atdz\u012bvin\u0101t sausus matus, pie&scaron;\u0137irot tiem vesel\u012bgu sp\u012bdumu. Piem\u0113rots visiem matu tipiem. Piem\u0113rots veg\u0101niem. Organisk\u0101s sast\u0101vda\u013cas: Organisk\u0101 auksti spiesta argana e\u013c\u013ca ir bag\u0101ta ar nepies\u0101tin\u0101t\u0101m tauksk\u0101b\u0113m un E vitam\u012bnu, kas labv\u0113l\u012bgi ietekm\u0113 matu un galvas \u0101das vesel\u012bbu. Argana [&#8230;]\n","protected":false},"featured_media":90882,"template":"","meta":[],"product_cat":[1999],"product_tag":[],"class_list":{"0":"post-48767","1":"product","2":"type-product","3":"status-publish","4":"has-post-thumbnail","6":"product_brand-ecolab_cs","7":"product_cat-bez-kategorijas","9":"first","10":"instock","11":"taxable","12":"shipping-taxable","13":"product-type-simple"},"_links":{"self":[{"href":"https:\/\/e.kosmolat.eu\/lv\/wp-json\/wp\/v2\/product\/48767","targetHints":{"allow":["GET"]}}],"collection":[{"href":"https:\/\/e.kosmolat.eu\/lv\/wp-json\/wp\/v2\/product"}],"about":[{"href":"https:\/\/e.kosmolat.eu\/lv\/wp-json\/wp\/v2\/types\/product"}],"wp:featuredmedia":[{"embeddable":true,"href":"https:\/\/e.kosmolat.eu\/lv\/wp-json\/wp\/v2\/media\/90882"}],"wp:attachment":[{"href":"https:\/\/e.kosmolat.eu\/lv\/wp-json\/wp\/v2\/media?parent=48767"}],"wp:term":[{"taxonomy":"product_cat","embeddable":true,"href":"https:\/\/e.kosmolat.eu\/lv\/wp-json\/wp\/v2\/product_cat?post=48767"},{"taxonomy":"product_tag","embeddable":true,"href":"https:\/\/e.kosmolat.eu\/lv\/wp-json\/wp\/v2\/product_tag?post=48767"}],"curies":[{"name":"wp","href":"https:\/\/api.w.org\/{rel}","templated":true}]}}