{"id":48759,"date":"2024-04-04T04:15:39","date_gmt":"2024-04-04T04:15:39","guid":{"rendered":"https:\/\/e.kosmolat.eu\/product\/ecl-matu-balzams-vg-organic-cannabis-250-ml\/"},"modified":"2026-04-22T09:44:07","modified_gmt":"2026-04-22T09:44:07","slug":"ecl-matu-balzams-vg-organic-cannabis-250-ml","status":"publish","type":"product","link":"https:\/\/e.kosmolat.eu\/lv\/product\/ecl-matu-balzams-vg-organic-cannabis-250-ml\/","title":{"rendered":"ECL Matu Balzams V&#038;G Organic Cannabis, 250 ml"},"content":{"rendered":"<p>Balzams r\u016bp\u0113jas par matiem, blo\u0137\u0113 mitrumu un izl\u012bdzina pat nepaklaus\u012bgus matus, k\u0101 ar\u012b pie&scaron;\u0137ir tiem vesel\u012bgu izskatu un nov\u0113r&scaron; to l\u016b&scaron;anu. Piem\u0113rots visiem matu tipiem. Piem\u0113rots veg\u0101niem.<\/p>\n<p><strong>Organisk\u0101s sast\u0101vda\u013cas:<\/strong>&nbsp;Organisk\u0101 auksti spiesta ka\u0146epju e\u013c\u013ca ir bag\u0101ta ar Omega tauksk\u0101b\u0113m un vitam\u012bniem. T\u0101 mazina matu izkri&scaron;anu un atjauno sausus un boj\u0101tus matus. Ka\u0146epju e\u013c\u013cu izmanto matu kop&scaron;an\u0101, jo t\u0101 aizsarg\u0101 tos no nelabv\u0113l\u012bg\u0101s klimata ietekmes, dehidrat\u0101cijas un pies\u0101r\u0146ojuma.<\/p>\n<p><strong>Akt\u012bv\u0101s sast\u0101vda\u013cas:<\/strong><\/p>\n<ul>\n<li><strong>V\u0113rmeles ekstrakts<\/strong> baro un stiprina matu folikulus, veicinot matu aug&scaron;anu, t\u0101d\u0113j\u0101di tie izskat\u0101s vesel\u012bgi un sp\u012bd\u012bgi. V\u0113rmeles ekstraktam piem\u012bt lieliska mitrino&scaron;a un izl\u012bdzino&scaron;a iedarb\u012bba, k\u0101 ar\u012b antistatisks efekts.<\/li>\n<li><strong>Niacinam\u012bds<\/strong> aktiviz\u0113 matu folikulus, veicinot matu aug&scaron;anu un nostiprinot tos. Tas baro, atjauno un stimul\u0113 kolag\u0113na ra\u017eo&scaron;anu, nodro&scaron;inot matiem vesel\u012bgu sp\u012bdumu.<\/li>\n<li><strong>R\u012bsu prote\u012bns <\/strong>atjauno matus, nodro&scaron;ina intens\u012bvu baro&scaron;anu no sakn\u0113m l\u012bdz galiem, stiprina matus un toniz\u0113 galvas \u0101du.<\/li>\n<\/ul>\n<p><strong>Lieto&scaron;ana: <\/strong>&nbsp;Uzkl\u0101t uz t\u012briem mitriem matiem. P\u0113c 1-2 min\u016bt\u0113m noskalot ar siltu \u016bdeni. Tikai \u0101r\u012bgai lieto&scaron;anai.<br \/>\n&nbsp;<\/p>\n","protected":false},"excerpt":{"rendered":"<p>Balzams r\u016bp\u0113jas par matiem, blo\u0137\u0113 mitrumu un izl\u012bdzina pat nepaklaus\u012bgus matus, k\u0101 ar\u012b pie&scaron;\u0137ir tiem vesel\u012bgu izskatu un nov\u0113r&scaron; to l\u016b&scaron;anu. Piem\u0113rots visiem matu tipiem. Piem\u0113rots veg\u0101niem. Organisk\u0101s sast\u0101vda\u013cas:&nbsp;Organisk\u0101 auksti spiesta ka\u0146epju e\u013c\u013ca ir bag\u0101ta ar Omega tauksk\u0101b\u0113m un vitam\u012bniem. T\u0101 mazina matu izkri&scaron;anu un atjauno sausus un boj\u0101tus matus. Ka\u0146epju e\u013c\u013cu izmanto matu kop&scaron;an\u0101, [&#8230;]\n","protected":false},"featured_media":90878,"template":"","meta":[],"product_cat":[1999],"product_tag":[],"class_list":{"0":"post-48759","1":"product","2":"type-product","3":"status-publish","4":"has-post-thumbnail","6":"product_brand-ecolab_cs","7":"product_cat-bez-kategorijas","9":"first","10":"instock","11":"taxable","12":"shipping-taxable","13":"product-type-simple"},"_links":{"self":[{"href":"https:\/\/e.kosmolat.eu\/lv\/wp-json\/wp\/v2\/product\/48759","targetHints":{"allow":["GET"]}}],"collection":[{"href":"https:\/\/e.kosmolat.eu\/lv\/wp-json\/wp\/v2\/product"}],"about":[{"href":"https:\/\/e.kosmolat.eu\/lv\/wp-json\/wp\/v2\/types\/product"}],"wp:featuredmedia":[{"embeddable":true,"href":"https:\/\/e.kosmolat.eu\/lv\/wp-json\/wp\/v2\/media\/90878"}],"wp:attachment":[{"href":"https:\/\/e.kosmolat.eu\/lv\/wp-json\/wp\/v2\/media?parent=48759"}],"wp:term":[{"taxonomy":"product_cat","embeddable":true,"href":"https:\/\/e.kosmolat.eu\/lv\/wp-json\/wp\/v2\/product_cat?post=48759"},{"taxonomy":"product_tag","embeddable":true,"href":"https:\/\/e.kosmolat.eu\/lv\/wp-json\/wp\/v2\/product_tag?post=48759"}],"curies":[{"name":"wp","href":"https:\/\/api.w.org\/{rel}","templated":true}]}}