{"id":48751,"date":"2024-04-04T04:15:26","date_gmt":"2024-04-04T04:15:26","guid":{"rendered":"https:\/\/e.kosmolat.eu\/product\/ecl-matu-balzams-ns-organic-avocado-250-ml\/"},"modified":"2026-04-14T13:53:22","modified_gmt":"2026-04-14T13:53:22","slug":"ecl-matu-balzams-ns-organic-avocado-250-ml","status":"publish","type":"product","link":"https:\/\/e.kosmolat.eu\/lv\/product\/ecl-matu-balzams-ns-organic-avocado-250-ml\/","title":{"rendered":"ECL Matu balzams N&#038;S Organic Avocado, 250 ml"},"content":{"rendered":"<p>Balzams r\u016bp\u0113jas par matiem, blo\u0137\u0113 mitrumu un izl\u012bdzina pat nepaklaus\u012bgus matus, k\u0101 ar\u012b pie&scaron;\u0137ir tiem vesel\u012bgu izskatu un nov\u0113r&scaron; to l\u016b&scaron;anu. Piem\u0113rots visiem matu tipiem. Piem\u0113rots veg\u0101niem.<\/p>\n<p><strong>Organisk\u0101s sast\u0101vda\u013cas:<\/strong>&nbsp;Organisk\u0101 auksti spiesta avokado e\u013c\u013ca satur vitam\u012bnus un antioksidantus, stimul\u0113 kolag\u0113na izstr\u0101di un atjauno \u0101das aizsargfunkcijas, m\u012bkstina un baro matus. Bag\u0101ta ar B, C, D, E vitam\u012bniem un polinepies\u0101tin\u0101taj\u0101m tauksk\u0101b\u0113m.&nbsp;Efekt\u012bvi atjauno, nostiprina un baro matus, neradot taukainu saj\u016btu.<\/p>\n<p><strong>Akt\u012bv\u0101s sast\u0101vda\u013cas:&nbsp;<\/strong><\/p>\n<ul>\n<li><strong>Salvijas ekstrakts<\/strong> toniz\u0113 galvas \u0101du, stiprina matus un pie&scaron;\u0137ir ilgsto&scaron;u svaigumu.<\/li>\n<li><strong>Inul\u012bns <\/strong>nov\u0113r&scaron; galvas \u0101das un matu dehidrat\u0101ciju, m\u012bkstina un izl\u012bdzina, att\u012bra un pie&scaron;\u0137ir matiem dabisku sp\u012bdumu un mirdzumu.<\/li>\n<\/ul>\n<p><strong>Lieto&scaron;ana:<\/strong>&nbsp;Uzkl\u0101t uz t\u012briem mitriem matiem. P\u0113c 1-2 min\u016bt\u0113m noskalot ar siltu \u016bdeni. Tikai \u0101r\u012bgai lieto&scaron;anai.<br \/>\n&nbsp;<\/p>\n","protected":false},"excerpt":{"rendered":"<p>Balzams r\u016bp\u0113jas par matiem, blo\u0137\u0113 mitrumu un izl\u012bdzina pat nepaklaus\u012bgus matus, k\u0101 ar\u012b pie&scaron;\u0137ir tiem vesel\u012bgu izskatu un nov\u0113r&scaron; to l\u016b&scaron;anu. Piem\u0113rots visiem matu tipiem. Piem\u0113rots veg\u0101niem. Organisk\u0101s sast\u0101vda\u013cas:&nbsp;Organisk\u0101 auksti spiesta avokado e\u013c\u013ca satur vitam\u012bnus un antioksidantus, stimul\u0113 kolag\u0113na izstr\u0101di un atjauno \u0101das aizsargfunkcijas, m\u012bkstina un baro matus. Bag\u0101ta ar B, C, D, E vitam\u012bniem [&#8230;]\n","protected":false},"featured_media":90874,"template":"","meta":[],"product_cat":[1999],"product_tag":[],"class_list":{"0":"post-48751","1":"product","2":"type-product","3":"status-publish","4":"has-post-thumbnail","6":"product_brand-ecolab_cs","7":"product_cat-bez-kategorijas","9":"first","10":"instock","11":"taxable","12":"shipping-taxable","13":"product-type-simple"},"_links":{"self":[{"href":"https:\/\/e.kosmolat.eu\/lv\/wp-json\/wp\/v2\/product\/48751","targetHints":{"allow":["GET"]}}],"collection":[{"href":"https:\/\/e.kosmolat.eu\/lv\/wp-json\/wp\/v2\/product"}],"about":[{"href":"https:\/\/e.kosmolat.eu\/lv\/wp-json\/wp\/v2\/types\/product"}],"wp:featuredmedia":[{"embeddable":true,"href":"https:\/\/e.kosmolat.eu\/lv\/wp-json\/wp\/v2\/media\/90874"}],"wp:attachment":[{"href":"https:\/\/e.kosmolat.eu\/lv\/wp-json\/wp\/v2\/media?parent=48751"}],"wp:term":[{"taxonomy":"product_cat","embeddable":true,"href":"https:\/\/e.kosmolat.eu\/lv\/wp-json\/wp\/v2\/product_cat?post=48751"},{"taxonomy":"product_tag","embeddable":true,"href":"https:\/\/e.kosmolat.eu\/lv\/wp-json\/wp\/v2\/product_tag?post=48751"}],"curies":[{"name":"wp","href":"https:\/\/api.w.org\/{rel}","templated":true}]}}