{"id":48743,"date":"2024-04-04T04:15:12","date_gmt":"2024-04-04T04:15:12","guid":{"rendered":"https:\/\/e.kosmolat.eu\/product\/ecl-matu-balzams-hf-organic-aloe-vera-250-ml\/"},"modified":"2026-03-31T20:41:04","modified_gmt":"2026-03-31T20:41:04","slug":"ecl-matu-balzams-hf-organic-aloe-vera-250-ml","status":"publish","type":"product","link":"https:\/\/e.kosmolat.eu\/lv\/product\/ecl-matu-balzams-hf-organic-aloe-vera-250-ml\/","title":{"rendered":"ECL Matu balzams H&#038;F Organic Aloe Vera, 250 ml"},"content":{"rendered":"<p>Balzams r\u016bp\u0113jas par matiem, blo\u0137\u0113 mitrumu un izl\u012bdzina pat nepaklaus\u012bgus matus, k\u0101 ar\u012b pie&scaron;\u0137ir tiemvesel\u012bgu izskatu un nov\u0113r&scaron; to l\u016b&scaron;anu. Piem\u0113rots visiem matu tipiem. Piem\u0113rots veg\u0101niem.<\/p>\n<p><strong>Organisk\u0101s sast\u0101vda\u013cas:<\/strong> Alvejas ekstrakts ir bag\u0101ts ar vitam\u012bniem, aminosk\u0101b\u0113m, miner\u0101lviel\u0101m, polisahar\u012bdiem un fitonc\u012bdiem, tas piedal\u0101s &scaron;\u016bnu atjauno&scaron;anas proces\u0101, dzi\u013ci mirina galvas \u0101du un stiprina matus.<\/p>\n<p><strong>Akt\u012bv\u0101s sast\u0101vda\u013cas:<\/strong><\/p>\n<ul>\n<li><strong>R\u012bsu prote\u012bns <\/strong>atjauno matus, nodro&scaron;ina intens\u012bvu baro&scaron;anu no sakn\u0113m l\u012bdz galiem, stiprinot matus un toniz\u0113jot galvas \u0101du.&nbsp;<\/li>\n<li><strong>Saldo api\u0146u ekstrakts <\/strong>stiprina matus un veicina to aug&scaron;anu.&nbsp;<\/li>\n<\/ul>\n<p><strong>Lieto&scaron;ana: <\/strong>Uzkl\u0101t uz t\u012briem mitriem matiem. P\u0113c 1-2 min\u016bt\u0113m noskalot ar siltu \u016bdeni. Tikai \u0101r\u012bgai lieto&scaron;anai.<\/p>\n","protected":false},"excerpt":{"rendered":"<p>Balzams r\u016bp\u0113jas par matiem, blo\u0137\u0113 mitrumu un izl\u012bdzina pat nepaklaus\u012bgus matus, k\u0101 ar\u012b pie&scaron;\u0137ir tiemvesel\u012bgu izskatu un nov\u0113r&scaron; to l\u016b&scaron;anu. Piem\u0113rots visiem matu tipiem. Piem\u0113rots veg\u0101niem. Organisk\u0101s sast\u0101vda\u013cas: Alvejas ekstrakts ir bag\u0101ts ar vitam\u012bniem, aminosk\u0101b\u0113m, miner\u0101lviel\u0101m, polisahar\u012bdiem un fitonc\u012bdiem, tas piedal\u0101s &scaron;\u016bnu atjauno&scaron;anas proces\u0101, dzi\u013ci mirina galvas \u0101du un stiprina matus. Akt\u012bv\u0101s sast\u0101vda\u013cas: R\u012bsu prote\u012bns [&#8230;]\n","protected":false},"featured_media":90870,"template":"","meta":[],"product_cat":[1638],"product_tag":[],"class_list":{"0":"post-48743","1":"product","2":"type-product","3":"status-publish","4":"has-post-thumbnail","6":"product_brand-ecolab_cs","7":"product_cat-balzami","9":"first","10":"outofstock","11":"taxable","12":"shipping-taxable","13":"product-type-simple"},"_links":{"self":[{"href":"https:\/\/e.kosmolat.eu\/lv\/wp-json\/wp\/v2\/product\/48743","targetHints":{"allow":["GET"]}}],"collection":[{"href":"https:\/\/e.kosmolat.eu\/lv\/wp-json\/wp\/v2\/product"}],"about":[{"href":"https:\/\/e.kosmolat.eu\/lv\/wp-json\/wp\/v2\/types\/product"}],"wp:featuredmedia":[{"embeddable":true,"href":"https:\/\/e.kosmolat.eu\/lv\/wp-json\/wp\/v2\/media\/90870"}],"wp:attachment":[{"href":"https:\/\/e.kosmolat.eu\/lv\/wp-json\/wp\/v2\/media?parent=48743"}],"wp:term":[{"taxonomy":"product_cat","embeddable":true,"href":"https:\/\/e.kosmolat.eu\/lv\/wp-json\/wp\/v2\/product_cat?post=48743"},{"taxonomy":"product_tag","embeddable":true,"href":"https:\/\/e.kosmolat.eu\/lv\/wp-json\/wp\/v2\/product_tag?post=48743"}],"curies":[{"name":"wp","href":"https:\/\/api.w.org\/{rel}","templated":true}]}}