{"id":48727,"date":"2024-04-04T04:13:44","date_gmt":"2024-04-04T04:13:44","guid":{"rendered":"https:\/\/e.kosmolat.eu\/product\/ecl-samp-skrubis-matiem-un-galvas-ad-hf-organic-aloe-vera-300-g\/"},"modified":"2025-09-20T03:22:18","modified_gmt":"2025-09-20T03:22:18","slug":"ecl-samp-skrubis-matiem-un-galvas-ad-hf-organic-aloe-vera-300-g","status":"publish","type":"product","link":"https:\/\/e.kosmolat.eu\/lv\/product\/ecl-samp-skrubis-matiem-un-galvas-ad-hf-organic-aloe-vera-300-g\/","title":{"rendered":"ECL \u0160amp.-skrubis matiem un galvas \u0101d. H&#038;F Organic Aloe Vera, 300 g"},"content":{"rendered":"<p>&Scaron;amp\u016bns-skrubis \u013cauj apvienot efekt\u012bvu un maigu galvas \u0101das att\u012br\u012b&scaron;anu un intens\u012bvu kop&scaron;anu. \u012apa&scaron;i skrub\u0113jo&scaron;ie komponenti nodro&scaron;ina mikromas\u0101\u017eu, maigu att\u012br\u012b&scaron;anu, un &scaron;\u016bnu atjauno&scaron;anos.<\/p>\n<p><strong>Organisk\u0101s sast\u0101vda\u013cas: <\/strong>Alvejas ekstrakts ir bag\u0101ts ar vitam\u012bniem, aminosk\u0101b\u0113m, miner\u0101lviel\u0101m, polisahar\u012bdiem un fitonc\u012bdiem, tas piedal\u0101s &scaron;\u016bnu atjauno&scaron;anas proces\u0101, dzi\u013ci mirina galvas \u0101du, stiprina matus un veicina to aug&scaron;anu.<\/p>\n<p><strong>Akt\u012bv\u0101s sast\u0101vda\u013cas:<\/strong><\/p>\n<ul>\n<li><strong>J\u016bras s\u0101ls <\/strong>maigi noloba galvas \u0101das atmiru&scaron;\u0101s &scaron;\u016bnas, pies\u0101tinot galvas \u0101du un matus ar miner\u0101liem un mikroelementiem.<\/li>\n<li><strong>R\u012bsu prote\u012bns<\/strong> atjauno matus, nodro&scaron;ina intens\u012bvu baro&scaron;anu no sakn\u0113m l\u012bdz galiem, stiprinot matus un toniz\u0113jot galvas \u0101du.&nbsp;<\/li>\n<li><strong>Saldo api\u0146u ekstrakts<\/strong> stiprina matus un veicina to aug&scaron;anu.&nbsp;<\/li>\n<\/ul>\n<p><strong>Lieto&scaron;ana:<\/strong> Uzkl\u0101jiet uz galvas \u0101das un matiem, maigi iemas\u0113jiet un noskalojiet ar siltu \u016bdeni. Tikai \u0101r\u012bgai lieto&scaron;anai.<br \/>\n&nbsp;<\/p>\n","protected":false},"excerpt":{"rendered":"<p>&Scaron;amp\u016bns-skrubis \u013cauj apvienot efekt\u012bvu un maigu galvas \u0101das att\u012br\u012b&scaron;anu un intens\u012bvu kop&scaron;anu. \u012apa&scaron;i skrub\u0113jo&scaron;ie komponenti nodro&scaron;ina mikromas\u0101\u017eu, maigu att\u012br\u012b&scaron;anu, un &scaron;\u016bnu atjauno&scaron;anos. Organisk\u0101s sast\u0101vda\u013cas: Alvejas ekstrakts ir bag\u0101ts ar vitam\u012bniem, aminosk\u0101b\u0113m, miner\u0101lviel\u0101m, polisahar\u012bdiem un fitonc\u012bdiem, tas piedal\u0101s &scaron;\u016bnu atjauno&scaron;anas proces\u0101, dzi\u013ci mirina galvas \u0101du, stiprina matus un veicina to aug&scaron;anu. Akt\u012bv\u0101s sast\u0101vda\u013cas: J\u016bras s\u0101ls maigi [&#8230;]\n","protected":false},"featured_media":90850,"template":"","meta":[],"product_cat":[1999],"product_tag":[],"class_list":{"0":"post-48727","1":"product","2":"type-product","3":"status-publish","4":"has-post-thumbnail","6":"product_brand-ecolab_cs","7":"product_cat-bez-kategorijas","9":"first","10":"outofstock","11":"taxable","12":"shipping-taxable","13":"product-type-simple"},"_links":{"self":[{"href":"https:\/\/e.kosmolat.eu\/lv\/wp-json\/wp\/v2\/product\/48727","targetHints":{"allow":["GET"]}}],"collection":[{"href":"https:\/\/e.kosmolat.eu\/lv\/wp-json\/wp\/v2\/product"}],"about":[{"href":"https:\/\/e.kosmolat.eu\/lv\/wp-json\/wp\/v2\/types\/product"}],"wp:featuredmedia":[{"embeddable":true,"href":"https:\/\/e.kosmolat.eu\/lv\/wp-json\/wp\/v2\/media\/90850"}],"wp:attachment":[{"href":"https:\/\/e.kosmolat.eu\/lv\/wp-json\/wp\/v2\/media?parent=48727"}],"wp:term":[{"taxonomy":"product_cat","embeddable":true,"href":"https:\/\/e.kosmolat.eu\/lv\/wp-json\/wp\/v2\/product_cat?post=48727"},{"taxonomy":"product_tag","embeddable":true,"href":"https:\/\/e.kosmolat.eu\/lv\/wp-json\/wp\/v2\/product_tag?post=48727"}],"curies":[{"name":"wp","href":"https:\/\/api.w.org\/{rel}","templated":true}]}}