{"id":48703,"date":"2024-04-04T04:12:49","date_gmt":"2024-04-04T04:12:49","guid":{"rendered":"https:\/\/e.kosmolat.eu\/product\/ecl-matu-sampuns-hf-organic-aloe-vera-250-ml\/"},"modified":"2026-04-22T09:43:32","modified_gmt":"2026-04-22T09:43:32","slug":"ecl-matu-sampuns-hf-organic-aloe-vera-250-ml","status":"publish","type":"product","link":"https:\/\/e.kosmolat.eu\/lv\/product\/ecl-matu-sampuns-hf-organic-aloe-vera-250-ml\/","title":{"rendered":"ECL Matu \u0161amp\u016bns H&#038;F Organic Aloe Vera, 250 ml"},"content":{"rendered":"<p>Saudz\u012bgi att\u012bra matus un r\u016bp\u0113jas par galvas \u0101du. Piem\u0113rots visiem matu tipiem. Piem\u0113rots veg\u0101niem.<\/p>\n<p><strong>Organisk\u0101s sast\u0101vda\u013cas:<\/strong>&nbsp;Alvejas ekstrakts ir bag\u0101ts ar vitam\u012bniem, aminosk\u0101b\u0113m, miner\u0101lviel\u0101m, polisahar\u012bdiem un fitonc\u012bdiem, tas piedal\u0101s &scaron;\u016bnu atjauno&scaron;anas proces\u0101, dzi\u013ci mirina galvas \u0101du un stiprina matus.<\/p>\n<p><strong>Akt\u012bv\u0101s sast\u0101vda\u013cas:<\/strong><\/p>\n<ul>\n<li><strong>R\u012bsu prote\u012bns <\/strong>atjauno matus, nodro&scaron;ina intens\u012bvu baro&scaron;anu no sakn\u0113m l\u012bdz galiem, stiprinot matus un toniz\u0113jot galvas \u0101du.&nbsp;<\/li>\n<li><strong>Saldo api\u0146u ekstrakts<\/strong> stiprina matus un veicina to aug&scaron;anu.&nbsp;<\/li>\n<li><strong>Aminosk\u0101bes<\/strong> baro, mitrina un nov\u0113r&scaron; matu trauslumu un izkri&scaron;anu.<\/li>\n<\/ul>\n<p><strong>Lieto&scaron;ana:<\/strong>&nbsp;Uzkl\u0101jiet uz mitriem matiem, saputojiet, noskalojiet ar siltu \u016bdeni. Tikai \u0101r\u012bgai lieto&scaron;anai.<br \/>\n&nbsp;<\/p>\n","protected":false},"excerpt":{"rendered":"<p>Saudz\u012bgi att\u012bra matus un r\u016bp\u0113jas par galvas \u0101du. Piem\u0113rots visiem matu tipiem. Piem\u0113rots veg\u0101niem. Organisk\u0101s sast\u0101vda\u013cas:&nbsp;Alvejas ekstrakts ir bag\u0101ts ar vitam\u012bniem, aminosk\u0101b\u0113m, miner\u0101lviel\u0101m, polisahar\u012bdiem un fitonc\u012bdiem, tas piedal\u0101s &scaron;\u016bnu atjauno&scaron;anas proces\u0101, dzi\u013ci mirina galvas \u0101du un stiprina matus. Akt\u012bv\u0101s sast\u0101vda\u013cas: R\u012bsu prote\u012bns atjauno matus, nodro&scaron;ina intens\u012bvu baro&scaron;anu no sakn\u0113m l\u012bdz galiem, stiprinot matus un toniz\u0113jot [&#8230;]\n","protected":false},"featured_media":90838,"template":"","meta":[],"product_cat":[1999],"product_tag":[],"class_list":{"0":"post-48703","1":"product","2":"type-product","3":"status-publish","4":"has-post-thumbnail","6":"product_brand-ecolab_cs","7":"product_cat-bez-kategorijas","9":"first","10":"instock","11":"taxable","12":"shipping-taxable","13":"product-type-simple"},"_links":{"self":[{"href":"https:\/\/e.kosmolat.eu\/lv\/wp-json\/wp\/v2\/product\/48703","targetHints":{"allow":["GET"]}}],"collection":[{"href":"https:\/\/e.kosmolat.eu\/lv\/wp-json\/wp\/v2\/product"}],"about":[{"href":"https:\/\/e.kosmolat.eu\/lv\/wp-json\/wp\/v2\/types\/product"}],"wp:featuredmedia":[{"embeddable":true,"href":"https:\/\/e.kosmolat.eu\/lv\/wp-json\/wp\/v2\/media\/90838"}],"wp:attachment":[{"href":"https:\/\/e.kosmolat.eu\/lv\/wp-json\/wp\/v2\/media?parent=48703"}],"wp:term":[{"taxonomy":"product_cat","embeddable":true,"href":"https:\/\/e.kosmolat.eu\/lv\/wp-json\/wp\/v2\/product_cat?post=48703"},{"taxonomy":"product_tag","embeddable":true,"href":"https:\/\/e.kosmolat.eu\/lv\/wp-json\/wp\/v2\/product_tag?post=48703"}],"curies":[{"name":"wp","href":"https:\/\/api.w.org\/{rel}","templated":true}]}}