{"id":48695,"date":"2024-04-04T04:12:32","date_gmt":"2024-04-04T04:12:32","guid":{"rendered":"https:\/\/e.kosmolat.eu\/product\/ecl-matu-sampuns-dr-organic-argana-250-ml\/"},"modified":"2026-04-16T10:38:07","modified_gmt":"2026-04-16T10:38:07","slug":"ecl-matu-sampuns-dr-organic-argana-250-ml","status":"publish","type":"product","link":"https:\/\/e.kosmolat.eu\/lv\/product\/ecl-matu-sampuns-dr-organic-argana-250-ml\/","title":{"rendered":"ECL Matu \u0161amp\u016bns DR Organic Argana, 250 ml"},"content":{"rendered":"<p>Saudz\u012bgi att\u012bra matus un r\u016bp\u0113jas par galvas \u0101du. Piem\u0113rots visiem matu tipiem. Piem\u0113rots veg\u0101niem.<\/p>\n<p><strong>Organisk\u0101s sast\u0101vda\u013cas:<\/strong> Organisk\u0101 auksti spiesta argana e\u013c\u013ca ir bag\u0101ta ar nepies\u0101tin\u0101t\u0101m tauksk\u0101b\u0113m un E vitam\u012bnu, kas labv\u0113l\u012bgi ietekm\u0113 matu un galvas \u0101das vesel\u012bbu. Argana e\u013c\u013ca atjauno nov\u0101jin\u0101tus un sausus matus, padarot tos vesel\u012bgus un sp\u012bd\u012bgus.<\/p>\n<p><strong>Akt\u012bv\u0101s sast\u0101vda\u013cas:<\/strong><\/p>\n<ul>\n<li><strong>Mande\u013cu e\u013c\u013ca <\/strong>dzi\u013ci mitrina matus un pies\u0101tina galvas \u0101du ar vitam\u012bniem.<\/li>\n<li><strong>Hibiska ekstrakts <\/strong>stiprina matus un stimul\u0113 to aug&scaron;anu.<\/li>\n<li><strong>Biolip\u012bdu komplekss <\/strong>pal\u012bdz atjaunot galvas&nbsp;\u0101das mikrobiomu, uzturot vesel\u012bgu mikrofloru un nodro&scaron;inot matu gludumu un sp\u012bdumu.<\/li>\n<\/ul>\n<p><strong>Lieto&scaron;ana:<\/strong> uzkl\u0101jiet uz mitriem matiem, saputojiet, noskalojiet ar siltu \u016bdeni. Tikai \u0101r\u012bgai lieto&scaron;anai.<br \/>\n&nbsp;<\/p>\n","protected":false},"excerpt":{"rendered":"<p>Saudz\u012bgi att\u012bra matus un r\u016bp\u0113jas par galvas \u0101du. Piem\u0113rots visiem matu tipiem. Piem\u0113rots veg\u0101niem. Organisk\u0101s sast\u0101vda\u013cas: Organisk\u0101 auksti spiesta argana e\u013c\u013ca ir bag\u0101ta ar nepies\u0101tin\u0101t\u0101m tauksk\u0101b\u0113m un E vitam\u012bnu, kas labv\u0113l\u012bgi ietekm\u0113 matu un galvas \u0101das vesel\u012bbu. Argana e\u013c\u013ca atjauno nov\u0101jin\u0101tus un sausus matus, padarot tos vesel\u012bgus un sp\u012bd\u012bgus. Akt\u012bv\u0101s sast\u0101vda\u013cas: Mande\u013cu e\u013c\u013ca dzi\u013ci mitrina [&#8230;]\n","protected":false},"featured_media":90834,"template":"","meta":[],"product_cat":[1248],"product_tag":[],"class_list":{"0":"post-48695","1":"product","2":"type-product","3":"status-publish","4":"has-post-thumbnail","6":"product_brand-ecolab_cs","7":"product_cat-sampuni","9":"first","10":"instock","11":"taxable","12":"shipping-taxable","13":"product-type-simple"},"_links":{"self":[{"href":"https:\/\/e.kosmolat.eu\/lv\/wp-json\/wp\/v2\/product\/48695","targetHints":{"allow":["GET"]}}],"collection":[{"href":"https:\/\/e.kosmolat.eu\/lv\/wp-json\/wp\/v2\/product"}],"about":[{"href":"https:\/\/e.kosmolat.eu\/lv\/wp-json\/wp\/v2\/types\/product"}],"wp:featuredmedia":[{"embeddable":true,"href":"https:\/\/e.kosmolat.eu\/lv\/wp-json\/wp\/v2\/media\/90834"}],"wp:attachment":[{"href":"https:\/\/e.kosmolat.eu\/lv\/wp-json\/wp\/v2\/media?parent=48695"}],"wp:term":[{"taxonomy":"product_cat","embeddable":true,"href":"https:\/\/e.kosmolat.eu\/lv\/wp-json\/wp\/v2\/product_cat?post=48695"},{"taxonomy":"product_tag","embeddable":true,"href":"https:\/\/e.kosmolat.eu\/lv\/wp-json\/wp\/v2\/product_tag?post=48695"}],"curies":[{"name":"wp","href":"https:\/\/api.w.org\/{rel}","templated":true}]}}