{"id":48687,"date":"2024-04-04T04:12:19","date_gmt":"2024-04-04T04:12:19","guid":{"rendered":"https:\/\/e.kosmolat.eu\/product\/ecl-baby-bernu-sampuns-2-in-1-viegla-kemmesana-3-250-ml\/"},"modified":"2025-09-20T03:21:03","modified_gmt":"2025-09-20T03:21:03","slug":"i_ecl-baby-bernu-sampuns-2-in-1-viegla-kemmesana-3-250-ml","status":"publish","type":"product","link":"https:\/\/e.kosmolat.eu\/lv\/product\/i_ecl-baby-bernu-sampuns-2-in-1-viegla-kemmesana-3-250-ml\/","title":{"rendered":"I_ECL Baby B\u0113rnu \u0161amp\u016bns 2 in 1 Viegla \u0137emm\u0113\u0161ana 3+, 250 ml"},"content":{"rendered":"<p>&Scaron;amp\u016bns maigi att\u012bra mazu\u013ca matus un \u0101du. M\u012bkstina matus un atvieglo \u0137emm\u0113&scaron;anu. Dabisk\u0101 formula, kas izstr\u0101d\u0101ta, lai samazin\u0101tu aler\u0123isku reakciju risku, nesatur sast\u0101vda\u013cas, par kur\u0101m b\u016btu j\u0101uztraucas. Nekairina acis un nesausina mazu\u013ca \u0101du.<\/p>\n<ul>\n<li><strong>Kokvilnas ekstrakts<\/strong> ir ide\u0101li piem\u0113rots visjut\u012bg\u0101k\u0101s \u0101das kop&scaron;anai, tas lieliski baro un m\u012bkstina to.<\/li>\n<li><strong>Piensk\u0101be<\/strong> uztur mazu\u013ca \u0101das dabisko pH l\u012bmeni.<\/li>\n<\/ul>\n<p><strong>Lieto&scaron;ana:<\/strong> uzkl\u0101t uz mitras \u0101das un matiem, nedaudz saputot un noskalot ar t\u012bru \u016bdeni. Tikai \u0101r\u012bgai lieto&scaron;anai. Uzglab\u0101t b\u0113rniem nepieejam\u0101 viet\u0101.<br \/>\n&nbsp;<\/p>\n","protected":false},"excerpt":{"rendered":"<p>&Scaron;amp\u016bns maigi att\u012bra mazu\u013ca matus un \u0101du. M\u012bkstina matus un atvieglo \u0137emm\u0113&scaron;anu. Dabisk\u0101 formula, kas izstr\u0101d\u0101ta, lai samazin\u0101tu aler\u0123isku reakciju risku, nesatur sast\u0101vda\u013cas, par kur\u0101m b\u016btu j\u0101uztraucas. Nekairina acis un nesausina mazu\u013ca \u0101du. Kokvilnas ekstrakts ir ide\u0101li piem\u0113rots visjut\u012bg\u0101k\u0101s \u0101das kop&scaron;anai, tas lieliski baro un m\u012bkstina to. Piensk\u0101be uztur mazu\u013ca \u0101das dabisko pH l\u012bmeni. Lieto&scaron;ana: [&#8230;]\n","protected":false},"featured_media":90830,"template":"","meta":[],"product_cat":[1999],"product_tag":[],"class_list":{"0":"post-48687","1":"product","2":"type-product","3":"status-publish","4":"has-post-thumbnail","6":"product_brand-ecolab_cs","7":"product_cat-bez-kategorijas","9":"first","10":"outofstock","11":"taxable","12":"shipping-taxable","13":"product-type-simple"},"_links":{"self":[{"href":"https:\/\/e.kosmolat.eu\/lv\/wp-json\/wp\/v2\/product\/48687","targetHints":{"allow":["GET"]}}],"collection":[{"href":"https:\/\/e.kosmolat.eu\/lv\/wp-json\/wp\/v2\/product"}],"about":[{"href":"https:\/\/e.kosmolat.eu\/lv\/wp-json\/wp\/v2\/types\/product"}],"wp:featuredmedia":[{"embeddable":true,"href":"https:\/\/e.kosmolat.eu\/lv\/wp-json\/wp\/v2\/media\/90830"}],"wp:attachment":[{"href":"https:\/\/e.kosmolat.eu\/lv\/wp-json\/wp\/v2\/media?parent=48687"}],"wp:term":[{"taxonomy":"product_cat","embeddable":true,"href":"https:\/\/e.kosmolat.eu\/lv\/wp-json\/wp\/v2\/product_cat?post=48687"},{"taxonomy":"product_tag","embeddable":true,"href":"https:\/\/e.kosmolat.eu\/lv\/wp-json\/wp\/v2\/product_tag?post=48687"}],"curies":[{"name":"wp","href":"https:\/\/api.w.org\/{rel}","templated":true}]}}