{"id":48671,"date":"2024-04-04T04:11:49","date_gmt":"2024-04-04T04:11:49","guid":{"rendered":"https:\/\/e.kosmolat.eu\/product\/organic-mimi-kermena-krems-dh-almond-yuzu-100-ml\/"},"modified":"2026-04-01T07:45:48","modified_gmt":"2026-04-01T07:45:48","slug":"organic-mimi-kermena-krems-dh-almond-yuzu-100-ml","status":"publish","type":"product","link":"https:\/\/e.kosmolat.eu\/lv\/product\/organic-mimi-kermena-krems-dh-almond-yuzu-100-ml\/","title":{"rendered":"Organic Mimi \u0136erme\u0146a kr\u0113ms DH Almond &#038; Yuzu, 100 ml"},"content":{"rendered":"<p>Dzi\u013ci mitrina dehidrat\u0113tu \u0101du un atjauno \u0101das hidrolip\u012bdu l\u012bdzsvaru.<\/p>\n<ul>\n<li><strong>Organisk\u0101 mande\u013cu e\u013c\u013ca<\/strong> izl\u012bdzina \u0101das toni, uzlabo &nbsp;t\u0101s elast\u012bbu, m\u012bkstinot un mitrinot to.&nbsp;<\/li>\n<li><strong>Juzu ekstrakts<\/strong> intens\u012bvi mitrina \u0101du un aizsarg\u0101 pret mitruma zudumu.<\/li>\n<\/ul>\n<p><strong>Lieto&scaron;ana:<\/strong> uzkl\u0101t nelielu kr\u0113ma daudzumu uz t\u012bras \u0101das l\u012bdz piln\u012bb\u0101 uzs\u016bcas. Tikai \u0101r\u012bgai lieto&scaron;anai.<br \/>\n&nbsp;<\/p>\n","protected":false},"excerpt":{"rendered":"<p>Dzi\u013ci mitrina dehidrat\u0113tu \u0101du un atjauno \u0101das hidrolip\u012bdu l\u012bdzsvaru. Organisk\u0101 mande\u013cu e\u013c\u013ca izl\u012bdzina \u0101das toni, uzlabo &nbsp;t\u0101s elast\u012bbu, m\u012bkstinot un mitrinot to.&nbsp; Juzu ekstrakts intens\u012bvi mitrina \u0101du un aizsarg\u0101 pret mitruma zudumu. Lieto&scaron;ana: uzkl\u0101t nelielu kr\u0113ma daudzumu uz t\u012bras \u0101das l\u012bdz piln\u012bb\u0101 uzs\u016bcas. Tikai \u0101r\u012bgai lieto&scaron;anai. &nbsp;<\/p>\n","protected":false},"featured_media":90754,"template":"","meta":[],"product_cat":[1388],"product_tag":[],"class_list":{"0":"post-48671","1":"product","2":"type-product","3":"status-publish","4":"has-post-thumbnail","6":"product_brand-ecolab_cs","7":"product_cat-kermena-kremi-pienini-sviesti","9":"first","10":"instock","11":"taxable","12":"shipping-taxable","13":"product-type-simple"},"_links":{"self":[{"href":"https:\/\/e.kosmolat.eu\/lv\/wp-json\/wp\/v2\/product\/48671","targetHints":{"allow":["GET"]}}],"collection":[{"href":"https:\/\/e.kosmolat.eu\/lv\/wp-json\/wp\/v2\/product"}],"about":[{"href":"https:\/\/e.kosmolat.eu\/lv\/wp-json\/wp\/v2\/types\/product"}],"wp:featuredmedia":[{"embeddable":true,"href":"https:\/\/e.kosmolat.eu\/lv\/wp-json\/wp\/v2\/media\/90754"}],"wp:attachment":[{"href":"https:\/\/e.kosmolat.eu\/lv\/wp-json\/wp\/v2\/media?parent=48671"}],"wp:term":[{"taxonomy":"product_cat","embeddable":true,"href":"https:\/\/e.kosmolat.eu\/lv\/wp-json\/wp\/v2\/product_cat?post=48671"},{"taxonomy":"product_tag","embeddable":true,"href":"https:\/\/e.kosmolat.eu\/lv\/wp-json\/wp\/v2\/product_tag?post=48671"}],"curies":[{"name":"wp","href":"https:\/\/api.w.org\/{rel}","templated":true}]}}