{"id":48655,"date":"2024-04-04T04:11:21","date_gmt":"2024-04-04T04:11:21","guid":{"rendered":"https:\/\/e.kosmolat.eu\/product\/organic-mimi-kermena-kr-anticellulite-almond-papaya-200-ml\/"},"modified":"2026-04-17T06:25:06","modified_gmt":"2026-04-17T06:25:06","slug":"organic-mimi-kermena-kr-anticellulite-almond-papaya-200-ml","status":"publish","type":"product","link":"https:\/\/e.kosmolat.eu\/lv\/product\/organic-mimi-kermena-kr-anticellulite-almond-papaya-200-ml\/","title":{"rendered":"Organic Mimi \u0136erme\u0146a kr. Anticellulite Almond &#038; Papaya, 200 ml"},"content":{"rendered":"<p>Dzi\u013ci mitrina dehidrat\u0113tu \u0101du un atjauno \u0101das hidrolip\u012bdu l\u012bdzsvaru.<\/p>\n<ul>\n<li><strong>Organisk\u0101 mande\u013cu e\u013c\u013ca<\/strong> izl\u012bdzina \u0101das toni, mitrinot un barojot \u0101du.<\/li>\n<li><strong>Greipfr\u016btu \u0113teriskajai e\u013c\u013cai un papaijas ekstraktam <\/strong>piem\u012bt&nbsp;atjaunojo&scaron;a un toniz\u0113jo&scaron;a iedarb\u012bba, un t\u0101s mazina celul\u012bta paz\u012bmes.<\/li>\n<li><strong>Niacinam\u012bds<\/strong> uzlabo \u0101das st\u0101vokli, veicina t\u0101s atjauno&scaron;anos un pal\u012bdz nov\u0113rst celul\u012bta par\u0101d\u012b&scaron;anos.<\/li>\n<\/ul>\n<p><strong>Lieto&scaron;ana: <\/strong>uzkl\u0101t nelielu daudzumu uz t\u012bras \u0101das l\u012bdz piln\u012bb\u0101 uzs\u016bcas. Piem\u0113rots ikdienas lieto&scaron;anai. Tikai \u0101r\u012bgai lieto&scaron;anai.<br \/>\n&nbsp;<\/p>\n","protected":false},"excerpt":{"rendered":"<p>Dzi\u013ci mitrina dehidrat\u0113tu \u0101du un atjauno \u0101das hidrolip\u012bdu l\u012bdzsvaru. Organisk\u0101 mande\u013cu e\u013c\u013ca izl\u012bdzina \u0101das toni, mitrinot un barojot \u0101du. Greipfr\u016btu \u0113teriskajai e\u013c\u013cai un papaijas ekstraktam piem\u012bt&nbsp;atjaunojo&scaron;a un toniz\u0113jo&scaron;a iedarb\u012bba, un t\u0101s mazina celul\u012bta paz\u012bmes. Niacinam\u012bds uzlabo \u0101das st\u0101vokli, veicina t\u0101s atjauno&scaron;anos un pal\u012bdz nov\u0113rst celul\u012bta par\u0101d\u012b&scaron;anos. Lieto&scaron;ana: uzkl\u0101t nelielu daudzumu uz t\u012bras \u0101das l\u012bdz piln\u012bb\u0101 [&#8230;]\n","protected":false},"featured_media":90746,"template":"","meta":[],"product_cat":[1999],"product_tag":[],"class_list":{"0":"post-48655","1":"product","2":"type-product","3":"status-publish","4":"has-post-thumbnail","6":"product_brand-ecolab_cs","7":"product_cat-bez-kategorijas","9":"first","10":"instock","11":"taxable","12":"shipping-taxable","13":"product-type-simple"},"_links":{"self":[{"href":"https:\/\/e.kosmolat.eu\/lv\/wp-json\/wp\/v2\/product\/48655","targetHints":{"allow":["GET"]}}],"collection":[{"href":"https:\/\/e.kosmolat.eu\/lv\/wp-json\/wp\/v2\/product"}],"about":[{"href":"https:\/\/e.kosmolat.eu\/lv\/wp-json\/wp\/v2\/types\/product"}],"wp:featuredmedia":[{"embeddable":true,"href":"https:\/\/e.kosmolat.eu\/lv\/wp-json\/wp\/v2\/media\/90746"}],"wp:attachment":[{"href":"https:\/\/e.kosmolat.eu\/lv\/wp-json\/wp\/v2\/media?parent=48655"}],"wp:term":[{"taxonomy":"product_cat","embeddable":true,"href":"https:\/\/e.kosmolat.eu\/lv\/wp-json\/wp\/v2\/product_cat?post=48655"},{"taxonomy":"product_tag","embeddable":true,"href":"https:\/\/e.kosmolat.eu\/lv\/wp-json\/wp\/v2\/product_tag?post=48655"}],"curies":[{"name":"wp","href":"https:\/\/api.w.org\/{rel}","templated":true}]}}