{"id":48647,"date":"2024-04-04T04:11:09","date_gmt":"2024-04-04T04:11:09","guid":{"rendered":"https:\/\/e.kosmolat.eu\/product\/organic-mimi-body-butter-renewing-olive-papaya-200-ml\/"},"modified":"2026-04-13T14:58:25","modified_gmt":"2026-04-13T14:58:25","slug":"organic-mimi-kerm-sviestkrems-renewing-olive-papaya-200-ml","status":"publish","type":"product","link":"https:\/\/e.kosmolat.eu\/lv\/product\/organic-mimi-kerm-sviestkrems-renewing-olive-papaya-200-ml\/","title":{"rendered":"Organic Mimi \u0136erm. sviestkr\u0113ms Renewing Olive &#038; Papaya, 200 ml"},"content":{"rendered":"<p>Dzi\u013ci baro un efekt\u012bvi mitrina \u0101du, padarot to tvirt\u0101ku un elast\u012bg\u0101ku.<\/p>\n<ul>\n<li><strong>Organisk\u0101 ol\u012bve\u013c\u013ca, &scaron;\u012b un kako sviests<\/strong> baro, mitrina un atjauno \u0101du, pasarg\u0101jot to no negat\u012bv\u0101s apk\u0101rt\u0113j\u0101s vides ietekmes.&nbsp;<\/li>\n<li><strong>Papaijas ekstraktam<\/strong> ir atjaunojo&scaron;a iedarb\u012bba, tas bag\u0101tina \u0101du ar vitam\u012bniem un aminosk\u0101b\u0113m, padarot to glud\u0101ku un m\u012bkst\u0101ku.<\/li>\n<\/ul>\n<p><strong>Lieto&scaron;ana:<\/strong> uzkl\u0101t nelielu daudzumu uz t\u012bras \u0101das l\u012bdz piln\u012bb\u0101 uzs\u016bcas. Piem\u0113rots ikdienas lieto&scaron;anai. Tikai \u0101r\u012bgai lieto&scaron;anai.<br \/>\n&nbsp;<\/p>\n","protected":false},"excerpt":{"rendered":"<p>Dzi\u013ci baro un efekt\u012bvi mitrina \u0101du, padarot to tvirt\u0101ku un elast\u012bg\u0101ku. Organisk\u0101 ol\u012bve\u013c\u013ca, &scaron;\u012b un kako sviests baro, mitrina un atjauno \u0101du, pasarg\u0101jot to no negat\u012bv\u0101s apk\u0101rt\u0113j\u0101s vides ietekmes.&nbsp; Papaijas ekstraktam ir atjaunojo&scaron;a iedarb\u012bba, tas bag\u0101tina \u0101du ar vitam\u012bniem un aminosk\u0101b\u0113m, padarot to glud\u0101ku un m\u012bkst\u0101ku. Lieto&scaron;ana: uzkl\u0101t nelielu daudzumu uz t\u012bras \u0101das l\u012bdz piln\u012bb\u0101 [&#8230;]\n","protected":false},"featured_media":90742,"template":"","meta":[],"product_cat":[1388],"product_tag":[],"class_list":{"0":"post-48647","1":"product","2":"type-product","3":"status-publish","4":"has-post-thumbnail","6":"product_brand-ecolab_cs","7":"product_cat-kermena-kremi-pienini-sviesti","9":"first","10":"instock","11":"taxable","12":"shipping-taxable","13":"product-type-simple"},"_links":{"self":[{"href":"https:\/\/e.kosmolat.eu\/lv\/wp-json\/wp\/v2\/product\/48647","targetHints":{"allow":["GET"]}}],"collection":[{"href":"https:\/\/e.kosmolat.eu\/lv\/wp-json\/wp\/v2\/product"}],"about":[{"href":"https:\/\/e.kosmolat.eu\/lv\/wp-json\/wp\/v2\/types\/product"}],"wp:featuredmedia":[{"embeddable":true,"href":"https:\/\/e.kosmolat.eu\/lv\/wp-json\/wp\/v2\/media\/90742"}],"wp:attachment":[{"href":"https:\/\/e.kosmolat.eu\/lv\/wp-json\/wp\/v2\/media?parent=48647"}],"wp:term":[{"taxonomy":"product_cat","embeddable":true,"href":"https:\/\/e.kosmolat.eu\/lv\/wp-json\/wp\/v2\/product_cat?post=48647"},{"taxonomy":"product_tag","embeddable":true,"href":"https:\/\/e.kosmolat.eu\/lv\/wp-json\/wp\/v2\/product_tag?post=48647"}],"curies":[{"name":"wp","href":"https:\/\/api.w.org\/{rel}","templated":true}]}}