{"id":48639,"date":"2024-04-04T04:10:54","date_gmt":"2024-04-04T04:10:54","guid":{"rendered":"https:\/\/e.kosmolat.eu\/product\/organic-mimi-body-butter-nutrition-hydrating-shea-cocoa-100-ml\/"},"modified":"2026-04-11T18:34:02","modified_gmt":"2026-04-11T18:34:02","slug":"organic-mimi-kerm-sviestkrems-nh-shea-cocoa-100-ml","status":"publish","type":"product","link":"https:\/\/e.kosmolat.eu\/lv\/product\/organic-mimi-kerm-sviestkrems-nh-shea-cocoa-100-ml\/","title":{"rendered":"Organic Mimi \u0136erm. sviestkr\u0113ms N&#038;H Shea &#038; Cocoa, 100 ml"},"content":{"rendered":"<p>Efekt\u012bvi kopj, baro un mitrina \u0101du.<\/p>\n<ul>\n<li><strong>Kakao sviests<\/strong> intens\u012bvi baro, mitrina un m\u012bkstina \u0101du.<\/li>\n<li><strong>Organiskais &scaron;\u012b sviests<\/strong> atjauno \u0101das aizsargfunkcijas, padarot to elast\u012bg\u0101ku un m\u012bkst\u0101ku.<\/li>\n<\/ul>\n<p><strong>Lieto&scaron;ana: <\/strong>uzkl\u0101t nelielu daudzumu uz t\u012bras \u0101das l\u012bdz piln\u012bb\u0101 uzs\u016bcas. Tikai \u0101r\u012bgai lieto&scaron;anai.<br \/>\n&nbsp;<\/p>\n","protected":false},"excerpt":{"rendered":"<p>Efekt\u012bvi kopj, baro un mitrina \u0101du. Kakao sviests intens\u012bvi baro, mitrina un m\u012bkstina \u0101du. Organiskais &scaron;\u012b sviests atjauno \u0101das aizsargfunkcijas, padarot to elast\u012bg\u0101ku un m\u012bkst\u0101ku. Lieto&scaron;ana: uzkl\u0101t nelielu daudzumu uz t\u012bras \u0101das l\u012bdz piln\u012bb\u0101 uzs\u016bcas. Tikai \u0101r\u012bgai lieto&scaron;anai. &nbsp;<\/p>\n","protected":false},"featured_media":90738,"template":"","meta":[],"product_cat":[1388],"product_tag":[],"class_list":{"0":"post-48639","1":"product","2":"type-product","3":"status-publish","4":"has-post-thumbnail","6":"product_brand-ecolab_cs","7":"product_cat-kermena-kremi-pienini-sviesti","9":"first","10":"instock","11":"taxable","12":"shipping-taxable","13":"product-type-simple"},"_links":{"self":[{"href":"https:\/\/e.kosmolat.eu\/lv\/wp-json\/wp\/v2\/product\/48639","targetHints":{"allow":["GET"]}}],"collection":[{"href":"https:\/\/e.kosmolat.eu\/lv\/wp-json\/wp\/v2\/product"}],"about":[{"href":"https:\/\/e.kosmolat.eu\/lv\/wp-json\/wp\/v2\/types\/product"}],"wp:featuredmedia":[{"embeddable":true,"href":"https:\/\/e.kosmolat.eu\/lv\/wp-json\/wp\/v2\/media\/90738"}],"wp:attachment":[{"href":"https:\/\/e.kosmolat.eu\/lv\/wp-json\/wp\/v2\/media?parent=48639"}],"wp:term":[{"taxonomy":"product_cat","embeddable":true,"href":"https:\/\/e.kosmolat.eu\/lv\/wp-json\/wp\/v2\/product_cat?post=48639"},{"taxonomy":"product_tag","embeddable":true,"href":"https:\/\/e.kosmolat.eu\/lv\/wp-json\/wp\/v2\/product_tag?post=48639"}],"curies":[{"name":"wp","href":"https:\/\/api.w.org\/{rel}","templated":true}]}}