{"id":48615,"date":"2024-04-04T04:10:03","date_gmt":"2024-04-04T04:10:03","guid":{"rendered":"https:\/\/e.kosmolat.eu\/product\/eclu-kermena-pieninss-nourishing-400-ml\/"},"modified":"2026-04-15T10:01:41","modified_gmt":"2026-04-15T10:01:41","slug":"eclu-kermena-pienins-nourishing-400-ml","status":"publish","type":"product","link":"https:\/\/e.kosmolat.eu\/lv\/product\/eclu-kermena-pienins-nourishing-400-ml\/","title":{"rendered":"ECLU \u0136erme\u0146a pieni\u0146\u0161 Nourishing, 400 ml"},"content":{"rendered":"<p>Dab\u012bgie ekstrakti un e\u013c\u013cas baro un mitrina \u0101du. Maig\u0101 tekst\u016bra liek aizmirst par pils\u0113tas burzmu. Neuzb\u0101z\u012bgs un smalks arom\u0101ts sniedz harmoniju un labu noska\u0146ojumu.<\/p>\n<p><strong>Akt\u012bv\u0101s sast\u0101vda\u013cas:<\/strong><\/p>\n<ul>\n<li><strong>Feijoa ekstrakts <\/strong>satur C vitam\u012bnu un flavono\u012bdus. Tas atjaunina \u0101du un paaugstina t\u0101s elast\u012bbu.<\/li>\n<li><strong>&Scaron;\u012b sviests<\/strong> baro un atjauno \u0101du, pie&scaron;\u0137irot tai samtainu maigumu. T\u0101 bag\u0101t\u012bgs sast\u0101vs stiprina \u0101das aizsargbarjeru.<\/li>\n<li><strong>Croton Lechleri sve\u0137u ekstraktam (p\u016b\u0137a asinis), moringas ekstraktam, B5, B6, C un E vitam\u012bniem<\/strong> piem\u012bt augsta antioksidanta aktivit\u0101te un tie uzlabo \u0101das barjeras funkcijas.<\/li>\n<\/ul>\n<p><strong>Lieto&scaron;ana:<\/strong> uzkl\u0101t pieni\u0146u uz \u0101das un iemas\u0113t, l\u012bdz tas piln\u012bb\u0101 uzs\u016bcas. Tikai \u0101r\u012bgai lieto&scaron;anai.<br \/>\n&nbsp;<\/p>\n","protected":false},"excerpt":{"rendered":"<p>Dab\u012bgie ekstrakti un e\u013c\u013cas baro un mitrina \u0101du. Maig\u0101 tekst\u016bra liek aizmirst par pils\u0113tas burzmu. Neuzb\u0101z\u012bgs un smalks arom\u0101ts sniedz harmoniju un labu noska\u0146ojumu. Akt\u012bv\u0101s sast\u0101vda\u013cas: Feijoa ekstrakts satur C vitam\u012bnu un flavono\u012bdus. Tas atjaunina \u0101du un paaugstina t\u0101s elast\u012bbu. &Scaron;\u012b sviests baro un atjauno \u0101du, pie&scaron;\u0137irot tai samtainu maigumu. T\u0101 bag\u0101t\u012bgs sast\u0101vs stiprina \u0101das [&#8230;]\n","protected":false},"featured_media":90726,"template":"","meta":[],"product_cat":[1999],"product_tag":[],"class_list":{"0":"post-48615","1":"product","2":"type-product","3":"status-publish","4":"has-post-thumbnail","6":"product_brand-ecolab_cs","7":"product_cat-bez-kategorijas","9":"first","10":"instock","11":"taxable","12":"shipping-taxable","13":"product-type-simple"},"_links":{"self":[{"href":"https:\/\/e.kosmolat.eu\/lv\/wp-json\/wp\/v2\/product\/48615","targetHints":{"allow":["GET"]}}],"collection":[{"href":"https:\/\/e.kosmolat.eu\/lv\/wp-json\/wp\/v2\/product"}],"about":[{"href":"https:\/\/e.kosmolat.eu\/lv\/wp-json\/wp\/v2\/types\/product"}],"wp:featuredmedia":[{"embeddable":true,"href":"https:\/\/e.kosmolat.eu\/lv\/wp-json\/wp\/v2\/media\/90726"}],"wp:attachment":[{"href":"https:\/\/e.kosmolat.eu\/lv\/wp-json\/wp\/v2\/media?parent=48615"}],"wp:term":[{"taxonomy":"product_cat","embeddable":true,"href":"https:\/\/e.kosmolat.eu\/lv\/wp-json\/wp\/v2\/product_cat?post=48615"},{"taxonomy":"product_tag","embeddable":true,"href":"https:\/\/e.kosmolat.eu\/lv\/wp-json\/wp\/v2\/product_tag?post=48615"}],"curies":[{"name":"wp","href":"https:\/\/api.w.org\/{rel}","templated":true}]}}