{"id":48599,"date":"2024-04-04T04:09:17","date_gmt":"2024-04-04T04:09:17","guid":{"rendered":"https:\/\/e.kosmolat.eu\/product\/eclu-roku-un-kermena-kr-nourishing-panthenol-400-ml\/"},"modified":"2026-04-18T12:54:17","modified_gmt":"2026-04-18T12:54:17","slug":"eclu-roku-un-kermena-kr-nourishing-panthenol-400-ml","status":"publish","type":"product","link":"https:\/\/e.kosmolat.eu\/lv\/product\/eclu-roku-un-kermena-kr-nourishing-panthenol-400-ml\/","title":{"rendered":"ECLU Roku un \u0137erme\u0146a kr. Nourishing Panthenol, 400 ml"},"content":{"rendered":"<p>Barojo&scaron;s kr\u0113ms uz dabisko ekstraktu b\u0101zes mitrina un baro dzi\u013cos \u0101das sl\u0101\u0146us. Maig\u0101 tekst\u016bra un akt\u012bv\u0101 formula veicina efekt\u012bvu \u0101das atjauno&scaron;anu. Regul\u0101ri lietojot, \u0101das strukt\u016bra pak\u0101peniski uzlabojas, t\u0101s virsma izl\u012bdzin\u0101s, k\u0101 ar\u012b atjaunojas \u0101das hidrolip\u012bdu l\u012bdzsvars.<\/p>\n<p><strong>Akt\u012bv\u0101s sast\u0101vda\u013cas:<\/strong><\/p>\n<ul>\n<li><strong>Marulas e\u013c\u013ca<\/strong> bag\u0101tina \u0101du ar nepiecie&scaron;amiem mikroelementiem un antioksidantiem, efekt\u012bvi mitrinot \u0101du.<\/li>\n<li><strong>&Scaron;\u012b sviests <\/strong>baro un atjauno \u0101du, pie&scaron;\u0137irot tai samtainu maigumu. T\u0101 bag\u0101t\u012bgs sast\u0101vs stiprina \u0101das aizsargbarjeru.<\/li>\n<li><strong>Pantenols<\/strong> m\u012bkstina, nomierina un atjauno \u013coti sausu un plais\u012bgu \u0101du.<\/li>\n<li><strong>Croton Lechleri sve\u0137u ekstraktam (p\u016b\u0137a asinis), moringas ekstraktam, B5, B6, C un E vitam\u012bniem<\/strong> piem\u012bt augsta antioksidanta aktivit\u0101te un tie uzlabo \u0101das barjeras funkcijas.<\/li>\n<\/ul>\n<p><strong>Lieto&scaron;ana:<\/strong> uzkl\u0101t kr\u0113mu uz \u0101das un iemas\u0113t, l\u012bdz tas piln\u012bb\u0101 uzs\u016bcas. Tikai \u0101r\u012bgai lieto&scaron;anai.<\/p>\n","protected":false},"excerpt":{"rendered":"<p>Barojo&scaron;s kr\u0113ms uz dabisko ekstraktu b\u0101zes mitrina un baro dzi\u013cos \u0101das sl\u0101\u0146us. Maig\u0101 tekst\u016bra un akt\u012bv\u0101 formula veicina efekt\u012bvu \u0101das atjauno&scaron;anu. Regul\u0101ri lietojot, \u0101das strukt\u016bra pak\u0101peniski uzlabojas, t\u0101s virsma izl\u012bdzin\u0101s, k\u0101 ar\u012b atjaunojas \u0101das hidrolip\u012bdu l\u012bdzsvars. Akt\u012bv\u0101s sast\u0101vda\u013cas: Marulas e\u013c\u013ca bag\u0101tina \u0101du ar nepiecie&scaron;amiem mikroelementiem un antioksidantiem, efekt\u012bvi mitrinot \u0101du. &Scaron;\u012b sviests baro un atjauno [&#8230;]\n","protected":false},"featured_media":90718,"template":"","meta":[],"product_cat":[1388],"product_tag":[],"class_list":{"0":"post-48599","1":"product","2":"type-product","3":"status-publish","4":"has-post-thumbnail","6":"product_brand-ecolab_cs","7":"product_cat-kermena-kremi-pienini-sviesti","9":"first","10":"instock","11":"taxable","12":"shipping-taxable","13":"product-type-simple"},"_links":{"self":[{"href":"https:\/\/e.kosmolat.eu\/lv\/wp-json\/wp\/v2\/product\/48599","targetHints":{"allow":["GET"]}}],"collection":[{"href":"https:\/\/e.kosmolat.eu\/lv\/wp-json\/wp\/v2\/product"}],"about":[{"href":"https:\/\/e.kosmolat.eu\/lv\/wp-json\/wp\/v2\/types\/product"}],"wp:featuredmedia":[{"embeddable":true,"href":"https:\/\/e.kosmolat.eu\/lv\/wp-json\/wp\/v2\/media\/90718"}],"wp:attachment":[{"href":"https:\/\/e.kosmolat.eu\/lv\/wp-json\/wp\/v2\/media?parent=48599"}],"wp:term":[{"taxonomy":"product_cat","embeddable":true,"href":"https:\/\/e.kosmolat.eu\/lv\/wp-json\/wp\/v2\/product_cat?post=48599"},{"taxonomy":"product_tag","embeddable":true,"href":"https:\/\/e.kosmolat.eu\/lv\/wp-json\/wp\/v2\/product_tag?post=48599"}],"curies":[{"name":"wp","href":"https:\/\/api.w.org\/{rel}","templated":true}]}}