{"id":48591,"date":"2024-04-04T04:09:05","date_gmt":"2024-04-04T04:09:05","guid":{"rendered":"https:\/\/e.kosmolat.eu\/product\/eclu-kermena-pienins-moisturizing-velvet-skin-100-ml\/"},"modified":"2026-04-11T18:32:33","modified_gmt":"2026-04-11T18:32:33","slug":"eclu-kermena-pienins-moisturizing-velvet-skin-100-ml","status":"publish","type":"product","link":"https:\/\/e.kosmolat.eu\/lv\/product\/eclu-kermena-pienins-moisturizing-velvet-skin-100-ml\/","title":{"rendered":"ECLU \u0136erme\u0146a pieni\u0146\u0161 Moisturizing Velvet Skin, 100 ml"},"content":{"rendered":"<p>Dab\u012bgie ekstrakti un e\u013c\u013cas baro un mitrina \u0101du. Maig\u0101 tekst\u016bra liek aizmirst par pils\u0113tas burzmu. Neuzb\u0101z\u012bgs un smalks arom\u0101ts sniedz harmoniju un labu noska\u0146ojumu.<\/p>\n<p><strong>Akt\u012bv\u0101s sast\u0101vda\u013cas:<\/strong><\/p>\n<ul>\n<li><strong>Z\u012bdkoka ekstrakts<\/strong> maigi kopj sausu un jut\u012bgu \u0101du, un tam ir ilgsto&scaron;a mitrino&scaron;a iedarb\u012bba. Tas pies\u0101tina \u0101das &scaron;\u016bnas ar mitrumu, pal\u012bdz atjaunot elast\u012bbu, saglab\u0101jot jaun\u012bbu.<\/li>\n<li><strong>Avokado e\u013c\u013cai<\/strong> ir dzi\u013ca uzs\u016bk&scaron;an\u0101s sp\u0113ja, t\u0101 baro un atjauno \u0101du, efekt\u012bvi nov\u0113r&scaron;ot sausumu.<\/li>\n<li><strong>Croton Lechleri sve\u0137u ekstraktam (p\u016b\u0137a asinis), moringas ekstraktam, B5, B6, C un E vitam\u012bniem<\/strong> piem\u012bt augsta antioksidanta aktivit\u0101te un tie uzlabo \u0101das barjeras funkcijas.<\/li>\n<\/ul>\n<p><strong>Lieto&scaron;ana: <\/strong>uzkl\u0101t pieni\u0146u uz \u0101das un iemas\u0113t, l\u012bdz tas piln\u012bb\u0101 uzs\u016bcas. Tikai \u0101r\u012bgai lieto&scaron;anai.<\/p>\n","protected":false},"excerpt":{"rendered":"<p>Dab\u012bgie ekstrakti un e\u013c\u013cas baro un mitrina \u0101du. Maig\u0101 tekst\u016bra liek aizmirst par pils\u0113tas burzmu. Neuzb\u0101z\u012bgs un smalks arom\u0101ts sniedz harmoniju un labu noska\u0146ojumu. Akt\u012bv\u0101s sast\u0101vda\u013cas: Z\u012bdkoka ekstrakts maigi kopj sausu un jut\u012bgu \u0101du, un tam ir ilgsto&scaron;a mitrino&scaron;a iedarb\u012bba. Tas pies\u0101tina \u0101das &scaron;\u016bnas ar mitrumu, pal\u012bdz atjaunot elast\u012bbu, saglab\u0101jot jaun\u012bbu. Avokado e\u013c\u013cai ir dzi\u013ca [&#8230;]\n","protected":false},"featured_media":90714,"template":"","meta":[],"product_cat":[1388],"product_tag":[],"class_list":{"0":"post-48591","1":"product","2":"type-product","3":"status-publish","4":"has-post-thumbnail","6":"product_brand-ecolab_cs","7":"product_cat-kermena-kremi-pienini-sviesti","9":"first","10":"instock","11":"taxable","12":"shipping-taxable","13":"product-type-simple"},"_links":{"self":[{"href":"https:\/\/e.kosmolat.eu\/lv\/wp-json\/wp\/v2\/product\/48591","targetHints":{"allow":["GET"]}}],"collection":[{"href":"https:\/\/e.kosmolat.eu\/lv\/wp-json\/wp\/v2\/product"}],"about":[{"href":"https:\/\/e.kosmolat.eu\/lv\/wp-json\/wp\/v2\/types\/product"}],"wp:featuredmedia":[{"embeddable":true,"href":"https:\/\/e.kosmolat.eu\/lv\/wp-json\/wp\/v2\/media\/90714"}],"wp:attachment":[{"href":"https:\/\/e.kosmolat.eu\/lv\/wp-json\/wp\/v2\/media?parent=48591"}],"wp:term":[{"taxonomy":"product_cat","embeddable":true,"href":"https:\/\/e.kosmolat.eu\/lv\/wp-json\/wp\/v2\/product_cat?post=48591"},{"taxonomy":"product_tag","embeddable":true,"href":"https:\/\/e.kosmolat.eu\/lv\/wp-json\/wp\/v2\/product_tag?post=48591"}],"curies":[{"name":"wp","href":"https:\/\/api.w.org\/{rel}","templated":true}]}}