{"id":48583,"date":"2024-04-04T04:07:58","date_gmt":"2024-04-04T04:07:58","guid":{"rendered":"https:\/\/e.kosmolat.eu\/product\/ecl-kermena-skrubis-dr-organic-argana-300-g\/"},"modified":"2026-04-11T18:32:17","modified_gmt":"2026-04-11T18:32:17","slug":"ecl-kermena-skrubis-dr-organic-argana-300-g","status":"publish","type":"product","link":"https:\/\/e.kosmolat.eu\/lv\/product\/ecl-kermena-skrubis-dr-organic-argana-300-g\/","title":{"rendered":"ECL \u0136erme\u0146a skrubis DR Organic Argana, 300 g"},"content":{"rendered":"<p>\u0136erme\u0146a skrubis \u013cauj apvienot efekt\u012bvu un maigu \u0101das att\u012br\u012b&scaron;anu un intens\u012bvu kop&scaron;anu.&nbsp;<\/p>\n<p><strong>Organisk\u0101s sast\u0101vda\u013cas:<\/strong>&nbsp;Organisk\u0101 auksti spiesta argana e\u013c\u013ca ir bag\u0101ta ar nepies\u0101tin\u0101t\u0101m tauksk\u0101b\u0113m un E vitam\u012bnu, kas labv\u0113l\u012bgi ietekm\u0113 \u0101das vesel\u012bbu. E\u013c\u013ca \u0101tri uzs\u016bcas \u0101d\u0101, uzlabojot t\u0101s elast\u012bbu un mitrinot to.<\/p>\n<p><strong>Akt\u012bv\u0101s sast\u0101vda\u013cas:&nbsp;<\/strong><\/p>\n<ul>\n<li><strong>J\u016bras s\u0101ls<\/strong> maigi att\u012bra \u0101du, bag\u0101tina to ar miner\u0101lviel\u0101m un mikroelementiem, aktiviz\u0113 epidermas atjauno&scaron;anos.<\/li>\n<li><strong>Pr\u012bmulas e\u013c\u013ca<\/strong> dzi\u013ci mitrina un m\u012bkstina \u0101du.&nbsp;<\/li>\n<\/ul>\n<p><strong>Lieto&scaron;ana:<\/strong> Uzkl\u0101jiet uz mitras \u0101das, viegli iemas\u0113jiet un noskalojiet ar siltu \u016bdeni. Tikai \u0101r\u012bgai lieto&scaron;anai.<br \/>\n&nbsp;<\/p>\n","protected":false},"excerpt":{"rendered":"<p>\u0136erme\u0146a skrubis \u013cauj apvienot efekt\u012bvu un maigu \u0101das att\u012br\u012b&scaron;anu un intens\u012bvu kop&scaron;anu.&nbsp; Organisk\u0101s sast\u0101vda\u013cas:&nbsp;Organisk\u0101 auksti spiesta argana e\u013c\u013ca ir bag\u0101ta ar nepies\u0101tin\u0101t\u0101m tauksk\u0101b\u0113m un E vitam\u012bnu, kas labv\u0113l\u012bgi ietekm\u0113 \u0101das vesel\u012bbu. E\u013c\u013ca \u0101tri uzs\u016bcas \u0101d\u0101, uzlabojot t\u0101s elast\u012bbu un mitrinot to. Akt\u012bv\u0101s sast\u0101vda\u013cas:&nbsp; J\u016bras s\u0101ls maigi att\u012bra \u0101du, bag\u0101tina to ar miner\u0101lviel\u0101m un mikroelementiem, aktiviz\u0113 [&#8230;]\n","protected":false},"featured_media":90710,"template":"","meta":[],"product_cat":[1357],"product_tag":[],"class_list":{"0":"post-48583","1":"product","2":"type-product","3":"status-publish","4":"has-post-thumbnail","6":"product_brand-ecolab_cs","7":"product_cat-skrubji-un-pilingi-kermenim","9":"first","10":"instock","11":"taxable","12":"shipping-taxable","13":"product-type-simple"},"_links":{"self":[{"href":"https:\/\/e.kosmolat.eu\/lv\/wp-json\/wp\/v2\/product\/48583","targetHints":{"allow":["GET"]}}],"collection":[{"href":"https:\/\/e.kosmolat.eu\/lv\/wp-json\/wp\/v2\/product"}],"about":[{"href":"https:\/\/e.kosmolat.eu\/lv\/wp-json\/wp\/v2\/types\/product"}],"wp:featuredmedia":[{"embeddable":true,"href":"https:\/\/e.kosmolat.eu\/lv\/wp-json\/wp\/v2\/media\/90710"}],"wp:attachment":[{"href":"https:\/\/e.kosmolat.eu\/lv\/wp-json\/wp\/v2\/media?parent=48583"}],"wp:term":[{"taxonomy":"product_cat","embeddable":true,"href":"https:\/\/e.kosmolat.eu\/lv\/wp-json\/wp\/v2\/product_cat?post=48583"},{"taxonomy":"product_tag","embeddable":true,"href":"https:\/\/e.kosmolat.eu\/lv\/wp-json\/wp\/v2\/product_tag?post=48583"}],"curies":[{"name":"wp","href":"https:\/\/api.w.org\/{rel}","templated":true}]}}