{"id":48575,"date":"2024-04-04T04:07:05","date_gmt":"2024-04-04T04:07:05","guid":{"rendered":"https:\/\/e.kosmolat.eu\/product\/ecl-kermena-skrubis-dn-organic-avocado-250-g\/"},"modified":"2026-04-11T18:32:03","modified_gmt":"2026-04-11T18:32:03","slug":"ecl-kermena-skrubis-dn-organic-avocado-250-g","status":"publish","type":"product","link":"https:\/\/e.kosmolat.eu\/lv\/product\/ecl-kermena-skrubis-dn-organic-avocado-250-g\/","title":{"rendered":"ECL \u0136erme\u0146a skrubis DN Organic Avocado, 250 g"},"content":{"rendered":"<p>\u0136erme\u0146a skrubis ar pretcelul\u012bta iedarb\u012bbu padara \u0101du tvirt\u0101ku un elast\u012bg\u0101ku.<\/p>\n<p><strong>Organisk\u0101s sast\u0101vda\u013cas:<\/strong>&nbsp;Organisk\u0101 auksti spiesta avokado e\u013c\u013ca satur vitam\u012bnus un antioksidantus, stimul\u0113 kolag\u0113na izstr\u0101di un atjauno \u0101das barjerfunkcijas. Bag\u0101tin\u0101ta ar B, D, E, F vitam\u012bniem un polinepies\u0101tin\u0101taj\u0101m tauksk\u0101b\u0113m. Efekt\u012bvi baro un m\u012bkstina \u0101du, nov\u0113r&scaron;ot sausumu.<\/p>\n<p><strong>Akt\u012bv\u0101s sast\u0101vda\u013cas:&nbsp;<\/strong><\/p>\n<ul>\n<li><strong>Cukurs <\/strong>maigi att\u012bra \u0101du, bag\u0101tinot to ar miner\u0101liem un mikroelementiem.&nbsp;<\/li>\n<li><strong>Kakao sviests<\/strong>&nbsp;mitrina, m\u012bkstin\u0101 un atjauno \u0101du, palielinot t\u0101s elast\u012bbu un tvirtumu.<\/li>\n<\/ul>\n<p><strong>Lieto&scaron;ana: <\/strong>Uzkl\u0101jiet uz mitras \u0101das, viegli iemas\u0113jiet un noskalojiet ar siltu \u016bdeni. Tikai \u0101r\u012bgai lieto&scaron;anai.<br \/>\n&nbsp;<\/p>\n","protected":false},"excerpt":{"rendered":"<p>\u0136erme\u0146a skrubis ar pretcelul\u012bta iedarb\u012bbu padara \u0101du tvirt\u0101ku un elast\u012bg\u0101ku. Organisk\u0101s sast\u0101vda\u013cas:&nbsp;Organisk\u0101 auksti spiesta avokado e\u013c\u013ca satur vitam\u012bnus un antioksidantus, stimul\u0113 kolag\u0113na izstr\u0101di un atjauno \u0101das barjerfunkcijas. Bag\u0101tin\u0101ta ar B, D, E, F vitam\u012bniem un polinepies\u0101tin\u0101taj\u0101m tauksk\u0101b\u0113m. Efekt\u012bvi baro un m\u012bkstina \u0101du, nov\u0113r&scaron;ot sausumu. Akt\u012bv\u0101s sast\u0101vda\u013cas:&nbsp; Cukurs maigi att\u012bra \u0101du, bag\u0101tinot to ar miner\u0101liem un [&#8230;]\n","protected":false},"featured_media":90706,"template":"","meta":[],"product_cat":[1360],"product_tag":[],"class_list":{"0":"post-48575","1":"product","2":"type-product","3":"status-publish","4":"has-post-thumbnail","6":"product_brand-ecolab_cs","7":"product_cat-1360","9":"first","10":"instock","11":"taxable","12":"shipping-taxable","13":"product-type-simple"},"_links":{"self":[{"href":"https:\/\/e.kosmolat.eu\/lv\/wp-json\/wp\/v2\/product\/48575","targetHints":{"allow":["GET"]}}],"collection":[{"href":"https:\/\/e.kosmolat.eu\/lv\/wp-json\/wp\/v2\/product"}],"about":[{"href":"https:\/\/e.kosmolat.eu\/lv\/wp-json\/wp\/v2\/types\/product"}],"wp:featuredmedia":[{"embeddable":true,"href":"https:\/\/e.kosmolat.eu\/lv\/wp-json\/wp\/v2\/media\/90706"}],"wp:attachment":[{"href":"https:\/\/e.kosmolat.eu\/lv\/wp-json\/wp\/v2\/media?parent=48575"}],"wp:term":[{"taxonomy":"product_cat","embeddable":true,"href":"https:\/\/e.kosmolat.eu\/lv\/wp-json\/wp\/v2\/product_cat?post=48575"},{"taxonomy":"product_tag","embeddable":true,"href":"https:\/\/e.kosmolat.eu\/lv\/wp-json\/wp\/v2\/product_tag?post=48575"}],"curies":[{"name":"wp","href":"https:\/\/api.w.org\/{rel}","templated":true}]}}