{"id":48567,"date":"2024-04-04T04:06:35","date_gmt":"2024-04-04T04:06:35","guid":{"rendered":"https:\/\/e.kosmolat.eu\/product\/ecl-kermena-losjons-dn-organic-avocado-250-ml\/"},"modified":"2026-04-11T18:31:49","modified_gmt":"2026-04-11T18:31:49","slug":"ecl-kermena-losjons-dn-organic-avocado-250-ml","status":"publish","type":"product","link":"https:\/\/e.kosmolat.eu\/lv\/product\/ecl-kermena-losjons-dn-organic-avocado-250-ml\/","title":{"rendered":"ECL \u0136erme\u0146a losjons DN Organic Avocado, 250 ml"},"content":{"rendered":"<p>Dzi\u013ci ies\u016bcas \u0101das sl\u0101\u0146os un pies\u0101tina \u0101du ar dabisk\u0101m un organisk\u0101m sast\u0101vda\u013c\u0101m, uzlabojot \u0101das elast\u012bbu un tvirtumu. \u0100da k\u013c\u016bst z\u012bdaina, gluda, vesel\u012bga un mitrin\u0101ta. Piem\u0113rots visiem \u0101das tipiem. Piem\u0113rots veg\u0101niem.<\/p>\n<p><strong>Organisk\u0101s sast\u0101vda\u013cas:<\/strong>&nbsp;Organisk\u0101 auksti spiesta avokado e\u013c\u013ca satur vitam\u012bnus un antioksidantus, stimul\u0113 kolag\u0113na izstr\u0101di un atjauno \u0101das barjerfunkcijas. Bag\u0101tin\u0101ta ar B, D, E, F vitam\u012bniem un polinepies\u0101tin\u0101taj\u0101m tauksk\u0101b\u0113m. Efekt\u012bvi baro un m\u012bkstina \u0101du, nov\u0113r&scaron;ot sausumu.<\/p>\n<p><strong>Akt\u012bv\u0101s sast\u0101vda\u013cas:&nbsp;<\/strong><\/p>\n<ul>\n<li><strong>Olive\u013c\u013cai<\/strong> ir l\u012bdzsvarots vitam\u012bnu un tauksk\u0101bju sast\u0101vs, kas pies\u0101tina \u0101du ar nepiecie&scaron;amaj\u0101m bar\u012bbas viel\u0101m un pal\u0113nina noveco&scaron;anos procesus, pie&scaron;\u0137irot \u0101dai m\u012bkstumu.&nbsp;<\/li>\n<li><strong>Keram\u012bdi <\/strong>intens\u012bvi mitrina, stiprina un atjauno \u0101das aizsargbarjeru, kas nepiecie&scaron;ams vesel\u012bgai un sp\u012bd\u012bgai \u0101dai.&nbsp;<\/li>\n<li><strong>Hibiska ekstrakts<\/strong> mitrina un m\u012bkstina \u0101du.<\/li>\n<\/ul>\n<p><strong>Lieto&scaron;ana:<\/strong> lietot p\u0113c du&scaron;as vai kad nepiecie&scaron;ams. Tikai \u0101r\u012bgai lieto&scaron;anai.<br \/>\n&nbsp;<\/p>\n","protected":false},"excerpt":{"rendered":"<p>Dzi\u013ci ies\u016bcas \u0101das sl\u0101\u0146os un pies\u0101tina \u0101du ar dabisk\u0101m un organisk\u0101m sast\u0101vda\u013c\u0101m, uzlabojot \u0101das elast\u012bbu un tvirtumu. \u0100da k\u013c\u016bst z\u012bdaina, gluda, vesel\u012bga un mitrin\u0101ta. Piem\u0113rots visiem \u0101das tipiem. Piem\u0113rots veg\u0101niem. Organisk\u0101s sast\u0101vda\u013cas:&nbsp;Organisk\u0101 auksti spiesta avokado e\u013c\u013ca satur vitam\u012bnus un antioksidantus, stimul\u0113 kolag\u0113na izstr\u0101di un atjauno \u0101das barjerfunkcijas. Bag\u0101tin\u0101ta ar B, D, E, F vitam\u012bniem un [&#8230;]\n","protected":false},"featured_media":90702,"template":"","meta":[],"product_cat":[1388],"product_tag":[],"class_list":{"0":"post-48567","1":"product","2":"type-product","3":"status-publish","4":"has-post-thumbnail","6":"product_brand-ecolab_cs","7":"product_cat-kermena-kremi-pienini-sviesti","9":"first","10":"instock","11":"taxable","12":"shipping-taxable","13":"product-type-simple"},"_links":{"self":[{"href":"https:\/\/e.kosmolat.eu\/lv\/wp-json\/wp\/v2\/product\/48567","targetHints":{"allow":["GET"]}}],"collection":[{"href":"https:\/\/e.kosmolat.eu\/lv\/wp-json\/wp\/v2\/product"}],"about":[{"href":"https:\/\/e.kosmolat.eu\/lv\/wp-json\/wp\/v2\/types\/product"}],"wp:featuredmedia":[{"embeddable":true,"href":"https:\/\/e.kosmolat.eu\/lv\/wp-json\/wp\/v2\/media\/90702"}],"wp:attachment":[{"href":"https:\/\/e.kosmolat.eu\/lv\/wp-json\/wp\/v2\/media?parent=48567"}],"wp:term":[{"taxonomy":"product_cat","embeddable":true,"href":"https:\/\/e.kosmolat.eu\/lv\/wp-json\/wp\/v2\/product_cat?post=48567"},{"taxonomy":"product_tag","embeddable":true,"href":"https:\/\/e.kosmolat.eu\/lv\/wp-json\/wp\/v2\/product_tag?post=48567"}],"curies":[{"name":"wp","href":"https:\/\/api.w.org\/{rel}","templated":true}]}}