{"id":48559,"date":"2024-04-04T04:06:20","date_gmt":"2024-04-04T04:06:20","guid":{"rendered":"https:\/\/e.kosmolat.eu\/product\/ecl-kermena-sviests-lf-organic-cannabis-200-ml\/"},"modified":"2026-04-11T18:31:33","modified_gmt":"2026-04-11T18:31:33","slug":"ecl-kermena-sviests-lf-organic-cannabis-200-ml","status":"publish","type":"product","link":"https:\/\/e.kosmolat.eu\/lv\/product\/ecl-kermena-sviests-lf-organic-cannabis-200-ml\/","title":{"rendered":"ECL \u0136erme\u0146a sviests L&#038;F Organic Cannabis, 200 ml"},"content":{"rendered":"<p>Baro \u0101du, palielinot t\u0101s elast\u012bbu un tvirtumu. \u0100da k\u013c\u016bst z\u012bdaina, vesel\u012bga un mitrin\u0101ta. Piem\u0113rots visiem \u0101das tipiem.<\/p>\n<p><strong>Organisk\u0101s sast\u0101vda\u013cas: <\/strong>organisk\u0101 auksti spiesta ka\u0146epju e\u013c\u013ca ir bag\u0101ta ar Omega tauksk\u0101b\u0113m un vitam\u012bniem. Viegla tekst\u016bra \u0101tri uzs\u016bcas \u0101d\u0101, neaizsprosto poras, pies\u0101tina &scaron;\u016bnas ar noder\u012bgiem elementiem un uztur vesel\u012bgu \u0101das barjeru.&nbsp;<\/p>\n<p><strong>Akt\u012bv\u0101s sast\u0101vda\u013cas:<\/strong><\/p>\n<ul>\n<li><strong>&Scaron;\u012b sviests<\/strong> baro un atjauno \u0101du, pie&scaron;\u0137irot tai samtainu maigumu, k\u0101 ar\u012b stiprina \u0101das aizsargbarjeru.<\/li>\n<li><strong>Niacinam\u012bds<\/strong> saglab\u0101 mitrumu \u0101d\u0101, stimul\u0113 kolag\u0113na sint\u0113zi, palielinot \u0101das elast\u012bbu un tvirtumu.<\/li>\n<li><strong>Ingvera e\u013c\u013ca<\/strong> atjauno, savelk, toniz\u0113 un uzlabo \u0101das tekst\u016bru.<\/li>\n<\/ul>\n<p><strong>Lieto&scaron;ana:<\/strong> uzkl\u0101jiet uz t\u012bras \u0101das p\u0113c du&scaron;as vai kad \u0101dai nepiecie&scaron;ama mitrin\u0101&scaron;ana. Tikai \u0101r\u012bgai lieto&scaron;anai.<br \/>\n&nbsp;<\/p>\n","protected":false},"excerpt":{"rendered":"<p>Baro \u0101du, palielinot t\u0101s elast\u012bbu un tvirtumu. \u0100da k\u013c\u016bst z\u012bdaina, vesel\u012bga un mitrin\u0101ta. Piem\u0113rots visiem \u0101das tipiem. Organisk\u0101s sast\u0101vda\u013cas: organisk\u0101 auksti spiesta ka\u0146epju e\u013c\u013ca ir bag\u0101ta ar Omega tauksk\u0101b\u0113m un vitam\u012bniem. Viegla tekst\u016bra \u0101tri uzs\u016bcas \u0101d\u0101, neaizsprosto poras, pies\u0101tina &scaron;\u016bnas ar noder\u012bgiem elementiem un uztur vesel\u012bgu \u0101das barjeru.&nbsp; Akt\u012bv\u0101s sast\u0101vda\u013cas: &Scaron;\u012b sviests baro un atjauno [&#8230;]\n","protected":false},"featured_media":90698,"template":"","meta":[],"product_cat":[1388],"product_tag":[],"class_list":{"0":"post-48559","1":"product","2":"type-product","3":"status-publish","4":"has-post-thumbnail","6":"product_brand-ecolab_cs","7":"product_cat-kermena-kremi-pienini-sviesti","9":"first","10":"instock","11":"taxable","12":"shipping-taxable","13":"product-type-simple"},"_links":{"self":[{"href":"https:\/\/e.kosmolat.eu\/lv\/wp-json\/wp\/v2\/product\/48559","targetHints":{"allow":["GET"]}}],"collection":[{"href":"https:\/\/e.kosmolat.eu\/lv\/wp-json\/wp\/v2\/product"}],"about":[{"href":"https:\/\/e.kosmolat.eu\/lv\/wp-json\/wp\/v2\/types\/product"}],"wp:featuredmedia":[{"embeddable":true,"href":"https:\/\/e.kosmolat.eu\/lv\/wp-json\/wp\/v2\/media\/90698"}],"wp:attachment":[{"href":"https:\/\/e.kosmolat.eu\/lv\/wp-json\/wp\/v2\/media?parent=48559"}],"wp:term":[{"taxonomy":"product_cat","embeddable":true,"href":"https:\/\/e.kosmolat.eu\/lv\/wp-json\/wp\/v2\/product_cat?post=48559"},{"taxonomy":"product_tag","embeddable":true,"href":"https:\/\/e.kosmolat.eu\/lv\/wp-json\/wp\/v2\/product_tag?post=48559"}],"curies":[{"name":"wp","href":"https:\/\/api.w.org\/{rel}","templated":true}]}}