{"id":48551,"date":"2024-04-04T04:05:39","date_gmt":"2024-04-04T04:05:39","guid":{"rendered":"https:\/\/e.kosmolat.eu\/product\/ecl-kermena-sviests-dr-organic-argana-200-ml\/"},"modified":"2026-04-11T18:31:21","modified_gmt":"2026-04-11T18:31:21","slug":"ecl-kermena-sviests-dr-organic-argana-200-ml","status":"publish","type":"product","link":"https:\/\/e.kosmolat.eu\/lv\/product\/ecl-kermena-sviests-dr-organic-argana-200-ml\/","title":{"rendered":"ECL \u0136erme\u0146a sviests DR Organic Argana, 200 ml"},"content":{"rendered":"<p>Baro \u0101du, palielinot t\u0101s elast\u012bbu un tvirtumu. \u0100da k\u013c\u016bst z\u012bdaina, vesel\u012bga un mitrin\u0101ta. Piem\u0113rots visiem \u0101das tipiem.<\/p>\n<p><strong>Organisk\u0101s sast\u0101vda\u013cas:<\/strong>&nbsp;Organisk\u0101 auksti spiesta argana e\u013c\u013ca ir bag\u0101ta ar nepies\u0101tin\u0101t\u0101m tauksk\u0101b\u0113m un E vitam\u012bnu, kas labv\u0113l\u012bgi ietekm\u0113 \u0101das vesel\u012bbu. E\u013c\u013ca \u0101tri uzs\u016bcas \u0101d\u0101, uzlabojot t\u0101s elast\u012bbu un mitrinot to.<\/p>\n<p><strong>Akt\u012bv\u0101s sast\u0101vda\u013cas:<\/strong><\/p>\n<ul>\n<li><strong>&Scaron;\u012b sviests<\/strong> baro un atjauno \u0101du, pie&scaron;\u0137irot tai samtainu maigumu, k\u0101 ar\u012b stiprina \u0101das aizsargbarjeru.<\/li>\n<li><strong>Makad\u0101mijas e\u013c\u013ca<\/strong> m\u012bkstina un dzi\u013ci mitrina \u0101du, bag\u0101tinot to ar vitam\u012bniem.<\/li>\n<\/ul>\n<p><strong>Lieto&scaron;ana:<\/strong> uzkl\u0101jiet uz t\u012bras \u0101das p\u0113c du&scaron;as vai kad \u0101dai nepiecie&scaron;ama mitrin\u0101&scaron;ana. Tikai \u0101r\u012bgai lieto&scaron;anai.<br \/>\n&nbsp;<\/p>\n","protected":false},"excerpt":{"rendered":"<p>Baro \u0101du, palielinot t\u0101s elast\u012bbu un tvirtumu. \u0100da k\u013c\u016bst z\u012bdaina, vesel\u012bga un mitrin\u0101ta. Piem\u0113rots visiem \u0101das tipiem. Organisk\u0101s sast\u0101vda\u013cas:&nbsp;Organisk\u0101 auksti spiesta argana e\u013c\u013ca ir bag\u0101ta ar nepies\u0101tin\u0101t\u0101m tauksk\u0101b\u0113m un E vitam\u012bnu, kas labv\u0113l\u012bgi ietekm\u0113 \u0101das vesel\u012bbu. E\u013c\u013ca \u0101tri uzs\u016bcas \u0101d\u0101, uzlabojot t\u0101s elast\u012bbu un mitrinot to. Akt\u012bv\u0101s sast\u0101vda\u013cas: &Scaron;\u012b sviests baro un atjauno \u0101du, pie&scaron;\u0137irot [&#8230;]\n","protected":false},"featured_media":90694,"template":"","meta":[],"product_cat":[1388],"product_tag":[],"class_list":{"0":"post-48551","1":"product","2":"type-product","3":"status-publish","4":"has-post-thumbnail","6":"product_brand-ecolab_cs","7":"product_cat-kermena-kremi-pienini-sviesti","9":"first","10":"instock","11":"taxable","12":"shipping-taxable","13":"product-type-simple"},"_links":{"self":[{"href":"https:\/\/e.kosmolat.eu\/lv\/wp-json\/wp\/v2\/product\/48551","targetHints":{"allow":["GET"]}}],"collection":[{"href":"https:\/\/e.kosmolat.eu\/lv\/wp-json\/wp\/v2\/product"}],"about":[{"href":"https:\/\/e.kosmolat.eu\/lv\/wp-json\/wp\/v2\/types\/product"}],"wp:featuredmedia":[{"embeddable":true,"href":"https:\/\/e.kosmolat.eu\/lv\/wp-json\/wp\/v2\/media\/90694"}],"wp:attachment":[{"href":"https:\/\/e.kosmolat.eu\/lv\/wp-json\/wp\/v2\/media?parent=48551"}],"wp:term":[{"taxonomy":"product_cat","embeddable":true,"href":"https:\/\/e.kosmolat.eu\/lv\/wp-json\/wp\/v2\/product_cat?post=48551"},{"taxonomy":"product_tag","embeddable":true,"href":"https:\/\/e.kosmolat.eu\/lv\/wp-json\/wp\/v2\/product_tag?post=48551"}],"curies":[{"name":"wp","href":"https:\/\/api.w.org\/{rel}","templated":true}]}}