{"id":48543,"date":"2024-04-04T04:05:21","date_gmt":"2024-04-04T04:05:21","guid":{"rendered":"https:\/\/e.kosmolat.eu\/product\/ecl-baby-bernu-krems-ikdienas-kopsanai-0-100-ml\/"},"modified":"2026-04-15T10:01:26","modified_gmt":"2026-04-15T10:01:26","slug":"ecl-baby-bernu-krems-ikdienas-kopsanai-0-100-ml","status":"publish","type":"product","link":"https:\/\/e.kosmolat.eu\/lv\/product\/ecl-baby-bernu-krems-ikdienas-kopsanai-0-100-ml\/","title":{"rendered":"ECL Baby B\u0113rnu kr\u0113ms ikdienas kop\u0161anai 0+, 100 ml"},"content":{"rendered":"<p>Jut\u012bgas \u0101das ikdienas kop&scaron;anai mazu\u013ciem no dzim&scaron;anas. Efekt\u012bvi mitrina, nomierina, aizsarg\u0101 un nov\u0113r&scaron; sausas \u0101das lob\u012b&scaron;anos.<\/p>\n<ul>\n<li><strong>Ol\u012bvu ekstrakts<\/strong> satur E vitam\u012bnu un nepies\u0101tin\u0101t\u0101s tauksk\u0101bes, intens\u012bvi mitrina, baro un m\u012bkstina \u0101du.<\/li>\n<li><strong>Kumel\u012b&scaron;u ekstrakts<\/strong> <strong>un bisabolols<\/strong> nomierina kairin\u0101jumiem pak\u013cautu \u0101du.<\/li>\n<\/ul>\n<p><strong>Lieto&scaron;ana:<\/strong> uzkl\u0101t uz sausas t\u012bras \u0101das. Tikai \u0101r\u012bgai lieto&scaron;anai. Uzglab\u0101t b\u0113rniem nepieejam\u0101 viet\u0101.<br \/>\n&nbsp;<\/p>\n","protected":false},"excerpt":{"rendered":"<p>Jut\u012bgas \u0101das ikdienas kop&scaron;anai mazu\u013ciem no dzim&scaron;anas. Efekt\u012bvi mitrina, nomierina, aizsarg\u0101 un nov\u0113r&scaron; sausas \u0101das lob\u012b&scaron;anos. Ol\u012bvu ekstrakts satur E vitam\u012bnu un nepies\u0101tin\u0101t\u0101s tauksk\u0101bes, intens\u012bvi mitrina, baro un m\u012bkstina \u0101du. Kumel\u012b&scaron;u ekstrakts un bisabolols nomierina kairin\u0101jumiem pak\u013cautu \u0101du. Lieto&scaron;ana: uzkl\u0101t uz sausas t\u012bras \u0101das. Tikai \u0101r\u012bgai lieto&scaron;anai. Uzglab\u0101t b\u0113rniem nepieejam\u0101 viet\u0101. &nbsp;<\/p>\n","protected":false},"featured_media":90690,"template":"","meta":[],"product_cat":[1999],"product_tag":[],"class_list":{"0":"post-48543","1":"product","2":"type-product","3":"status-publish","4":"has-post-thumbnail","6":"product_brand-ecolab_cs","7":"product_cat-bez-kategorijas","9":"first","10":"instock","11":"taxable","12":"shipping-taxable","13":"product-type-simple"},"_links":{"self":[{"href":"https:\/\/e.kosmolat.eu\/lv\/wp-json\/wp\/v2\/product\/48543","targetHints":{"allow":["GET"]}}],"collection":[{"href":"https:\/\/e.kosmolat.eu\/lv\/wp-json\/wp\/v2\/product"}],"about":[{"href":"https:\/\/e.kosmolat.eu\/lv\/wp-json\/wp\/v2\/types\/product"}],"wp:featuredmedia":[{"embeddable":true,"href":"https:\/\/e.kosmolat.eu\/lv\/wp-json\/wp\/v2\/media\/90690"}],"wp:attachment":[{"href":"https:\/\/e.kosmolat.eu\/lv\/wp-json\/wp\/v2\/media?parent=48543"}],"wp:term":[{"taxonomy":"product_cat","embeddable":true,"href":"https:\/\/e.kosmolat.eu\/lv\/wp-json\/wp\/v2\/product_cat?post=48543"},{"taxonomy":"product_tag","embeddable":true,"href":"https:\/\/e.kosmolat.eu\/lv\/wp-json\/wp\/v2\/product_tag?post=48543"}],"curies":[{"name":"wp","href":"https:\/\/api.w.org\/{rel}","templated":true}]}}