{"id":48535,"date":"2024-04-04T04:05:06","date_gmt":"2024-04-04T04:05:06","guid":{"rendered":"https:\/\/e.kosmolat.eu\/product\/ecl-baby-kerm-pienins-berniem-daily-care-3-150-ml\/"},"modified":"2025-09-20T03:12:14","modified_gmt":"2025-09-20T03:12:14","slug":"i_ecl-baby-kerm-pienins-berniem-daily-care-3-150-ml","status":"publish","type":"product","link":"https:\/\/e.kosmolat.eu\/lv\/product\/i_ecl-baby-kerm-pienins-berniem-daily-care-3-150-ml\/","title":{"rendered":"I_ECL Baby \u0136erm. pieni\u0146\u0161 b\u0113rniem Daily Care 3+, 150 ml"},"content":{"rendered":"<p>Ikdienas jut\u012bg\u0101s mazu\u013ca un m\u0101mi\u0146as \u0101das kop&scaron;anai. Efekt\u012bvi mitrina sausu \u0101du, pal\u012bdzot nomierin\u0101t un aizsarg\u0101t \u0101du. Kli\u0146\u0123er\u012b&scaron;u ekstrakts labv\u0113l\u012bgi iedarbojas uz jut\u012bgu un kairin\u0101jumiem pak\u013cautu \u0101du. Pantenols baro un m\u012bkstina \u0101du, nodro&scaron;inot kop&scaron;anu un aizsardz\u012bbu.<\/p>\n<p><strong>Lieto&scaron;ana:<\/strong> uzkl\u0101t uz sausas t\u012bras \u0101das. Tikai \u0101r\u012bgai lieto&scaron;anai. Uzglab\u0101t b\u0113rniem nepieejam\u0101 viet\u0101.<br \/>\n&nbsp;<\/p>\n","protected":false},"excerpt":{"rendered":"<p>Ikdienas jut\u012bg\u0101s mazu\u013ca un m\u0101mi\u0146as \u0101das kop&scaron;anai. Efekt\u012bvi mitrina sausu \u0101du, pal\u012bdzot nomierin\u0101t un aizsarg\u0101t \u0101du. Kli\u0146\u0123er\u012b&scaron;u ekstrakts labv\u0113l\u012bgi iedarbojas uz jut\u012bgu un kairin\u0101jumiem pak\u013cautu \u0101du. Pantenols baro un m\u012bkstina \u0101du, nodro&scaron;inot kop&scaron;anu un aizsardz\u012bbu. Lieto&scaron;ana: uzkl\u0101t uz sausas t\u012bras \u0101das. Tikai \u0101r\u012bgai lieto&scaron;anai. Uzglab\u0101t b\u0113rniem nepieejam\u0101 viet\u0101. &nbsp;<\/p>\n","protected":false},"featured_media":90686,"template":"","meta":[],"product_cat":[2181],"product_tag":[],"class_list":{"0":"post-48535","1":"product","2":"type-product","3":"status-publish","4":"has-post-thumbnail","6":"product_brand-ecolab_cs","7":"product_cat-bez-kategorijas-lt","9":"first","10":"outofstock","11":"taxable","12":"shipping-taxable","13":"product-type-simple"},"_links":{"self":[{"href":"https:\/\/e.kosmolat.eu\/lv\/wp-json\/wp\/v2\/product\/48535","targetHints":{"allow":["GET"]}}],"collection":[{"href":"https:\/\/e.kosmolat.eu\/lv\/wp-json\/wp\/v2\/product"}],"about":[{"href":"https:\/\/e.kosmolat.eu\/lv\/wp-json\/wp\/v2\/types\/product"}],"wp:featuredmedia":[{"embeddable":true,"href":"https:\/\/e.kosmolat.eu\/lv\/wp-json\/wp\/v2\/media\/90686"}],"wp:attachment":[{"href":"https:\/\/e.kosmolat.eu\/lv\/wp-json\/wp\/v2\/media?parent=48535"}],"wp:term":[{"taxonomy":"product_cat","embeddable":true,"href":"https:\/\/e.kosmolat.eu\/lv\/wp-json\/wp\/v2\/product_cat?post=48535"},{"taxonomy":"product_tag","embeddable":true,"href":"https:\/\/e.kosmolat.eu\/lv\/wp-json\/wp\/v2\/product_tag?post=48535"}],"curies":[{"name":"wp","href":"https:\/\/api.w.org\/{rel}","templated":true}]}}