{"id":48527,"date":"2024-04-04T04:04:52","date_gmt":"2024-04-04T04:04:52","guid":{"rendered":"https:\/\/e.kosmolat.eu\/product\/ecl-baby-bernu-krems-zem-autinbiksitem-ar-cinku-0-ecolatier-100-ml\/"},"modified":"2025-09-20T03:11:59","modified_gmt":"2025-09-20T03:11:59","slug":"i_ecl-baby-bernu-krems-zem-autinbiksitem-ar-cinku-0-ecolatier-100-ml","status":"publish","type":"product","link":"https:\/\/e.kosmolat.eu\/lv\/product\/i_ecl-baby-bernu-krems-zem-autinbiksitem-ar-cinku-0-ecolatier-100-ml\/","title":{"rendered":"I_ECL Baby B\u0113rnu kr\u0113ms zem auti\u0146biks\u012bt\u0113m ar cinku 0+, Ecolatier, 100 ml"},"content":{"rendered":"<p>B\u0113rnu kr\u0113ms ar cinku aizsarg\u0101 un nomierina mazu\u013ca maigo \u0101du, nov\u0113r&scaron; auti\u0146biks\u012b&scaron;u izsitumus un diskomfortu. Dabisk\u0101 formula, kas izstr\u0101d\u0101ta, lai samazin\u0101tu aler\u0123isku reakciju risku, nesatur sast\u0101vda\u013cas, par kur\u0101m b\u016btu j\u0101uztraucas. Piem\u0113rots b\u0113rniem no dzim&scaron;anas.<\/p>\n<ul>\n<li><strong>Cinka oks\u012bds<\/strong> veido aizsargsl\u0101ni, mazina aps\u0101rtumu un auti\u0146biks\u012b&scaron;u izsitumus.&nbsp;<\/li>\n<li><strong>Kumel\u012b&scaron;u ekstrakts<\/strong> nomierina \u0101du un pasarg\u0101 to no kairin\u0101juma .<\/li>\n<li><strong>&Scaron;\u012b sviests<\/strong> baro un m\u012bkstina jut\u012bgu \u0101du, stiprinot t\u0101s barjerfunkcijas.<\/li>\n<\/ul>\n<p><strong>Lieto&scaron;ana: <\/strong>uzkl\u0101t uz t\u012bras sausas \u0101das.Tikai \u0101r\u012bgai lieto&scaron;anai. Uzglab\u0101t b\u0113rniem nepieejam\u0101 viet\u0101.<br \/>\n&nbsp;<\/p>\n","protected":false},"excerpt":{"rendered":"<p>B\u0113rnu kr\u0113ms ar cinku aizsarg\u0101 un nomierina mazu\u013ca maigo \u0101du, nov\u0113r&scaron; auti\u0146biks\u012b&scaron;u izsitumus un diskomfortu. Dabisk\u0101 formula, kas izstr\u0101d\u0101ta, lai samazin\u0101tu aler\u0123isku reakciju risku, nesatur sast\u0101vda\u013cas, par kur\u0101m b\u016btu j\u0101uztraucas. Piem\u0113rots b\u0113rniem no dzim&scaron;anas. Cinka oks\u012bds veido aizsargsl\u0101ni, mazina aps\u0101rtumu un auti\u0146biks\u012b&scaron;u izsitumus.&nbsp; Kumel\u012b&scaron;u ekstrakts nomierina \u0101du un pasarg\u0101 to no kairin\u0101juma . &Scaron;\u012b sviests [&#8230;]\n","protected":false},"featured_media":90682,"template":"","meta":[],"product_cat":[1999],"product_tag":[],"class_list":{"0":"post-48527","1":"product","2":"type-product","3":"status-publish","4":"has-post-thumbnail","6":"product_brand-ecolab_cs","7":"product_cat-bez-kategorijas","9":"first","10":"outofstock","11":"taxable","12":"shipping-taxable","13":"product-type-simple"},"_links":{"self":[{"href":"https:\/\/e.kosmolat.eu\/lv\/wp-json\/wp\/v2\/product\/48527","targetHints":{"allow":["GET"]}}],"collection":[{"href":"https:\/\/e.kosmolat.eu\/lv\/wp-json\/wp\/v2\/product"}],"about":[{"href":"https:\/\/e.kosmolat.eu\/lv\/wp-json\/wp\/v2\/types\/product"}],"wp:featuredmedia":[{"embeddable":true,"href":"https:\/\/e.kosmolat.eu\/lv\/wp-json\/wp\/v2\/media\/90682"}],"wp:attachment":[{"href":"https:\/\/e.kosmolat.eu\/lv\/wp-json\/wp\/v2\/media?parent=48527"}],"wp:term":[{"taxonomy":"product_cat","embeddable":true,"href":"https:\/\/e.kosmolat.eu\/lv\/wp-json\/wp\/v2\/product_cat?post=48527"},{"taxonomy":"product_tag","embeddable":true,"href":"https:\/\/e.kosmolat.eu\/lv\/wp-json\/wp\/v2\/product_tag?post=48527"}],"curies":[{"name":"wp","href":"https:\/\/api.w.org\/{rel}","templated":true}]}}