{"id":48519,"date":"2024-04-04T04:04:00","date_gmt":"2024-04-04T04:04:00","guid":{"rendered":"https:\/\/e.kosmolat.eu\/product\/ecl-pretcelulita-kerm-skrubis-lf-organic-cannabis-300-g\/"},"modified":"2026-04-15T10:01:12","modified_gmt":"2026-04-15T10:01:12","slug":"ecl-pretcelulita-kerm-skrubis-lf-organic-cannabis-300-g","status":"publish","type":"product","link":"https:\/\/e.kosmolat.eu\/lv\/product\/ecl-pretcelulita-kerm-skrubis-lf-organic-cannabis-300-g\/","title":{"rendered":"ECL Pretcelul\u012bta \u0137erm. skrubis L&#038;F Organic Cannabis, 300 g"},"content":{"rendered":"<p>\u0136erme\u0146a skrubis ar pretcelul\u012bta iedarb\u012bbu padara \u0101du tvirt\u0101ku un elast\u012bg\u0101ku.<\/p>\n<p><strong>Organisk\u0101s sast\u0101vda\u013cas:<\/strong> \u041erganisk\u0101 auksti spiesta ka\u0146epju e\u013c\u013ca ir bag\u0101ta ar Omega tauksk\u0101b\u0113m un vitam\u012bniem. Viegla tekst\u016bra \u0101tri uzs\u016bcas \u0101d\u0101, neaizsprosto poras, pies\u0101tina &scaron;\u016bnas ar noder\u012bgiem elementiem un uztur vesel\u012bgu \u0101das barjeru. Ka\u0146epju e\u013c\u013cu izmanto \u0137erme\u0146a kop&scaron;anai, jo t\u0101 aizsarg\u0101 &scaron;\u016bnas no nelabv\u0113l\u012bga klimata, dehidrat\u0101cijas un pies\u0101r\u0146ojuma.<\/p>\n<p><strong>Akt\u012bv\u0101s sast\u0101vda\u013cas:&nbsp;<\/strong><\/p>\n<ul>\n<li><strong>J\u016bras s\u0101ls<\/strong> maigi att\u012bra \u0101du, bag\u0101tina to ar miner\u0101lviel\u0101m un mikroelementiem, aktiviz\u0113 epidermas atjauno&scaron;anos.<\/li>\n<li><strong>Kofe\u012bns un ingvera pulveris<\/strong> atjauno, stiprina, toniz\u0113 un uzlabo \u0101das reljefu.<\/li>\n<\/ul>\n<p><strong>Lieto&scaron;ana:<\/strong> Uzkl\u0101jiet uz mitras \u0101das, viegli iemas\u0113jiet un noskalojiet ar siltu \u016bdeni. Tikai \u0101r\u012bgai lieto&scaron;anai.<br \/>\n&nbsp;<\/p>\n","protected":false},"excerpt":{"rendered":"<p>\u0136erme\u0146a skrubis ar pretcelul\u012bta iedarb\u012bbu padara \u0101du tvirt\u0101ku un elast\u012bg\u0101ku. Organisk\u0101s sast\u0101vda\u013cas: \u041erganisk\u0101 auksti spiesta ka\u0146epju e\u013c\u013ca ir bag\u0101ta ar Omega tauksk\u0101b\u0113m un vitam\u012bniem. Viegla tekst\u016bra \u0101tri uzs\u016bcas \u0101d\u0101, neaizsprosto poras, pies\u0101tina &scaron;\u016bnas ar noder\u012bgiem elementiem un uztur vesel\u012bgu \u0101das barjeru. Ka\u0146epju e\u013c\u013cu izmanto \u0137erme\u0146a kop&scaron;anai, jo t\u0101 aizsarg\u0101 &scaron;\u016bnas no nelabv\u0113l\u012bga klimata, dehidrat\u0101cijas un [&#8230;]\n","protected":false},"featured_media":90678,"template":"","meta":[],"product_cat":[1999],"product_tag":[],"class_list":{"0":"post-48519","1":"product","2":"type-product","3":"status-publish","4":"has-post-thumbnail","6":"product_brand-ecolab_cs","7":"product_cat-bez-kategorijas","9":"first","10":"instock","11":"taxable","12":"shipping-taxable","13":"product-type-simple"},"_links":{"self":[{"href":"https:\/\/e.kosmolat.eu\/lv\/wp-json\/wp\/v2\/product\/48519","targetHints":{"allow":["GET"]}}],"collection":[{"href":"https:\/\/e.kosmolat.eu\/lv\/wp-json\/wp\/v2\/product"}],"about":[{"href":"https:\/\/e.kosmolat.eu\/lv\/wp-json\/wp\/v2\/types\/product"}],"wp:featuredmedia":[{"embeddable":true,"href":"https:\/\/e.kosmolat.eu\/lv\/wp-json\/wp\/v2\/media\/90678"}],"wp:attachment":[{"href":"https:\/\/e.kosmolat.eu\/lv\/wp-json\/wp\/v2\/media?parent=48519"}],"wp:term":[{"taxonomy":"product_cat","embeddable":true,"href":"https:\/\/e.kosmolat.eu\/lv\/wp-json\/wp\/v2\/product_cat?post=48519"},{"taxonomy":"product_tag","embeddable":true,"href":"https:\/\/e.kosmolat.eu\/lv\/wp-json\/wp\/v2\/product_tag?post=48519"}],"curies":[{"name":"wp","href":"https:\/\/api.w.org\/{rel}","templated":true}]}}