{"id":48495,"date":"2024-04-04T04:03:18","date_gmt":"2024-04-04T04:03:18","guid":{"rendered":"https:\/\/e.kosmolat.eu\/product\/modo-sejas-krems-ar-niacinamidu-5-50-g\/"},"modified":"2025-09-20T02:38:21","modified_gmt":"2025-09-20T02:38:21","slug":"modo-sejas-krems-ar-niacinamidu-5-50-g","status":"publish","type":"product","link":"https:\/\/e.kosmolat.eu\/lv\/product\/modo-sejas-krems-ar-niacinamidu-5-50-g\/","title":{"rendered":"MODO Sejas kr\u0113ms ar Niacinam\u012bdu 5%, 50 g"},"content":{"rendered":"<p>B3 vitam\u012bns nov\u0113r&scaron; mitruma zudumu, stimul\u0113jot keram\u012bdu sint\u0113zi. Regul\u0113 sebuma veido&scaron;anos un savelk poras. Samazina grumbu par\u0101d\u012b&scaron;anos, stimul\u0113jot kolag\u0113na izstr\u0101di. Samazina \u0101das pigment\u0101ciju un aizsarg\u0101 pret pies\u0101r\u0146ojumu.<\/p>\n<p><strong>Akt\u012bv\u0101s vielas:<\/strong><\/p>\n<ul>\n<li>Kokosriekstu e\u013c\u013ca<\/li>\n<li>Niacinam\u012bds<\/li>\n<li>Za\u013c\u0101s kafijas ekstrakts<\/li>\n<li>Gran\u0101t\u0101bolu ekstrakts<\/li>\n<\/ul>\n<p>Uzglab\u0101t temperat\u016br\u0101 no +5 &deg;\u0421 l\u012bdz +25 &deg;\u0421.<br \/>\n&nbsp;<\/p>\n","protected":false},"excerpt":{"rendered":"<p>B3 vitam\u012bns nov\u0113r&scaron; mitruma zudumu, stimul\u0113jot keram\u012bdu sint\u0113zi. Regul\u0113 sebuma veido&scaron;anos un savelk poras. Samazina grumbu par\u0101d\u012b&scaron;anos, stimul\u0113jot kolag\u0113na izstr\u0101di. Samazina \u0101das pigment\u0101ciju un aizsarg\u0101 pret pies\u0101r\u0146ojumu. Akt\u012bv\u0101s vielas: Kokosriekstu e\u013c\u013ca Niacinam\u012bds Za\u013c\u0101s kafijas ekstrakts Gran\u0101t\u0101bolu ekstrakts Uzglab\u0101t temperat\u016br\u0101 no +5 &deg;\u0421 l\u012bdz +25 &deg;\u0421. &nbsp;<\/p>\n","protected":false},"featured_media":90154,"template":"","meta":[],"product_cat":[1320],"product_tag":[],"class_list":{"0":"post-48495","1":"product","2":"type-product","3":"status-publish","4":"has-post-thumbnail","6":"product_brand-modum_by","7":"product_cat-sejas-kremi","9":"first","10":"outofstock","11":"taxable","12":"shipping-taxable","13":"product-type-simple"},"_links":{"self":[{"href":"https:\/\/e.kosmolat.eu\/lv\/wp-json\/wp\/v2\/product\/48495","targetHints":{"allow":["GET"]}}],"collection":[{"href":"https:\/\/e.kosmolat.eu\/lv\/wp-json\/wp\/v2\/product"}],"about":[{"href":"https:\/\/e.kosmolat.eu\/lv\/wp-json\/wp\/v2\/types\/product"}],"wp:featuredmedia":[{"embeddable":true,"href":"https:\/\/e.kosmolat.eu\/lv\/wp-json\/wp\/v2\/media\/90154"}],"wp:attachment":[{"href":"https:\/\/e.kosmolat.eu\/lv\/wp-json\/wp\/v2\/media?parent=48495"}],"wp:term":[{"taxonomy":"product_cat","embeddable":true,"href":"https:\/\/e.kosmolat.eu\/lv\/wp-json\/wp\/v2\/product_cat?post=48495"},{"taxonomy":"product_tag","embeddable":true,"href":"https:\/\/e.kosmolat.eu\/lv\/wp-json\/wp\/v2\/product_tag?post=48495"}],"curies":[{"name":"wp","href":"https:\/\/api.w.org\/{rel}","templated":true}]}}