{"id":48401,"date":"2024-04-03T04:00:26","date_gmt":"2024-04-03T04:00:26","guid":{"rendered":"https:\/\/e.kosmolat.eu\/product\/i_effect-trojnoj-higienisks-lidzeklis-pec-skusanas-180-ml\/"},"modified":"2025-07-08T15:24:59","modified_gmt":"2025-07-08T15:24:59","slug":"i_effect-trojnoj-higienisks-lidzeklis-pec-skusanas-180-ml","status":"publish","type":"product","link":"https:\/\/e.kosmolat.eu\/lv\/product\/i_effect-trojnoj-higienisks-lidzeklis-pec-skusanas-180-ml\/","title":{"rendered":"I_EFFECT Trojnoj Higi\u0113nisks l\u012bdzeklis p\u0113c sk\u016b\u0161an\u0101s, 180 ml"},"content":{"rendered":"<p>Higi\u0113nisks l\u012bdzeklis p\u0113c sk\u016b\u0161an\u0101s.<\/p>\n<p><strong>Lieto\u0161ana:<\/strong> nelielu losjona daudzumu uzkl\u0101t uz plaukst\u0101m un vienm\u0113r\u012bgi sadal\u012bt uz \u0101das uzreiz p\u0113c sk\u016b\u0161an\u0101s.<br \/>\nIzvair\u012bties no saskares ar ac\u012bm.<\/p>\n<p>Etilspirta tilpuma da\u013ca, tilp. %, 31,0 &plusmn; 1.&nbsp;<br \/>\nUzglab\u0101\u0161anas temperat\u016bra no +5&deg;\u0421 l\u012bdz +25&deg;\u0421.<br \/>\nRa\u017eo\u0161anas datums\/Partijas Nr.\/Ieteicams l\u012bdz: skat. uz flakona.&nbsp;<br \/>\n&nbsp;<\/p>\n","protected":false},"excerpt":{"rendered":"<p>Higi\u0113nisks l\u012bdzeklis p\u0113c sk\u016b\u0161an\u0101s. Lieto\u0161ana: nelielu losjona daudzumu uzkl\u0101t uz plaukst\u0101m un vienm\u0113r\u012bgi sadal\u012bt uz \u0101das uzreiz p\u0113c sk\u016b\u0161an\u0101s. Izvair\u012bties no saskares ar ac\u012bm. Etilspirta tilpuma da\u013ca, tilp. %, 31,0 &plusmn; 1.&nbsp; Uzglab\u0101\u0161anas temperat\u016bra no +5&deg;\u0421 l\u012bdz +25&deg;\u0421. Ra\u017eo\u0161anas datums\/Partijas Nr.\/Ieteicams l\u012bdz: skat. uz flakona.&nbsp; &nbsp;<\/p>\n","protected":false},"featured_media":48405,"template":"","meta":[],"product_cat":[1315],"product_tag":[],"class_list":{"0":"post-48401","1":"product","2":"type-product","3":"status-publish","4":"has-post-thumbnail","6":"product_brand-effekt_ua","7":"product_cat-odekoloni-un-losjoni","9":"first","10":"outofstock","11":"taxable","12":"shipping-taxable","13":"product-type-simple"},"_links":{"self":[{"href":"https:\/\/e.kosmolat.eu\/lv\/wp-json\/wp\/v2\/product\/48401","targetHints":{"allow":["GET"]}}],"collection":[{"href":"https:\/\/e.kosmolat.eu\/lv\/wp-json\/wp\/v2\/product"}],"about":[{"href":"https:\/\/e.kosmolat.eu\/lv\/wp-json\/wp\/v2\/types\/product"}],"wp:featuredmedia":[{"embeddable":true,"href":"https:\/\/e.kosmolat.eu\/lv\/wp-json\/wp\/v2\/media\/48405"}],"wp:attachment":[{"href":"https:\/\/e.kosmolat.eu\/lv\/wp-json\/wp\/v2\/media?parent=48401"}],"wp:term":[{"taxonomy":"product_cat","embeddable":true,"href":"https:\/\/e.kosmolat.eu\/lv\/wp-json\/wp\/v2\/product_cat?post=48401"},{"taxonomy":"product_tag","embeddable":true,"href":"https:\/\/e.kosmolat.eu\/lv\/wp-json\/wp\/v2\/product_tag?post=48401"}],"curies":[{"name":"wp","href":"https:\/\/api.w.org\/{rel}","templated":true}]}}