{"id":48391,"date":"2024-04-01T04:55:34","date_gmt":"2024-04-01T04:55:34","guid":{"rendered":"https:\/\/e.kosmolat.eu\/product\/viorica-essentielle-spilvena-sprejs-100-ml\/"},"modified":"2026-04-23T07:36:32","modified_gmt":"2026-04-23T07:36:32","slug":"viorica-essentielle-spilvena-sprejs-100-ml","status":"publish","type":"product","link":"https:\/\/e.kosmolat.eu\/lv\/product\/viorica-essentielle-spilvena-sprejs-100-ml\/","title":{"rendered":"VIORICA ESSENTIELLE Spilvena sprejs, 100 ml"},"content":{"rendered":"<p>\u012apa&scaron;i izstr\u0101d\u0101ta formula ar lavandas, kumel\u012b&scaron;u, rozmar\u012bna, \u0123er\u0101nijas, salvijas, timi\u0101na un eikalipta \u0113terisko e\u013c\u013cu kombin\u0101ciju ar aromterapeitisk\u0101m \u012bpa&scaron;\u012bb\u0101m. Samazina trauksmi un stresu, veicina iemig&scaron;anu un nodro&scaron;ina vesel\u012bgu miegu.&nbsp;<\/p>\n<p><strong>Lieto&scaron;ana:<\/strong> izsmidzin\u0101t uz spilvena un gultas ve\u013cas 5-10 min\u016btes pirms gul\u0113tie&scaron;anas. Nav test\u0113ts uz dz\u012bvniekiem.<\/p>\n<p>Uzglab\u0101t t&deg; no +5 &deg;\u0421 l\u012bdz +25 &deg;\u0421, sarg\u0101jot no tie&scaron;iem saules stariem. P\u0113c atv\u0113r&scaron;anas izletot 12 m\u0113n. laik\u0101.&nbsp;<\/p>\n","protected":false},"excerpt":{"rendered":"<p>\u012apa&scaron;i izstr\u0101d\u0101ta formula ar lavandas, kumel\u012b&scaron;u, rozmar\u012bna, \u0123er\u0101nijas, salvijas, timi\u0101na un eikalipta \u0113terisko e\u013c\u013cu kombin\u0101ciju ar aromterapeitisk\u0101m \u012bpa&scaron;\u012bb\u0101m. Samazina trauksmi un stresu, veicina iemig&scaron;anu un nodro&scaron;ina vesel\u012bgu miegu.&nbsp; Lieto&scaron;ana: izsmidzin\u0101t uz spilvena un gultas ve\u013cas 5-10 min\u016btes pirms gul\u0113tie&scaron;anas. Nav test\u0113ts uz dz\u012bvniekiem. Uzglab\u0101t t&deg; no +5 &deg;\u0421 l\u012bdz +25 &deg;\u0421, sarg\u0101jot no tie&scaron;iem saules [&#8230;]\n","protected":false},"featured_media":91938,"template":"","meta":[],"product_cat":[2181],"product_tag":[],"class_list":{"0":"post-48391","1":"product","2":"type-product","3":"status-publish","4":"has-post-thumbnail","6":"product_brand-viorica-cosmeplant_bg","7":"product_cat-bez-kategorijas-lt","9":"first","10":"instock","11":"taxable","12":"shipping-taxable","13":"product-type-simple"},"_links":{"self":[{"href":"https:\/\/e.kosmolat.eu\/lv\/wp-json\/wp\/v2\/product\/48391","targetHints":{"allow":["GET"]}}],"collection":[{"href":"https:\/\/e.kosmolat.eu\/lv\/wp-json\/wp\/v2\/product"}],"about":[{"href":"https:\/\/e.kosmolat.eu\/lv\/wp-json\/wp\/v2\/types\/product"}],"wp:featuredmedia":[{"embeddable":true,"href":"https:\/\/e.kosmolat.eu\/lv\/wp-json\/wp\/v2\/media\/91938"}],"wp:attachment":[{"href":"https:\/\/e.kosmolat.eu\/lv\/wp-json\/wp\/v2\/media?parent=48391"}],"wp:term":[{"taxonomy":"product_cat","embeddable":true,"href":"https:\/\/e.kosmolat.eu\/lv\/wp-json\/wp\/v2\/product_cat?post=48391"},{"taxonomy":"product_tag","embeddable":true,"href":"https:\/\/e.kosmolat.eu\/lv\/wp-json\/wp\/v2\/product_tag?post=48391"}],"curies":[{"name":"wp","href":"https:\/\/api.w.org\/{rel}","templated":true}]}}