{"id":48383,"date":"2024-04-01T04:55:13","date_gmt":"2024-04-01T04:55:13","guid":{"rendered":"https:\/\/e.kosmolat.eu\/product\/cosmeplant-viriesu-losjons-pec-skus-klasiskais-100-ml\/"},"modified":"2026-04-10T05:54:22","modified_gmt":"2026-04-10T05:54:22","slug":"cosmeplant-viriesu-losjons-pec-skus-klasiskais-100-ml","status":"publish","type":"product","link":"https:\/\/e.kosmolat.eu\/lv\/product\/cosmeplant-viriesu-losjons-pec-skus-klasiskais-100-ml\/","title":{"rendered":"Cosmeplant V\u012brie\u0161u losjons p\u0113c sk\u016b\u0161. Klasiskais, 100 ml"},"content":{"rendered":"<p>Produkts ar ozola mizas un Moldovas bazilika ekstraktiem v\u012brie&scaron;u \u0101das toniz\u0113&scaron;anai. Maigi kopj v\u012brie&scaron;u \u0101du, pie&scaron;\u0137irot tai gludu un koptu izskatu. Bag\u0101t\u012bgais klasiskais arom\u0101ts pie&scaron;\u0137ir svaiguma un komforta saj\u016btu.<\/p>\n<p><strong>Lieto&scaron;ana: <\/strong>uzkl\u0101t pietiekamu daudzumu losjona uz sejas un kakla uzreiz p\u0113c sk\u016b&scaron;an\u0101s.<\/p>\n<p>Uzglab\u0101t t&deg; no +5 &deg;\u0421 l\u012bdz +25 &deg;\u0421, sarg\u0101jot no tie&scaron;iem saules stariem.<\/p>\n<p><strong>Der\u012bguma termi\u0146&scaron;: <\/strong>36 m\u0113n.&nbsp;<\/p>\n","protected":false},"excerpt":{"rendered":"<p>Produkts ar ozola mizas un Moldovas bazilika ekstraktiem v\u012brie&scaron;u \u0101das toniz\u0113&scaron;anai. Maigi kopj v\u012brie&scaron;u \u0101du, pie&scaron;\u0137irot tai gludu un koptu izskatu. Bag\u0101t\u012bgais klasiskais arom\u0101ts pie&scaron;\u0137ir svaiguma un komforta saj\u016btu. Lieto&scaron;ana: uzkl\u0101t pietiekamu daudzumu losjona uz sejas un kakla uzreiz p\u0113c sk\u016b&scaron;an\u0101s. Uzglab\u0101t t&deg; no +5 &deg;\u0421 l\u012bdz +25 &deg;\u0421, sarg\u0101jot no tie&scaron;iem saules stariem. Der\u012bguma [&#8230;]\n","protected":false},"featured_media":91934,"template":"","meta":[],"product_cat":[1680],"product_tag":[],"class_list":{"0":"post-48383","1":"product","2":"type-product","3":"status-publish","4":"has-post-thumbnail","6":"product_brand-viorica-cosmeplant_bg","7":"product_cat-skusanas-kosmetika","9":"first","10":"instock","11":"taxable","12":"shipping-taxable","13":"product-type-simple"},"_links":{"self":[{"href":"https:\/\/e.kosmolat.eu\/lv\/wp-json\/wp\/v2\/product\/48383","targetHints":{"allow":["GET"]}}],"collection":[{"href":"https:\/\/e.kosmolat.eu\/lv\/wp-json\/wp\/v2\/product"}],"about":[{"href":"https:\/\/e.kosmolat.eu\/lv\/wp-json\/wp\/v2\/types\/product"}],"wp:featuredmedia":[{"embeddable":true,"href":"https:\/\/e.kosmolat.eu\/lv\/wp-json\/wp\/v2\/media\/91934"}],"wp:attachment":[{"href":"https:\/\/e.kosmolat.eu\/lv\/wp-json\/wp\/v2\/media?parent=48383"}],"wp:term":[{"taxonomy":"product_cat","embeddable":true,"href":"https:\/\/e.kosmolat.eu\/lv\/wp-json\/wp\/v2\/product_cat?post=48383"},{"taxonomy":"product_tag","embeddable":true,"href":"https:\/\/e.kosmolat.eu\/lv\/wp-json\/wp\/v2\/product_tag?post=48383"}],"curies":[{"name":"wp","href":"https:\/\/api.w.org\/{rel}","templated":true}]}}